{"id":366598,"date":"2024-06-12T10:07:05","date_gmt":"2024-06-12T10:07:05","guid":{"rendered":"https:\/\/www.glassfilms.eu\/new\/?post_type=product&#038;p=366598"},"modified":"2024-11-21T12:43:44","modified_gmt":"2024-11-21T12:43:44","slug":"sx-9000-clear-waters","status":"publish","type":"product","link":"https:\/\/staging.glassfilms.eu\/de\/produkt\/glasfolien\/patterned-window-film\/striped-window-film\/sx-9000-klares-wasser\/","title":{"rendered":"SX-9000 Klare Gew\u00e4sser"},"content":{"rendered":"","protected":false},"excerpt":{"rendered":"<p>Clear Waters Transluzente klare (farblose) gepr\u00e4gte Vinylfolie. Das Muster verl\u00e4uft \u00fcber die gesamte L\u00e4nge der Rolle. Vertikal verlegt. Bei horizontaler Verlegung sieht es aus wie Meereswellen. Ideal, um die direkte Sicht halb zu verdecken und gleichzeitig eine gute Lichtdurchl\u00e4ssigkeit zu gew\u00e4hrleisten.<\/p>","protected":false},"featured_media":366717,"template":"","meta":{"_acf_changed":false},"product_brand":[],"product_cat":[305,301,659,306,307,303],"product_tag":[],"class_list":{"0":"post-366598","1":"product","2":"type-product","3":"status-publish","4":"has-post-thumbnail","6":"product_cat-frosted-window-film","7":"product_cat-glass-films","8":"product_cat-patterned-frost-window-films","9":"product_cat-patterned-window-film","10":"product_cat-striped-window-film","11":"product_cat-textured-window-film","12":"pa_brand-solyx","14":"first","15":"onbackorder","16":"taxable","17":"shipping-taxable","18":"purchasable","19":"product-type-variable","20":"has-default-attributes"},"acf":[],"_links":{"self":[{"href":"https:\/\/staging.glassfilms.eu\/de\/wp-json\/wp\/v2\/product\/366598","targetHints":{"allow":["GET"]}}],"collection":[{"href":"https:\/\/staging.glassfilms.eu\/de\/wp-json\/wp\/v2\/product"}],"about":[{"href":"https:\/\/staging.glassfilms.eu\/de\/wp-json\/wp\/v2\/types\/product"}],"version-history":[{"count":1,"href":"https:\/\/staging.glassfilms.eu\/de\/wp-json\/wp\/v2\/product\/366598\/revisions"}],"predecessor-version":[{"id":380048,"href":"https:\/\/staging.glassfilms.eu\/de\/wp-json\/wp\/v2\/product\/366598\/revisions\/380048"}],"wp:featuredmedia":[{"embeddable":true,"href":"https:\/\/staging.glassfilms.eu\/de\/wp-json\/wp\/v2\/media\/366717"}],"wp:attachment":[{"href":"https:\/\/staging.glassfilms.eu\/de\/wp-json\/wp\/v2\/media?parent=366598"}],"wp:term":[{"taxonomy":"product_brand","embeddable":true,"href":"https:\/\/staging.glassfilms.eu\/de\/wp-json\/wp\/v2\/product_brand?post=366598"},{"taxonomy":"product_cat","embeddable":true,"href":"https:\/\/staging.glassfilms.eu\/de\/wp-json\/wp\/v2\/product_cat?post=366598"},{"taxonomy":"product_tag","embeddable":true,"href":"https:\/\/staging.glassfilms.eu\/de\/wp-json\/wp\/v2\/product_tag?post=366598"}],"curies":[{"name":"wp","href":"https:\/\/api.w.org\/{rel}","templated":true}]}}