{"id":366604,"date":"2024-06-12T10:07:05","date_gmt":"2024-06-12T10:07:05","guid":{"rendered":"https:\/\/www.glassfilms.eu\/new\/?post_type=product&#038;p=366604"},"modified":"2024-11-21T14:46:15","modified_gmt":"2024-11-21T14:46:15","slug":"sxwf-sm-silver-matte","status":"publish","type":"product","link":"https:\/\/staging.glassfilms.eu\/de\/produkt\/glasfolien\/frosted-window-film\/simple-frost\/sxwf-sm-silber-matt-2\/","title":{"rendered":"SXWF-SM Silber matt"},"content":{"rendered":"","protected":false},"excerpt":{"rendered":"<p>Die Folie SXWF-SM Silver Matte ist f\u00fcr die Anbringung auf Innenverglasungen, Einzel- oder Doppelscheiben und Au\u00dfenverglasungen vorgesehen. Hergestellt aus haltbarem Polyester mit einer silbernen reflektierenden Oberfl\u00e4che auf der Klebeseite und einer matten nicht reflektierenden Oberfl\u00e4che auf der nicht klebenden Seite.<\/p>","protected":false},"featured_media":366745,"template":"","meta":{"_acf_changed":false},"product_brand":[],"product_cat":[305,301,23],"product_tag":[],"class_list":{"0":"post-366604","1":"product","2":"type-product","3":"status-publish","4":"has-post-thumbnail","6":"product_cat-frosted-window-film","7":"product_cat-glass-films","8":"product_cat-simple-frost","9":"pa_brand-solyx","11":"first","12":"onbackorder","13":"taxable","14":"shipping-taxable","15":"purchasable","16":"product-type-variable","17":"has-default-attributes"},"acf":[],"_links":{"self":[{"href":"https:\/\/staging.glassfilms.eu\/de\/wp-json\/wp\/v2\/product\/366604","targetHints":{"allow":["GET"]}}],"collection":[{"href":"https:\/\/staging.glassfilms.eu\/de\/wp-json\/wp\/v2\/product"}],"about":[{"href":"https:\/\/staging.glassfilms.eu\/de\/wp-json\/wp\/v2\/types\/product"}],"version-history":[{"count":1,"href":"https:\/\/staging.glassfilms.eu\/de\/wp-json\/wp\/v2\/product\/366604\/revisions"}],"predecessor-version":[{"id":383572,"href":"https:\/\/staging.glassfilms.eu\/de\/wp-json\/wp\/v2\/product\/366604\/revisions\/383572"}],"wp:featuredmedia":[{"embeddable":true,"href":"https:\/\/staging.glassfilms.eu\/de\/wp-json\/wp\/v2\/media\/366745"}],"wp:attachment":[{"href":"https:\/\/staging.glassfilms.eu\/de\/wp-json\/wp\/v2\/media?parent=366604"}],"wp:term":[{"taxonomy":"product_brand","embeddable":true,"href":"https:\/\/staging.glassfilms.eu\/de\/wp-json\/wp\/v2\/product_brand?post=366604"},{"taxonomy":"product_cat","embeddable":true,"href":"https:\/\/staging.glassfilms.eu\/de\/wp-json\/wp\/v2\/product_cat?post=366604"},{"taxonomy":"product_tag","embeddable":true,"href":"https:\/\/staging.glassfilms.eu\/de\/wp-json\/wp\/v2\/product_tag?post=366604"}],"curies":[{"name":"wp","href":"https:\/\/api.w.org\/{rel}","templated":true}]}}