{"id":366709,"date":"2024-06-12T10:07:28","date_gmt":"2024-06-12T10:07:28","guid":{"rendered":"https:\/\/www.glassfilms.eu\/new\/?post_type=product&#038;p=366709"},"modified":"2024-12-03T10:48:42","modified_gmt":"2024-12-03T10:48:42","slug":"sx-6050-antique-gold-mirror","status":"publish","type":"product","link":"https:\/\/staging.glassfilms.eu\/de\/produkt\/glasfolien\/frosted-window-film\/opaque-window-films\/sx-6050-antique-gold-mirror\/","title":{"rendered":"SX-6050 Antik-Gold-Spiegel"},"content":{"rendered":"<p><span style=\"font-weight: 400;\">Unsere 'SX-'-codierten strukturierten Fensterfolien, auch bekannt als Solyx, umfassen das umfangreichste Sortiment aller unserer Produktkategorien. <\/span><span style=\"font-weight: 400;\">Zu den Texturen, die mit Solyx erzielt werden k\u00f6nnen, geh\u00f6ren antikes Spiegelglas, farbiges Glas, Baumwolle, ge\u00e4tztes Glas, mattiertes Glas, Mosaik und geriffeltes Glas. Sie finden aber auch zahlreiche Fensterfolien mit Spezialeffekten, die Ihrem Fensterglas ein schillerndes Farbspektakel verleihen k\u00f6nnen. <\/span><span style=\"font-weight: 400;\">Es gibt unbegrenzte Gestaltungsm\u00f6glichkeiten f\u00fcr allgemeines Glas, Fensterglas, Spiegelglas und sogar Wandverkleidungen.\u00a0<\/span><\/p>\n<p><span style=\"font-weight: 400;\">Hier bei <\/span><a href=\"https:\/\/staging.glassfilms.eu\/de\/\"><span style=\"font-weight: 400;\">Glas-Folien<\/span><\/a><span style=\"font-weight: 400;\">Unsere SX-Fensterfolien k\u00f6nnen genau auf Ihre Bed\u00fcrfnisse in Bezug auf Ihre Umgebung und Ihre allgemeinen Anforderungen, wie z. B. verbesserter Sichtschutz oder visuelle Effekte, abgestimmt werden.\u00a0 <\/span><span style=\"font-weight: 400;\">Leicht aufzutragen und zu entfernen, unser <\/span><a href=\"https:\/\/staging.glassfilms.eu\/de\/?s=sx-&amp;post_type=product\"><span style=\"font-weight: 400;\">Solyx strukturierte Fensterfolien<\/span><\/a><span style=\"font-weight: 400;\"> sind auch kosteng\u00fcnstig und praktisch f\u00fcr jedes Innenarchitekturprojekt.<\/span><\/p>","protected":false},"excerpt":{"rendered":"<div class=\"page\" title=\"Seite 1\">\n<div class=\"section\">\n<div class=\"layoutArea\">\n<div class=\"column\">\n<p>SX-6050 Antique Gold Mirror ist eine goldfarbene, spiegelnde, dekorative Polyesterfolie mit einem dekorativen, antiken Design. Sie eignet sich perfekt f\u00fcr den Sichtschutz oder als dekoratives Overlay auf vorhandenem Glas, um antike Spiegel zu simulieren. Sie ist f\u00fcr die Installation auf Glas vorgesehen, um eine undurchsichtige, antik aussehende Spiegeloberfl\u00e4che zu schaffen.<\/p>\n<\/div>\n<\/div>\n<\/div>\n<\/div>","protected":false},"featured_media":366845,"template":"","meta":{"_acf_changed":false},"product_brand":[],"product_cat":[788,301,309],"product_tag":[790,791],"class_list":{"0":"post-366709","1":"product","2":"type-product","3":"status-publish","4":"has-post-thumbnail","6":"product_cat-antique-vintage-window-films","7":"product_cat-glass-films","8":"product_cat-opaque-window-films","9":"product_tag-antique","10":"product_tag-gold","11":"pa_brand-solyx","13":"first","14":"instock","15":"taxable","16":"shipping-taxable","17":"purchasable","18":"product-type-variable","19":"has-default-attributes"},"acf":[],"_links":{"self":[{"href":"https:\/\/staging.glassfilms.eu\/de\/wp-json\/wp\/v2\/product\/366709","targetHints":{"allow":["GET"]}}],"collection":[{"href":"https:\/\/staging.glassfilms.eu\/de\/wp-json\/wp\/v2\/product"}],"about":[{"href":"https:\/\/staging.glassfilms.eu\/de\/wp-json\/wp\/v2\/types\/product"}],"version-history":[{"count":1,"href":"https:\/\/staging.glassfilms.eu\/de\/wp-json\/wp\/v2\/product\/366709\/revisions"}],"predecessor-version":[{"id":384380,"href":"https:\/\/staging.glassfilms.eu\/de\/wp-json\/wp\/v2\/product\/366709\/revisions\/384380"}],"wp:featuredmedia":[{"embeddable":true,"href":"https:\/\/staging.glassfilms.eu\/de\/wp-json\/wp\/v2\/media\/366845"}],"wp:attachment":[{"href":"https:\/\/staging.glassfilms.eu\/de\/wp-json\/wp\/v2\/media?parent=366709"}],"wp:term":[{"taxonomy":"product_brand","embeddable":true,"href":"https:\/\/staging.glassfilms.eu\/de\/wp-json\/wp\/v2\/product_brand?post=366709"},{"taxonomy":"product_cat","embeddable":true,"href":"https:\/\/staging.glassfilms.eu\/de\/wp-json\/wp\/v2\/product_cat?post=366709"},{"taxonomy":"product_tag","embeddable":true,"href":"https:\/\/staging.glassfilms.eu\/de\/wp-json\/wp\/v2\/product_tag?post=366709"}],"curies":[{"name":"wp","href":"https:\/\/api.w.org\/{rel}","templated":true}]}}