{"id":366807,"date":"2024-06-12T10:07:50","date_gmt":"2024-06-12T10:07:50","guid":{"rendered":"https:\/\/www.glassfilms.eu\/new\/?post_type=product&#038;p=366807"},"modified":"2024-11-22T15:24:27","modified_gmt":"2024-11-22T15:24:27","slug":"sxj-0581-symmetric-fine-dot-gradient","status":"publish","type":"product","link":"https:\/\/staging.glassfilms.eu\/de\/produkt\/glasfolien\/gradient-window-film\/60-high-gradient-films\/sxj-0581-symmetrisch-feiner-punkt-verlauf\/","title":{"rendered":"SXJ-0581 Symmetrischer feiner Punktverlauf"},"content":{"rendered":"","protected":false},"excerpt":{"rendered":"<p>SXJ-0581 Symmetrischer Feinpunkt-Verlauf. Die Abstufung geht von einem durchscheinenden, matten Wei\u00df zu einem klaren Farbton in Form von feinen Punkten; eine \u00dcberblendung in zwei Richtungen, bestehend aus Punkten. In der Mitte undurchsichtig, dann durchsichtig. Konzipiert f\u00fcr den Sichtschutz auf Augenh\u00f6he.<\/p>","protected":false},"featured_media":366969,"template":"","meta":{"_acf_changed":false},"product_brand":[],"product_cat":[311,310],"product_tag":[],"class_list":{"0":"post-366807","1":"product","2":"type-product","3":"status-publish","4":"has-post-thumbnail","6":"product_cat-60-high-gradient-films","7":"product_cat-gradient-window-film","8":"pa_brand-solyx","10":"first","11":"onbackorder","12":"taxable","13":"shipping-taxable","14":"purchasable","15":"product-type-variable","16":"has-default-attributes"},"acf":[],"_links":{"self":[{"href":"https:\/\/staging.glassfilms.eu\/de\/wp-json\/wp\/v2\/product\/366807","targetHints":{"allow":["GET"]}}],"collection":[{"href":"https:\/\/staging.glassfilms.eu\/de\/wp-json\/wp\/v2\/product"}],"about":[{"href":"https:\/\/staging.glassfilms.eu\/de\/wp-json\/wp\/v2\/types\/product"}],"version-history":[{"count":1,"href":"https:\/\/staging.glassfilms.eu\/de\/wp-json\/wp\/v2\/product\/366807\/revisions"}],"predecessor-version":[{"id":383523,"href":"https:\/\/staging.glassfilms.eu\/de\/wp-json\/wp\/v2\/product\/366807\/revisions\/383523"}],"wp:featuredmedia":[{"embeddable":true,"href":"https:\/\/staging.glassfilms.eu\/de\/wp-json\/wp\/v2\/media\/366969"}],"wp:attachment":[{"href":"https:\/\/staging.glassfilms.eu\/de\/wp-json\/wp\/v2\/media?parent=366807"}],"wp:term":[{"taxonomy":"product_brand","embeddable":true,"href":"https:\/\/staging.glassfilms.eu\/de\/wp-json\/wp\/v2\/product_brand?post=366807"},{"taxonomy":"product_cat","embeddable":true,"href":"https:\/\/staging.glassfilms.eu\/de\/wp-json\/wp\/v2\/product_cat?post=366807"},{"taxonomy":"product_tag","embeddable":true,"href":"https:\/\/staging.glassfilms.eu\/de\/wp-json\/wp\/v2\/product_tag?post=366807"}],"curies":[{"name":"wp","href":"https:\/\/api.w.org\/{rel}","templated":true}]}}