{"id":366821,"date":"2024-06-12T10:08:18","date_gmt":"2024-06-12T10:08:18","guid":{"rendered":"https:\/\/www.glassfilms.eu\/new\/?post_type=product&#038;p=366821"},"modified":"2024-11-22T16:30:12","modified_gmt":"2024-11-22T16:30:12","slug":"sxj-0547-feather-gradient","status":"publish","type":"product","link":"https:\/\/staging.glassfilms.eu\/de\/produkt\/glasfolien\/gradient-window-film\/71-high-gradient-films\/sxj-0547-feder-gradient-2\/","title":{"rendered":"SXJ-0547 Feder Farbverlauf"},"content":{"rendered":"","protected":false},"excerpt":{"rendered":"<p>SXJ-0547 Feder-Farbverlauf. Ein einfacher, federartiger Farbverlauf von wei\u00df nach klar. Hervorragend geeignet f\u00fcr Halbprivatisierung bei gleichzeitig hervorragender Lichtdurchl\u00e4ssigkeit. Das Design kann an der Unterseite dieser Folie erweitert werden, indem man <a href=\"https:\/\/staging.glassfilms.eu\/de\/produkt\/solyx-decorative-films\/gradient-window-film\/60-high-gradient-films\/sxj-0567-einfarbig-weis-2\/\">SXJ-0567 Einfarbig Wei\u00df<\/a>.<\/p>","protected":false},"featured_media":366992,"template":"","meta":{"_acf_changed":false},"product_brand":[],"product_cat":[312,310],"product_tag":[],"class_list":{"0":"post-366821","1":"product","2":"type-product","3":"status-publish","4":"has-post-thumbnail","6":"product_cat-71-high-gradient-films","7":"product_cat-gradient-window-film","8":"pa_brand-solyx","10":"first","11":"onbackorder","12":"taxable","13":"shipping-taxable","14":"purchasable","15":"product-type-variable","16":"has-default-attributes"},"acf":[],"_links":{"self":[{"href":"https:\/\/staging.glassfilms.eu\/de\/wp-json\/wp\/v2\/product\/366821","targetHints":{"allow":["GET"]}}],"collection":[{"href":"https:\/\/staging.glassfilms.eu\/de\/wp-json\/wp\/v2\/product"}],"about":[{"href":"https:\/\/staging.glassfilms.eu\/de\/wp-json\/wp\/v2\/types\/product"}],"version-history":[{"count":1,"href":"https:\/\/staging.glassfilms.eu\/de\/wp-json\/wp\/v2\/product\/366821\/revisions"}],"predecessor-version":[{"id":383514,"href":"https:\/\/staging.glassfilms.eu\/de\/wp-json\/wp\/v2\/product\/366821\/revisions\/383514"}],"wp:featuredmedia":[{"embeddable":true,"href":"https:\/\/staging.glassfilms.eu\/de\/wp-json\/wp\/v2\/media\/366992"}],"wp:attachment":[{"href":"https:\/\/staging.glassfilms.eu\/de\/wp-json\/wp\/v2\/media?parent=366821"}],"wp:term":[{"taxonomy":"product_brand","embeddable":true,"href":"https:\/\/staging.glassfilms.eu\/de\/wp-json\/wp\/v2\/product_brand?post=366821"},{"taxonomy":"product_cat","embeddable":true,"href":"https:\/\/staging.glassfilms.eu\/de\/wp-json\/wp\/v2\/product_cat?post=366821"},{"taxonomy":"product_tag","embeddable":true,"href":"https:\/\/staging.glassfilms.eu\/de\/wp-json\/wp\/v2\/product_tag?post=366821"}],"curies":[{"name":"wp","href":"https:\/\/api.w.org\/{rel}","templated":true}]}}