{"id":366911,"date":"2024-06-12T10:08:40","date_gmt":"2024-06-12T10:08:40","guid":{"rendered":"https:\/\/www.glassfilms.eu\/new\/?post_type=product&#038;p=366911"},"modified":"2024-11-19T18:43:44","modified_gmt":"2024-11-19T18:43:44","slug":"sx-1262-1-4-reeded-glass","status":"publish","type":"product","link":"https:\/\/staging.glassfilms.eu\/de\/produkt\/glasfolien\/patterned-window-film\/striped-window-film\/sx-1262-1-4-reeded-glass-2\/","title":{"rendered":"SX-1262 1\/4\u2033-Rohrglas"},"content":{"rendered":"","protected":false},"excerpt":{"rendered":"<p>Die Klebefolie SX-1262 Reeded Glass simuliert echtes Schilfglas. Die B\u00e4nder sind 1\/4\u2033 breit und die Richtung des Schilfbandes verl\u00e4uft vertikal \u00fcber die gesamte L\u00e4nge der Rolle. Die H\u00f6he des Schilfbandes wird durch die L\u00e4nge des bestellten Materials bestimmt.<\/p>\n<p><b>Dieser Film hat eine horizontale, inh\u00e4rente, sehr feine Musterwiederholung etwa alle 13\u2033\/330mm.<\/b><\/p>\n<p>Konzipiert f\u00fcr die Anwendung auf Innenverglasung, Einzel- oder Doppelscheiben und Au\u00dfenverglasung. Die Gesamtnenndicke betr\u00e4gt 2,5mil. <strong>Diese Folie ist mit einer durchsichtigen Silikonabdeckung versehen, die vor der Montage entfernt werden muss.<\/strong>\u00a0Diese Folie wird mit denselben Werkzeugen und Techniken wie Fensterfolien angebracht.<\/p>","protected":false},"featured_media":368501,"template":"","meta":{"_acf_changed":false},"product_brand":[],"product_cat":[306,377,307,303],"product_tag":[],"class_list":{"0":"post-366911","1":"product","2":"type-product","3":"status-publish","4":"has-post-thumbnail","6":"product_cat-patterned-window-film","7":"product_cat-retro-window-films","8":"product_cat-striped-window-film","9":"product_cat-textured-window-film","10":"pa_brand-simglas","12":"first","13":"instock","14":"featured","15":"taxable","16":"shipping-taxable","17":"purchasable","18":"product-type-variable","19":"has-default-attributes"},"acf":[],"_links":{"self":[{"href":"https:\/\/staging.glassfilms.eu\/de\/wp-json\/wp\/v2\/product\/366911","targetHints":{"allow":["GET"]}}],"collection":[{"href":"https:\/\/staging.glassfilms.eu\/de\/wp-json\/wp\/v2\/product"}],"about":[{"href":"https:\/\/staging.glassfilms.eu\/de\/wp-json\/wp\/v2\/types\/product"}],"version-history":[{"count":1,"href":"https:\/\/staging.glassfilms.eu\/de\/wp-json\/wp\/v2\/product\/366911\/revisions"}],"predecessor-version":[{"id":384106,"href":"https:\/\/staging.glassfilms.eu\/de\/wp-json\/wp\/v2\/product\/366911\/revisions\/384106"}],"wp:featuredmedia":[{"embeddable":true,"href":"https:\/\/staging.glassfilms.eu\/de\/wp-json\/wp\/v2\/media\/368501"}],"wp:attachment":[{"href":"https:\/\/staging.glassfilms.eu\/de\/wp-json\/wp\/v2\/media?parent=366911"}],"wp:term":[{"taxonomy":"product_brand","embeddable":true,"href":"https:\/\/staging.glassfilms.eu\/de\/wp-json\/wp\/v2\/product_brand?post=366911"},{"taxonomy":"product_cat","embeddable":true,"href":"https:\/\/staging.glassfilms.eu\/de\/wp-json\/wp\/v2\/product_cat?post=366911"},{"taxonomy":"product_tag","embeddable":true,"href":"https:\/\/staging.glassfilms.eu\/de\/wp-json\/wp\/v2\/product_tag?post=366911"}],"curies":[{"name":"wp","href":"https:\/\/api.w.org\/{rel}","templated":true}]}}