{"id":366912,"date":"2024-06-12T10:08:40","date_gmt":"2024-06-12T10:08:40","guid":{"rendered":"https:\/\/www.glassfilms.eu\/new\/?post_type=product&#038;p=366912"},"modified":"2024-11-19T16:27:55","modified_gmt":"2024-11-19T16:27:55","slug":"sx-1264-reeded-glass-olive-green","status":"publish","type":"product","link":"https:\/\/staging.glassfilms.eu\/de\/produkt\/glasfolien\/patterned-window-film\/striped-window-film\/sx-1264-schilf-glas-oliv-grun-2\/","title":{"rendered":"SX-1264 Schilfrohrglas olivgr\u00fcn"},"content":{"rendered":"","protected":false},"excerpt":{"rendered":"<p>SX-1264 Reeded Glass Olive Green Klebefolie simuliert echtes Schilfglas. Die B\u00e4nder sind 1\/2\u2033 breit und die Richtung des Schilfbandes verl\u00e4uft \u00fcber die gesamte L\u00e4nge der Rolle. Die H\u00f6he des Schilfbandes wird durch die L\u00e4nge des bestellten Materials bestimmt.\u00a0<b>Dieser Film hat eine horizontale, inh\u00e4rente, sehr feine Musterwiederholung alle 12\u2033\/300mm.<\/b><\/p>\n<p>Konzipiert f\u00fcr die Anwendung auf Innenverglasung, Einzel- oder Doppelscheiben und Au\u00dfenverglasung. Die Gesamtnenndicke betr\u00e4gt 2,5mil. <strong>Diese Folie ist mit einer durchsichtigen Silikonabdeckung versehen, die vor der Montage entfernt werden muss.<\/strong>\u00a0Diese Folie wird mit denselben Werkzeugen und Techniken wie Fensterfolien angebracht.<\/p>","protected":false},"featured_media":368423,"template":"","meta":{"_acf_changed":false},"product_brand":[],"product_cat":[302,304,301,306,377,307,303],"product_tag":[],"class_list":{"0":"post-366912","1":"product","2":"type-product","3":"status-publish","4":"has-post-thumbnail","6":"product_cat-coloured-window-film","7":"product_cat-cut-glass-window-films","8":"product_cat-glass-films","9":"product_cat-patterned-window-film","10":"product_cat-retro-window-films","11":"product_cat-striped-window-film","12":"product_cat-textured-window-film","13":"pa_brand-simglas","15":"first","16":"onbackorder","17":"featured","18":"taxable","19":"shipping-taxable","20":"purchasable","21":"product-type-variable","22":"has-default-attributes"},"acf":[],"_links":{"self":[{"href":"https:\/\/staging.glassfilms.eu\/de\/wp-json\/wp\/v2\/product\/366912","targetHints":{"allow":["GET"]}}],"collection":[{"href":"https:\/\/staging.glassfilms.eu\/de\/wp-json\/wp\/v2\/product"}],"about":[{"href":"https:\/\/staging.glassfilms.eu\/de\/wp-json\/wp\/v2\/types\/product"}],"version-history":[{"count":1,"href":"https:\/\/staging.glassfilms.eu\/de\/wp-json\/wp\/v2\/product\/366912\/revisions"}],"predecessor-version":[{"id":387006,"href":"https:\/\/staging.glassfilms.eu\/de\/wp-json\/wp\/v2\/product\/366912\/revisions\/387006"}],"wp:featuredmedia":[{"embeddable":true,"href":"https:\/\/staging.glassfilms.eu\/de\/wp-json\/wp\/v2\/media\/368423"}],"wp:attachment":[{"href":"https:\/\/staging.glassfilms.eu\/de\/wp-json\/wp\/v2\/media?parent=366912"}],"wp:term":[{"taxonomy":"product_brand","embeddable":true,"href":"https:\/\/staging.glassfilms.eu\/de\/wp-json\/wp\/v2\/product_brand?post=366912"},{"taxonomy":"product_cat","embeddable":true,"href":"https:\/\/staging.glassfilms.eu\/de\/wp-json\/wp\/v2\/product_cat?post=366912"},{"taxonomy":"product_tag","embeddable":true,"href":"https:\/\/staging.glassfilms.eu\/de\/wp-json\/wp\/v2\/product_tag?post=366912"}],"curies":[{"name":"wp","href":"https:\/\/api.w.org\/{rel}","templated":true}]}}