{"id":366922,"date":"2024-06-12T10:08:40","date_gmt":"2024-06-12T10:08:40","guid":{"rendered":"https:\/\/www.glassfilms.eu\/new\/?post_type=product&#038;p=366922"},"modified":"2024-11-26T15:37:58","modified_gmt":"2024-11-26T15:37:58","slug":"sx-2020-whiteboard-mist","status":"publish","type":"product","link":"https:\/\/staging.glassfilms.eu\/de\/produkt\/glasfolien\/speciality-window-films\/writable-window-wall-films\/sx-2020-whiteboard-mist-2\/","title":{"rendered":"SX-2020 Whiteboard Nebel"},"content":{"rendered":"","protected":false},"excerpt":{"rendered":"<p>Die SX-2020 Dry Erase Mist-Folie ist eine transparente wei\u00dfe Nebelfolie mit einer hochwertigen beschreibbaren Oberfl\u00e4che und einem permanenten druckempfindlichen Acrylklebstoff. Sie hat eine klare Polyesterabdeckung.<\/p>\n<p>Diese Folie wird f\u00fcr die Anbringung auf Glasfl\u00e4chen im Innenbereich empfohlen. Diese Folie hat eine hochwertige, beschreibbare Oberfl\u00e4che und eignet sich perfekt f\u00fcr den Sichtschutz, dekorative oder architektonische Anwendungen, bei denen eine trocken abwischbare Oberfl\u00e4che erw\u00fcnscht ist. Die Anbringung erfolgt nach den gleichen Methoden wie bei der Anbringung von Fensterfolien.<\/p>\n<p>&nbsp;<\/p>","protected":false},"featured_media":367095,"template":"","meta":{"_acf_changed":false},"product_brand":[],"product_cat":[379,504],"product_tag":[],"class_list":{"0":"post-366922","1":"product","2":"type-product","3":"status-publish","4":"has-post-thumbnail","6":"product_cat-speciality-window-films","7":"product_cat-writable-window-wall-films","8":"pa_brand-solyx","10":"first","11":"onbackorder","12":"taxable","13":"shipping-taxable","14":"purchasable","15":"product-type-variable","16":"has-default-attributes"},"acf":[],"_links":{"self":[{"href":"https:\/\/staging.glassfilms.eu\/de\/wp-json\/wp\/v2\/product\/366922","targetHints":{"allow":["GET"]}}],"collection":[{"href":"https:\/\/staging.glassfilms.eu\/de\/wp-json\/wp\/v2\/product"}],"about":[{"href":"https:\/\/staging.glassfilms.eu\/de\/wp-json\/wp\/v2\/types\/product"}],"version-history":[{"count":1,"href":"https:\/\/staging.glassfilms.eu\/de\/wp-json\/wp\/v2\/product\/366922\/revisions"}],"predecessor-version":[{"id":384186,"href":"https:\/\/staging.glassfilms.eu\/de\/wp-json\/wp\/v2\/product\/366922\/revisions\/384186"}],"wp:featuredmedia":[{"embeddable":true,"href":"https:\/\/staging.glassfilms.eu\/de\/wp-json\/wp\/v2\/media\/367095"}],"wp:attachment":[{"href":"https:\/\/staging.glassfilms.eu\/de\/wp-json\/wp\/v2\/media?parent=366922"}],"wp:term":[{"taxonomy":"product_brand","embeddable":true,"href":"https:\/\/staging.glassfilms.eu\/de\/wp-json\/wp\/v2\/product_brand?post=366922"},{"taxonomy":"product_cat","embeddable":true,"href":"https:\/\/staging.glassfilms.eu\/de\/wp-json\/wp\/v2\/product_cat?post=366922"},{"taxonomy":"product_tag","embeddable":true,"href":"https:\/\/staging.glassfilms.eu\/de\/wp-json\/wp\/v2\/product_tag?post=366922"}],"curies":[{"name":"wp","href":"https:\/\/api.w.org\/{rel}","templated":true}]}}