{"id":367009,"date":"2024-06-12T10:09:02","date_gmt":"2024-06-12T10:09:02","guid":{"rendered":"https:\/\/www.glassfilms.eu\/new\/?post_type=product&#038;p=367009"},"modified":"2024-09-18T16:09:27","modified_gmt":"2024-09-18T16:09:27","slug":"sx-7876-chalkboard-black","status":"publish","type":"product","link":"https:\/\/staging.glassfilms.eu\/de\/produkt\/glasfolien\/speciality-window-films\/writable-window-wall-films\/sx-7876-chalkboard-black\/","title":{"rendered":"SX-7876 Kreidetafel Schwarz"},"content":{"rendered":"<p>SX-7876 Chalkboard Black is designed for indoor promotional or home d\u00e9cor use. Wipe clean with an eraser or soft lint-free cloth. Refresh with a damp cloth periodically as needed. Applications include walls, menu boards, P-O-P displays and more.<\/p>\n<p>\u2022 \u00a0Durable print-receptive\/chalk-receptive 4 mil black vinyl.<br \/>\n\u2022 \u00a0High-tack removable adhesive offers initial repositionability and is designed to adhere to<br \/>\nsmooth painted wall boards (non-vinyl) and a variety of low-surface energy plastics.<br \/>\n\u2022 \u00a0Removable from application surfaces for up to six months.<br \/>\n\u2022 \u00a0Sheet-form release liner offers excellent layflat properties.<br \/>\n\u2022 \u00a0Printable via UV &amp; solvent screen, UV inkjet, UV offset, and UV &amp; solvent flexo.<\/p>","protected":false},"excerpt":{"rendered":"<p>Schwarze Vinylfolie mit einer kreide\u00e4hnlichen Oberfl\u00e4che. Hervorragend geeignet f\u00fcr W\u00e4nde in K\u00fcchen, Esszimmern, Wohnzimmern, Kinderzimmern, Klassenzimmern, B\u00fcros und \u00fcberall dort, wo eine dauerhafte Schreibfl\u00e4che ben\u00f6tigt wird, ohne die W\u00e4nde zu besch\u00e4digen. Keine schmutzige Kreidetafelfarbe mehr! Leicht anzubringen und zu entfernen!<\/p>","protected":false},"featured_media":367132,"template":"","meta":{"_acf_changed":false},"product_brand":[],"product_cat":[379,504],"product_tag":[],"class_list":{"0":"post-367009","1":"product","2":"type-product","3":"status-publish","4":"has-post-thumbnail","6":"product_cat-speciality-window-films","7":"product_cat-writable-window-wall-films","8":"pa_brand-solyx","10":"first","11":"onbackorder","12":"taxable","13":"shipping-taxable","14":"purchasable","15":"product-type-variable","16":"has-default-attributes"},"acf":[],"_links":{"self":[{"href":"https:\/\/staging.glassfilms.eu\/de\/wp-json\/wp\/v2\/product\/367009","targetHints":{"allow":["GET"]}}],"collection":[{"href":"https:\/\/staging.glassfilms.eu\/de\/wp-json\/wp\/v2\/product"}],"about":[{"href":"https:\/\/staging.glassfilms.eu\/de\/wp-json\/wp\/v2\/types\/product"}],"version-history":[{"count":2,"href":"https:\/\/staging.glassfilms.eu\/de\/wp-json\/wp\/v2\/product\/367009\/revisions"}],"predecessor-version":[{"id":384404,"href":"https:\/\/staging.glassfilms.eu\/de\/wp-json\/wp\/v2\/product\/367009\/revisions\/384404"}],"wp:featuredmedia":[{"embeddable":true,"href":"https:\/\/staging.glassfilms.eu\/de\/wp-json\/wp\/v2\/media\/367132"}],"wp:attachment":[{"href":"https:\/\/staging.glassfilms.eu\/de\/wp-json\/wp\/v2\/media?parent=367009"}],"wp:term":[{"taxonomy":"product_brand","embeddable":true,"href":"https:\/\/staging.glassfilms.eu\/de\/wp-json\/wp\/v2\/product_brand?post=367009"},{"taxonomy":"product_cat","embeddable":true,"href":"https:\/\/staging.glassfilms.eu\/de\/wp-json\/wp\/v2\/product_cat?post=367009"},{"taxonomy":"product_tag","embeddable":true,"href":"https:\/\/staging.glassfilms.eu\/de\/wp-json\/wp\/v2\/product_tag?post=367009"}],"curies":[{"name":"wp","href":"https:\/\/api.w.org\/{rel}","templated":true}]}}