{"id":367010,"date":"2024-06-12T10:09:02","date_gmt":"2024-06-12T10:09:02","guid":{"rendered":"https:\/\/www.glassfilms.eu\/new\/?post_type=product&#038;p=367010"},"modified":"2024-11-19T14:21:50","modified_gmt":"2024-11-19T14:21:50","slug":"sx-3065-spectrum-transparent-dichroic-film","status":"publish","type":"product","link":"https:\/\/staging.glassfilms.eu\/de\/produkt\/glasfolien\/coloured-window-film\/dichroic-window-film\/sx-3065-spektrum-transparente-dichroitische-film-sr-beschichtung\/","title":{"rendered":"SX-3065 Spektrum Transparente dichroitische Folie"},"content":{"rendered":"","protected":false},"excerpt":{"rendered":"<p>SOLYX\u00ae SX-3065 Spectrum SR ist eine dichroitische Polyesterfolie, die f\u00fcr die Anbringung auf Glasfl\u00e4chen im Innenbereich konzipiert ist. Spectrum ist eine reflektierende, farbver\u00e4ndernde, metallfreie Folie. Diese Folie besteht aus mehrschichtigem, haltbarem Polyester f\u00fcr farbver\u00e4ndernde Spezialeffekte. Diese Folie wird mit einem <strong>Kratzfeste Beschichtung<\/strong> und einer Silikonfolie, die den klaren Haftkleber sch\u00fctzt. Die Anbringung erfolgt mit denselben Werkzeugen und Techniken wie bei herk\u00f6mmlichen Fensterfolien.<\/p>","protected":false},"featured_media":367137,"template":"","meta":{"_acf_changed":false},"product_brand":[],"product_cat":[302,523,301],"product_tag":[],"class_list":{"0":"post-367010","1":"product","2":"type-product","3":"status-publish","4":"has-post-thumbnail","6":"product_cat-coloured-window-film","7":"product_cat-dichroic-window-film","8":"product_cat-glass-films","9":"pa_brand-solyx","11":"first","12":"onbackorder","13":"taxable","14":"shipping-taxable","15":"purchasable","16":"product-type-variable","17":"has-default-attributes"},"acf":[],"_links":{"self":[{"href":"https:\/\/staging.glassfilms.eu\/de\/wp-json\/wp\/v2\/product\/367010","targetHints":{"allow":["GET"]}}],"collection":[{"href":"https:\/\/staging.glassfilms.eu\/de\/wp-json\/wp\/v2\/product"}],"about":[{"href":"https:\/\/staging.glassfilms.eu\/de\/wp-json\/wp\/v2\/types\/product"}],"version-history":[{"count":1,"href":"https:\/\/staging.glassfilms.eu\/de\/wp-json\/wp\/v2\/product\/367010\/revisions"}],"predecessor-version":[{"id":384212,"href":"https:\/\/staging.glassfilms.eu\/de\/wp-json\/wp\/v2\/product\/367010\/revisions\/384212"}],"wp:featuredmedia":[{"embeddable":true,"href":"https:\/\/staging.glassfilms.eu\/de\/wp-json\/wp\/v2\/media\/367137"}],"wp:attachment":[{"href":"https:\/\/staging.glassfilms.eu\/de\/wp-json\/wp\/v2\/media?parent=367010"}],"wp:term":[{"taxonomy":"product_brand","embeddable":true,"href":"https:\/\/staging.glassfilms.eu\/de\/wp-json\/wp\/v2\/product_brand?post=367010"},{"taxonomy":"product_cat","embeddable":true,"href":"https:\/\/staging.glassfilms.eu\/de\/wp-json\/wp\/v2\/product_cat?post=367010"},{"taxonomy":"product_tag","embeddable":true,"href":"https:\/\/staging.glassfilms.eu\/de\/wp-json\/wp\/v2\/product_tag?post=367010"}],"curies":[{"name":"wp","href":"https:\/\/api.w.org\/{rel}","templated":true}]}}