{"id":367219,"date":"2024-06-12T10:09:49","date_gmt":"2024-06-12T10:09:49","guid":{"rendered":"https:\/\/www.glassfilms.eu\/new\/?post_type=product&#038;p=367219"},"modified":"2024-11-26T14:06:50","modified_gmt":"2024-11-26T14:06:50","slug":"sx-1003-clear-frosted-squares","status":"publish","type":"product","link":"https:\/\/staging.glassfilms.eu\/de\/produkt\/glasfolien\/patterned-window-film\/square-pattern-window-films\/sx-1003-klar-mattierte-quadrate\/","title":{"rendered":"SX-1003 Klare mattierte Quadrate"},"content":{"rendered":"","protected":false},"excerpt":{"rendered":"<p>Clear Frosted Squares 3\u2033 x 3\u2033 Transluzente Quadrate aus gepr\u00e4gter Vinylfolie, getrennt durch klare Linien. Ideal f\u00fcr die Verdunkelung der direkten Sicht und erm\u00f6glicht eine hervorragende Lichtdurchl\u00e4ssigkeit.<\/p>\n<p>SX-1003 Clear Frosted Squares Decorative Privacy Glass Film wird f\u00fcr die Anbringung auf Glas-, Plexiglas- oder Polycarbonatplatten im Innenbereich empfohlen. Diese Folie ist ein haltbares Vinyl mit einem dekorativen Pr\u00e4gemuster, 4 mil dick, mit einer Silikonschicht und druckempfindlichem Klebstoff. Sie eignet sich perfekt f\u00fcr Sichtschutz, dekorative oder architektonische Anwendungen.<\/p>","protected":false},"featured_media":367226,"template":"","meta":{"_acf_changed":false},"product_brand":[],"product_cat":[305,301,306,380],"product_tag":[],"class_list":{"0":"post-367219","1":"product","2":"type-product","3":"status-publish","4":"has-post-thumbnail","6":"product_cat-frosted-window-film","7":"product_cat-glass-films","8":"product_cat-patterned-window-film","9":"product_cat-square-pattern-window-films","10":"pa_brand-solyx","12":"first","13":"instock","14":"sold-individually","15":"taxable","16":"shipping-taxable","17":"purchasable","18":"product-type-variable","19":"has-default-attributes"},"acf":[],"_links":{"self":[{"href":"https:\/\/staging.glassfilms.eu\/de\/wp-json\/wp\/v2\/product\/367219","targetHints":{"allow":["GET"]}}],"collection":[{"href":"https:\/\/staging.glassfilms.eu\/de\/wp-json\/wp\/v2\/product"}],"about":[{"href":"https:\/\/staging.glassfilms.eu\/de\/wp-json\/wp\/v2\/types\/product"}],"version-history":[{"count":1,"href":"https:\/\/staging.glassfilms.eu\/de\/wp-json\/wp\/v2\/product\/367219\/revisions"}],"predecessor-version":[{"id":388069,"href":"https:\/\/staging.glassfilms.eu\/de\/wp-json\/wp\/v2\/product\/367219\/revisions\/388069"}],"wp:featuredmedia":[{"embeddable":true,"href":"https:\/\/staging.glassfilms.eu\/de\/wp-json\/wp\/v2\/media\/367226"}],"wp:attachment":[{"href":"https:\/\/staging.glassfilms.eu\/de\/wp-json\/wp\/v2\/media?parent=367219"}],"wp:term":[{"taxonomy":"product_brand","embeddable":true,"href":"https:\/\/staging.glassfilms.eu\/de\/wp-json\/wp\/v2\/product_brand?post=367219"},{"taxonomy":"product_cat","embeddable":true,"href":"https:\/\/staging.glassfilms.eu\/de\/wp-json\/wp\/v2\/product_cat?post=367219"},{"taxonomy":"product_tag","embeddable":true,"href":"https:\/\/staging.glassfilms.eu\/de\/wp-json\/wp\/v2\/product_tag?post=367219"}],"curies":[{"name":"wp","href":"https:\/\/api.w.org\/{rel}","templated":true}]}}