{"id":367261,"date":"2024-06-12T10:10:03","date_gmt":"2024-06-12T10:10:03","guid":{"rendered":"https:\/\/www.glassfilms.eu\/new\/?post_type=product&#038;p=367261"},"modified":"2024-11-21T16:24:25","modified_gmt":"2024-11-21T16:24:25","slug":"sx-3006-white-frosted-mini-blind","status":"publish","type":"product","link":"https:\/\/staging.glassfilms.eu\/de\/produkt\/glasfolien\/patterned-window-film\/striped-window-film\/sx-3006-weis-frosted-mini-blind\/","title":{"rendered":"SX-3006 Wei\u00dfes mattiertes Mini-Rollo"},"content":{"rendered":"","protected":false},"excerpt":{"rendered":"<p>SX-3006 White Frosted Mini Blind ist eine mattierte, lichtdurchl\u00e4ssige, hochwertig gepr\u00e4gte Vinylfolie, die Minijalousien simuliert. Dieses Produkt ist ideal, um die direkte Sicht zu verdecken und gleichzeitig eine hervorragende Lichtdurchl\u00e4ssigkeit zu gew\u00e4hrleisten.<\/p>\n<p>Diese dekorative Sichtschutzfolie wird f\u00fcr die Anbringung auf Innen- und Au\u00dfenglas empfohlen. Diese Folie ist ein haltbares Vinyl mit einer dekorativen, gepr\u00e4gten, matten Oberfl\u00e4che und einem minimalen Blindmuster. 3\u20444\" horizontale Streifen mit Farbverlauf. Diese Folie hat eine Silikonschicht und einen druckempfindlichen Klebstoff. Sie eignet sich perfekt f\u00fcr Sichtschutz, dekorative oder architektonische Anwendungen.<\/p>","protected":false},"featured_media":367298,"template":"","meta":{"_acf_changed":false},"product_brand":[],"product_cat":[305,301,659,306,307],"product_tag":[],"class_list":{"0":"post-367261","1":"product","2":"type-product","3":"status-publish","4":"has-post-thumbnail","6":"product_cat-frosted-window-film","7":"product_cat-glass-films","8":"product_cat-patterned-frost-window-films","9":"product_cat-patterned-window-film","10":"product_cat-striped-window-film","11":"pa_brand-solyx","13":"first","14":"onbackorder","15":"taxable","16":"shipping-taxable","17":"purchasable","18":"product-type-variable","19":"has-default-attributes"},"acf":[],"_links":{"self":[{"href":"https:\/\/staging.glassfilms.eu\/de\/wp-json\/wp\/v2\/product\/367261","targetHints":{"allow":["GET"]}}],"collection":[{"href":"https:\/\/staging.glassfilms.eu\/de\/wp-json\/wp\/v2\/product"}],"about":[{"href":"https:\/\/staging.glassfilms.eu\/de\/wp-json\/wp\/v2\/types\/product"}],"version-history":[{"count":1,"href":"https:\/\/staging.glassfilms.eu\/de\/wp-json\/wp\/v2\/product\/367261\/revisions"}],"predecessor-version":[{"id":384199,"href":"https:\/\/staging.glassfilms.eu\/de\/wp-json\/wp\/v2\/product\/367261\/revisions\/384199"}],"wp:featuredmedia":[{"embeddable":true,"href":"https:\/\/staging.glassfilms.eu\/de\/wp-json\/wp\/v2\/media\/367298"}],"wp:attachment":[{"href":"https:\/\/staging.glassfilms.eu\/de\/wp-json\/wp\/v2\/media?parent=367261"}],"wp:term":[{"taxonomy":"product_brand","embeddable":true,"href":"https:\/\/staging.glassfilms.eu\/de\/wp-json\/wp\/v2\/product_brand?post=367261"},{"taxonomy":"product_cat","embeddable":true,"href":"https:\/\/staging.glassfilms.eu\/de\/wp-json\/wp\/v2\/product_cat?post=367261"},{"taxonomy":"product_tag","embeddable":true,"href":"https:\/\/staging.glassfilms.eu\/de\/wp-json\/wp\/v2\/product_tag?post=367261"}],"curies":[{"name":"wp","href":"https:\/\/api.w.org\/{rel}","templated":true}]}}