{"id":367267,"date":"2024-06-12T10:10:03","date_gmt":"2024-06-12T10:10:03","guid":{"rendered":"https:\/\/www.glassfilms.eu\/new\/?post_type=product&#038;p=367267"},"modified":"2024-11-21T16:29:51","modified_gmt":"2024-11-21T16:29:51","slug":"sx-3141-dusted-leaf","status":"publish","type":"product","link":"https:\/\/staging.glassfilms.eu\/de\/produkt\/glasfolien\/frosted-window-film\/patterned-frost-window-films\/sx-3141-verstaubtes-blatt-2\/","title":{"rendered":"SX-3141 Gest\u00e4ubtes Blatt"},"content":{"rendered":"","protected":false},"excerpt":{"rendered":"<p>SX-3141 Verstaubtes Blatt. Ein wei\u00dfes, zuf\u00e4lliges Blattmuster mit mattem Hintergrund. Eine ausgezeichnete Sichtschutzfolie. Empfohlen f\u00fcr die Anbringung auf Innen- und Au\u00dfenglas (Innenfl\u00e4che). Hergestellt aus strapazierf\u00e4higer, optisch klarer PET-Folie mit einem aufgedruckten Muster. Die nominale Gesamtdicke betr\u00e4gt 2,5 mil. Wird mit einer Silikonabdeckung geliefert, die den klaren, druckempfindlichen Klebstoff sch\u00fctzt, und kann mit denselben Werkzeugen und Techniken wie Fensterfolien angebracht werden.<\/p>","protected":false},"featured_media":367311,"template":"","meta":{"_acf_changed":false},"product_brand":[],"product_cat":[305,301,659,306],"product_tag":[],"class_list":{"0":"post-367267","1":"product","2":"type-product","3":"status-publish","4":"has-post-thumbnail","6":"product_cat-frosted-window-film","7":"product_cat-glass-films","8":"product_cat-patterned-frost-window-films","9":"product_cat-patterned-window-film","10":"pa_brand-solyx","12":"first","13":"onbackorder","14":"taxable","15":"shipping-taxable","16":"purchasable","17":"product-type-variable","18":"has-default-attributes"},"acf":[],"_links":{"self":[{"href":"https:\/\/staging.glassfilms.eu\/de\/wp-json\/wp\/v2\/product\/367267","targetHints":{"allow":["GET"]}}],"collection":[{"href":"https:\/\/staging.glassfilms.eu\/de\/wp-json\/wp\/v2\/product"}],"about":[{"href":"https:\/\/staging.glassfilms.eu\/de\/wp-json\/wp\/v2\/types\/product"}],"version-history":[{"count":1,"href":"https:\/\/staging.glassfilms.eu\/de\/wp-json\/wp\/v2\/product\/367267\/revisions"}],"predecessor-version":[{"id":384251,"href":"https:\/\/staging.glassfilms.eu\/de\/wp-json\/wp\/v2\/product\/367267\/revisions\/384251"}],"wp:featuredmedia":[{"embeddable":true,"href":"https:\/\/staging.glassfilms.eu\/de\/wp-json\/wp\/v2\/media\/367311"}],"wp:attachment":[{"href":"https:\/\/staging.glassfilms.eu\/de\/wp-json\/wp\/v2\/media?parent=367267"}],"wp:term":[{"taxonomy":"product_brand","embeddable":true,"href":"https:\/\/staging.glassfilms.eu\/de\/wp-json\/wp\/v2\/product_brand?post=367267"},{"taxonomy":"product_cat","embeddable":true,"href":"https:\/\/staging.glassfilms.eu\/de\/wp-json\/wp\/v2\/product_cat?post=367267"},{"taxonomy":"product_tag","embeddable":true,"href":"https:\/\/staging.glassfilms.eu\/de\/wp-json\/wp\/v2\/product_tag?post=367267"}],"curies":[{"name":"wp","href":"https:\/\/api.w.org\/{rel}","templated":true}]}}