{"id":367275,"date":"2024-06-12T10:10:04","date_gmt":"2024-06-12T10:10:04","guid":{"rendered":"https:\/\/www.glassfilms.eu\/new\/?post_type=product&#038;p=367275"},"modified":"2024-10-31T16:53:33","modified_gmt":"2024-10-31T16:53:33","slug":"sx-316132-frosted-stripes-horizontal","status":"publish","type":"product","link":"https:\/\/staging.glassfilms.eu\/de\/produkt\/glasfolien\/patterned-window-film\/striped-window-film\/sx-316132-frosted-stripes-horizontal-2\/","title":{"rendered":"SX-316132 Mattierte Streifen - Horizontal"},"content":{"rendered":"","protected":false},"excerpt":{"rendered":"<p>SX-316132 Frosted Stripes Fensterfolie. Tolle Folie f\u00fcr dezenten Sichtschutz. 3\/16\u2033-Streifen mit 1\/32\u2033 Freiraum. Die Streifen verlaufen horizontal \u00fcber die gesamte Breite der Rolle.<\/p>\n<p>Diese Folie ist f\u00fcr die Anbringung auf Innenverglasungen, Einzel- oder Doppelscheiben und Au\u00dfenverglasungen vorgesehen. Sie besteht aus haltbarem Polyester mit einem mattierten, quadratischen Design und eignet sich perfekt f\u00fcr den Sichtschutz, dekorative oder architektonische Anwendungen. Die Gesamtnenndicke betr\u00e4gt 2mil (50 Mikron). Hergestellt mit einer Silikonschicht, die den klaren, druckempfindlichen Klebstoff sch\u00fctzt, und mit den gleichen Werkzeugen und Techniken wie bei Fensterfolien angebracht.<\/p>","protected":false},"featured_media":367338,"template":"","meta":{"_acf_changed":false},"product_brand":[],"product_cat":[305,301,306,307],"product_tag":[],"class_list":{"0":"post-367275","1":"product","2":"type-product","3":"status-publish","4":"has-post-thumbnail","6":"product_cat-frosted-window-film","7":"product_cat-glass-films","8":"product_cat-patterned-window-film","9":"product_cat-striped-window-film","10":"pa_brand-solyx","12":"first","13":"onbackorder","14":"taxable","15":"shipping-taxable","16":"purchasable","17":"product-type-variable","18":"has-default-attributes"},"acf":[],"_links":{"self":[{"href":"https:\/\/staging.glassfilms.eu\/de\/wp-json\/wp\/v2\/product\/367275","targetHints":{"allow":["GET"]}}],"collection":[{"href":"https:\/\/staging.glassfilms.eu\/de\/wp-json\/wp\/v2\/product"}],"about":[{"href":"https:\/\/staging.glassfilms.eu\/de\/wp-json\/wp\/v2\/types\/product"}],"version-history":[{"count":1,"href":"https:\/\/staging.glassfilms.eu\/de\/wp-json\/wp\/v2\/product\/367275\/revisions"}],"predecessor-version":[{"id":384276,"href":"https:\/\/staging.glassfilms.eu\/de\/wp-json\/wp\/v2\/product\/367275\/revisions\/384276"}],"wp:featuredmedia":[{"embeddable":true,"href":"https:\/\/staging.glassfilms.eu\/de\/wp-json\/wp\/v2\/media\/367338"}],"wp:attachment":[{"href":"https:\/\/staging.glassfilms.eu\/de\/wp-json\/wp\/v2\/media?parent=367275"}],"wp:term":[{"taxonomy":"product_brand","embeddable":true,"href":"https:\/\/staging.glassfilms.eu\/de\/wp-json\/wp\/v2\/product_brand?post=367275"},{"taxonomy":"product_cat","embeddable":true,"href":"https:\/\/staging.glassfilms.eu\/de\/wp-json\/wp\/v2\/product_cat?post=367275"},{"taxonomy":"product_tag","embeddable":true,"href":"https:\/\/staging.glassfilms.eu\/de\/wp-json\/wp\/v2\/product_tag?post=367275"}],"curies":[{"name":"wp","href":"https:\/\/api.w.org\/{rel}","templated":true}]}}