{"id":367364,"date":"2024-06-12T10:10:27","date_gmt":"2024-06-12T10:10:27","guid":{"rendered":"https:\/\/www.glassfilms.eu\/new\/?post_type=product&#038;p=367364"},"modified":"2024-11-25T10:36:29","modified_gmt":"2024-11-25T10:36:29","slug":"sx-5031-matte-linen","status":"publish","type":"product","link":"https:\/\/staging.glassfilms.eu\/de\/produkt\/glasfolien\/patterned-window-film\/striped-window-film\/sx-5031-mattes-leinen-2\/","title":{"rendered":"SX-5031 Mattes Leinen"},"content":{"rendered":"<p><strong>Typische Merkmale<\/strong><br \/>\nDimensionsstabilit\u00e4t: Gut<br \/>\nTemperaturbereiche: Die Mindestanwendungstemperatur liegt bei +40\u00b0F.<br \/>\nDer Betriebstemperaturbereich ist -40OF bis +250OF.<\/p>\n<p>Haftverm\u00f6gen: Auf rostfreiem Stahl - 40oz.\/in.<br \/>\nPSTC-1 mit 24-st\u00fcndiger Verweilzeit bei 70OF und 50% relativer Luftfeuchtigkeit.<br \/>\nTypische Werte. Individuelle Werte k\u00f6nnen abweichen.<\/p>\n<p>\u00c4u\u00dfere Haltbarkeit: Sehr gute Best\u00e4ndigkeit gegen Verf\u00e4rbungen durch UV-Licht.<\/p>\n<p>Wasserbest\u00e4ndigkeit: Begrenzte Best\u00e4ndigkeit gegen Eintauchen. Spezifische Anwendung testen.<\/p>\n<p>Feuchtigkeitsresistenz: Gut<\/p>\n<p>Lagerstabilit\u00e4t: 2 Jahre Haltbarkeitsdauer bei Lagerung bei 70 Grad Celsius und 50% relativer Luftfeuchtigkeit.<\/p>","protected":false},"excerpt":{"rendered":"<p>SX-5031 Matte Linen ist ein mattes Polyester, das mit einem aufgedruckten Leinenmuster einen transparenten\/transluzenten Effekt erzeugt. Ideal f\u00fcr die Verdunkelung der direkten Sichtbarkeit und hervorragende Lichtdurchl\u00e4ssigkeit.<\/p>\n<p>Diese Folie wird f\u00fcr die Anbringung auf Innenverglasungen, Einzel- oder Doppelscheiben und Au\u00dfenverglasungen empfohlen. Diese Folie kann auch im Au\u00dfenbereich angebracht werden. Hergestellt aus strapazierf\u00e4higem Polyester mit einer matten Oberfl\u00e4che und einem aufgedruckten Leinenmuster. Diese Folie hat eine Gesamtnenndicke von 2 mil (50 Mikron). Perfekt f\u00fcr Halbprivatisierung, dekorative oder architektonische Anwendungen. Sie wird mit einer Silikonabdeckung geliefert, die den klaren Haftkleber sch\u00fctzt, und kann mit denselben Werkzeugen und Techniken wie Fensterfolien angebracht werden.<\/p>","protected":false},"featured_media":367402,"template":"","meta":{"_acf_changed":false},"product_brand":[],"product_cat":[305,301,499,659,306,307],"product_tag":[],"class_list":{"0":"post-367364","1":"product","2":"type-product","3":"status-publish","4":"has-post-thumbnail","6":"product_cat-frosted-window-film","7":"product_cat-glass-films","8":"product_cat-natural-patterned-window-film","9":"product_cat-patterned-frost-window-films","10":"product_cat-patterned-window-film","11":"product_cat-striped-window-film","12":"pa_brand-solyx","14":"first","15":"onbackorder","16":"taxable","17":"shipping-taxable","18":"purchasable","19":"product-type-variable","20":"has-default-attributes"},"acf":[],"_links":{"self":[{"href":"https:\/\/staging.glassfilms.eu\/de\/wp-json\/wp\/v2\/product\/367364","targetHints":{"allow":["GET"]}}],"collection":[{"href":"https:\/\/staging.glassfilms.eu\/de\/wp-json\/wp\/v2\/product"}],"about":[{"href":"https:\/\/staging.glassfilms.eu\/de\/wp-json\/wp\/v2\/types\/product"}],"version-history":[{"count":1,"href":"https:\/\/staging.glassfilms.eu\/de\/wp-json\/wp\/v2\/product\/367364\/revisions"}],"predecessor-version":[{"id":380030,"href":"https:\/\/staging.glassfilms.eu\/de\/wp-json\/wp\/v2\/product\/367364\/revisions\/380030"}],"wp:featuredmedia":[{"embeddable":true,"href":"https:\/\/staging.glassfilms.eu\/de\/wp-json\/wp\/v2\/media\/367402"}],"wp:attachment":[{"href":"https:\/\/staging.glassfilms.eu\/de\/wp-json\/wp\/v2\/media?parent=367364"}],"wp:term":[{"taxonomy":"product_brand","embeddable":true,"href":"https:\/\/staging.glassfilms.eu\/de\/wp-json\/wp\/v2\/product_brand?post=367364"},{"taxonomy":"product_cat","embeddable":true,"href":"https:\/\/staging.glassfilms.eu\/de\/wp-json\/wp\/v2\/product_cat?post=367364"},{"taxonomy":"product_tag","embeddable":true,"href":"https:\/\/staging.glassfilms.eu\/de\/wp-json\/wp\/v2\/product_tag?post=367364"}],"curies":[{"name":"wp","href":"https:\/\/api.w.org\/{rel}","templated":true}]}}