{"id":367371,"date":"2024-06-12T10:10:27","date_gmt":"2024-06-12T10:10:27","guid":{"rendered":"https:\/\/www.glassfilms.eu\/new\/?post_type=product&#038;p=367371"},"modified":"2024-11-21T17:04:36","modified_gmt":"2024-11-21T17:04:36","slug":"sx3-9004-transparent-fibreglass","status":"publish","type":"product","link":"https:\/\/staging.glassfilms.eu\/de\/produkt\/glasfolien\/patterned-window-film\/rice-paper-window-film\/sx3-9004-transparentes-glasfasergewebe\/","title":{"rendered":"SX3-9004 Transparentes Glasfasergewebe"},"content":{"rendered":"","protected":false},"excerpt":{"rendered":"<p>SX3-9004 Transparent Fibreglass ist eine wei\u00dfe, halbtransparente Folie aus wei\u00dfem Reispapier mit einem subtilen, zuf\u00e4lligen Kreuzschraffur-Glasfaserdesign und guter Lichtdurchl\u00e4ssigkeit. Diese Folie wird f\u00fcr die Anbringung auf Einfach- oder Doppelscheiben im Innenbereich und auf Au\u00dfenverglasungen empfohlen. Diese Folie kann auch im Au\u00dfenbereich angebracht werden. Hergestellt aus strapazierf\u00e4higem Polyester mit einer matten Oberfl\u00e4che. Diese Folie hat eine Gesamtnenndicke von 2 mil (50 Mikron). Perfekt f\u00fcr Halbprivatisierung, dekorative oder architektonische Anwendungen. Sie wird mit einer Silikonschicht geliefert, die den klaren, druckempfindlichen Klebstoff sch\u00fctzt, und kann mit denselben Werkzeugen und Techniken wie Fensterfolien angebracht werden.<\/p>","protected":false},"featured_media":367425,"template":"","meta":{"_acf_changed":false},"product_brand":[],"product_cat":[305,301,659,306,623],"product_tag":[],"class_list":{"0":"post-367371","1":"product","2":"type-product","3":"status-publish","4":"has-post-thumbnail","6":"product_cat-frosted-window-film","7":"product_cat-glass-films","8":"product_cat-patterned-frost-window-films","9":"product_cat-patterned-window-film","10":"product_cat-rice-paper-window-film","11":"pa_brand-solyx","13":"first","14":"onbackorder","15":"taxable","16":"shipping-taxable","17":"purchasable","18":"product-type-variable","19":"has-default-attributes"},"acf":[],"_links":{"self":[{"href":"https:\/\/staging.glassfilms.eu\/de\/wp-json\/wp\/v2\/product\/367371","targetHints":{"allow":["GET"]}}],"collection":[{"href":"https:\/\/staging.glassfilms.eu\/de\/wp-json\/wp\/v2\/product"}],"about":[{"href":"https:\/\/staging.glassfilms.eu\/de\/wp-json\/wp\/v2\/types\/product"}],"version-history":[{"count":1,"href":"https:\/\/staging.glassfilms.eu\/de\/wp-json\/wp\/v2\/product\/367371\/revisions"}],"predecessor-version":[{"id":384336,"href":"https:\/\/staging.glassfilms.eu\/de\/wp-json\/wp\/v2\/product\/367371\/revisions\/384336"}],"wp:featuredmedia":[{"embeddable":true,"href":"https:\/\/staging.glassfilms.eu\/de\/wp-json\/wp\/v2\/media\/367425"}],"wp:attachment":[{"href":"https:\/\/staging.glassfilms.eu\/de\/wp-json\/wp\/v2\/media?parent=367371"}],"wp:term":[{"taxonomy":"product_brand","embeddable":true,"href":"https:\/\/staging.glassfilms.eu\/de\/wp-json\/wp\/v2\/product_brand?post=367371"},{"taxonomy":"product_cat","embeddable":true,"href":"https:\/\/staging.glassfilms.eu\/de\/wp-json\/wp\/v2\/product_cat?post=367371"},{"taxonomy":"product_tag","embeddable":true,"href":"https:\/\/staging.glassfilms.eu\/de\/wp-json\/wp\/v2\/product_tag?post=367371"}],"curies":[{"name":"wp","href":"https:\/\/api.w.org\/{rel}","templated":true}]}}