{"id":367794,"date":"2024-06-12T10:11:54","date_gmt":"2024-06-12T10:11:54","guid":{"rendered":"https:\/\/www.glassfilms.eu\/new\/?post_type=product&#038;p=367794"},"modified":"2024-11-26T14:15:55","modified_gmt":"2024-11-26T14:15:55","slug":"sx-c390-black-screen","status":"publish","type":"product","link":"https:\/\/staging.glassfilms.eu\/de\/produkt\/glasfolien\/patterned-window-film\/square-pattern-window-films\/sx-c390-schwarzer-bildschirm-2\/","title":{"rendered":"SX-C390 Schwarzer Bildschirm"},"content":{"rendered":"","protected":false},"excerpt":{"rendered":"<p>SX-C390 Black Screen ist ein schwarzer, hochwertiger Polyesterfilm mit Leinwandmuster. Dieses Produkt ist ideal, um die direkte Sicht halb zu verdecken und gleichzeitig eine ausgezeichnete Lichtdurchl\u00e4ssigkeit zu gew\u00e4hrleisten. Die Folie hat eine Silikonschicht und einen druckempfindlichen Klebstoff. Sie eignet sich perfekt f\u00fcr den Sichtschutz, dekorative oder architektonische Anwendungen.<\/p>","protected":false},"featured_media":367829,"template":"","meta":{"_acf_changed":false},"product_brand":[],"product_cat":[301,306,380],"product_tag":[],"class_list":{"0":"post-367794","1":"product","2":"type-product","3":"status-publish","4":"has-post-thumbnail","6":"product_cat-glass-films","7":"product_cat-patterned-window-film","8":"product_cat-square-pattern-window-films","9":"pa_brand-solyx","11":"first","12":"onbackorder","13":"sold-individually","14":"taxable","15":"shipping-taxable","16":"purchasable","17":"product-type-variable","18":"has-default-attributes"},"acf":[],"_links":{"self":[{"href":"https:\/\/staging.glassfilms.eu\/de\/wp-json\/wp\/v2\/product\/367794","targetHints":{"allow":["GET"]}}],"collection":[{"href":"https:\/\/staging.glassfilms.eu\/de\/wp-json\/wp\/v2\/product"}],"about":[{"href":"https:\/\/staging.glassfilms.eu\/de\/wp-json\/wp\/v2\/types\/product"}],"version-history":[{"count":1,"href":"https:\/\/staging.glassfilms.eu\/de\/wp-json\/wp\/v2\/product\/367794\/revisions"}],"predecessor-version":[{"id":388071,"href":"https:\/\/staging.glassfilms.eu\/de\/wp-json\/wp\/v2\/product\/367794\/revisions\/388071"}],"wp:featuredmedia":[{"embeddable":true,"href":"https:\/\/staging.glassfilms.eu\/de\/wp-json\/wp\/v2\/media\/367829"}],"wp:attachment":[{"href":"https:\/\/staging.glassfilms.eu\/de\/wp-json\/wp\/v2\/media?parent=367794"}],"wp:term":[{"taxonomy":"product_brand","embeddable":true,"href":"https:\/\/staging.glassfilms.eu\/de\/wp-json\/wp\/v2\/product_brand?post=367794"},{"taxonomy":"product_cat","embeddable":true,"href":"https:\/\/staging.glassfilms.eu\/de\/wp-json\/wp\/v2\/product_cat?post=367794"},{"taxonomy":"product_tag","embeddable":true,"href":"https:\/\/staging.glassfilms.eu\/de\/wp-json\/wp\/v2\/product_tag?post=367794"}],"curies":[{"name":"wp","href":"https:\/\/api.w.org\/{rel}","templated":true}]}}