{"id":367990,"date":"2024-06-12T10:12:40","date_gmt":"2024-06-12T10:12:40","guid":{"rendered":"https:\/\/www.glassfilms.eu\/new\/?post_type=product&#038;p=367990"},"modified":"2024-11-26T13:58:00","modified_gmt":"2024-11-26T13:58:00","slug":"sxhp-2411-white-stripes","status":"publish","type":"product","link":"https:\/\/staging.glassfilms.eu\/de\/produkt\/glasfolien\/patterned-window-film\/striped-window-film\/sxhp-2411-white-stripes\/","title":{"rendered":"SXHP-2411 Wei\u00dfe Streifen"},"content":{"rendered":"","protected":false},"excerpt":{"rendered":"<div>\n<div class=\"page\" title=\"Seite 1\">\n<div class=\"section\">\n<div class=\"layoutArea\">\n<div class=\"column\">\n<p>11\/16\" gefrostete Streifen mit 1\/4\" Freiraum. Die Richtung der Streifen entspricht der L\u00e4nge der Rolle. Empfohlen f\u00fcr die Anbringung auf Innen- und Au\u00dfenglas (Innenfl\u00e4che). Hergestellt aus haltbarer, optisch klarer PET-Folie mit einem aufgedruckten Muster.<\/p>\n<\/div>\n<\/div>\n<\/div>\n<\/div>\n<\/div>","protected":false},"featured_media":368020,"template":"","meta":{"_acf_changed":false},"product_brand":[],"product_cat":[301,306,307],"product_tag":[],"class_list":{"0":"post-367990","1":"product","2":"type-product","3":"status-publish","4":"has-post-thumbnail","6":"product_cat-glass-films","7":"product_cat-patterned-window-film","8":"product_cat-striped-window-film","9":"pa_brand-solyx","11":"first","12":"onbackorder","13":"sold-individually","14":"taxable","15":"shipping-taxable","16":"purchasable","17":"product-type-variable","18":"has-default-attributes"},"acf":[],"_links":{"self":[{"href":"https:\/\/staging.glassfilms.eu\/de\/wp-json\/wp\/v2\/product\/367990","targetHints":{"allow":["GET"]}}],"collection":[{"href":"https:\/\/staging.glassfilms.eu\/de\/wp-json\/wp\/v2\/product"}],"about":[{"href":"https:\/\/staging.glassfilms.eu\/de\/wp-json\/wp\/v2\/types\/product"}],"version-history":[{"count":1,"href":"https:\/\/staging.glassfilms.eu\/de\/wp-json\/wp\/v2\/product\/367990\/revisions"}],"predecessor-version":[{"id":388067,"href":"https:\/\/staging.glassfilms.eu\/de\/wp-json\/wp\/v2\/product\/367990\/revisions\/388067"}],"wp:featuredmedia":[{"embeddable":true,"href":"https:\/\/staging.glassfilms.eu\/de\/wp-json\/wp\/v2\/media\/368020"}],"wp:attachment":[{"href":"https:\/\/staging.glassfilms.eu\/de\/wp-json\/wp\/v2\/media?parent=367990"}],"wp:term":[{"taxonomy":"product_brand","embeddable":true,"href":"https:\/\/staging.glassfilms.eu\/de\/wp-json\/wp\/v2\/product_brand?post=367990"},{"taxonomy":"product_cat","embeddable":true,"href":"https:\/\/staging.glassfilms.eu\/de\/wp-json\/wp\/v2\/product_cat?post=367990"},{"taxonomy":"product_tag","embeddable":true,"href":"https:\/\/staging.glassfilms.eu\/de\/wp-json\/wp\/v2\/product_tag?post=367990"}],"curies":[{"name":"wp","href":"https:\/\/api.w.org\/{rel}","templated":true}]}}