{"id":367996,"date":"2024-06-12T10:12:41","date_gmt":"2024-06-12T10:12:41","guid":{"rendered":"https:\/\/www.glassfilms.eu\/new\/?post_type=product&#038;p=367996"},"modified":"2024-11-21T16:06:28","modified_gmt":"2024-11-21T16:06:28","slug":"sxr-9829-glassfrost","status":"publish","type":"product","link":"https:\/\/staging.glassfilms.eu\/de\/produkt\/glasfolien\/frosted-window-film\/sxr-9829-glasfrost\/","title":{"rendered":"SXR-9829 Glasfrost"},"content":{"rendered":"","protected":false},"excerpt":{"rendered":"<p>SXR-9829 Glassfrost ist eine klare, lichtdurchl\u00e4ssige, hochgradig strukturierte Polyolefinfolie. Sie ist ideal, um die direkte Sicht zu verdecken und gleichzeitig eine hervorragende Lichtdurchl\u00e4ssigkeit zu gew\u00e4hrleisten. Umweltfreundlich. UL-410 klassifiziert f\u00fcr Rutschfestigkeit. Geeignet f\u00fcr die Anwendung auf Glas-, Acryl- und Polycarbonatplatten.<\/p>","protected":false},"featured_media":368036,"template":"","meta":{"_acf_changed":false},"product_brand":[],"product_cat":[305,301,308],"product_tag":[],"class_list":{"0":"post-367996","1":"product","2":"type-product","3":"status-publish","4":"has-post-thumbnail","6":"product_cat-frosted-window-film","7":"product_cat-glass-films","8":"product_cat-light-diffusing-window-films","9":"pa_brand-solyx","11":"first","12":"onbackorder","13":"taxable","14":"shipping-taxable","15":"purchasable","16":"product-type-variable","17":"has-default-attributes"},"acf":[],"_links":{"self":[{"href":"https:\/\/staging.glassfilms.eu\/de\/wp-json\/wp\/v2\/product\/367996","targetHints":{"allow":["GET"]}}],"collection":[{"href":"https:\/\/staging.glassfilms.eu\/de\/wp-json\/wp\/v2\/product"}],"about":[{"href":"https:\/\/staging.glassfilms.eu\/de\/wp-json\/wp\/v2\/types\/product"}],"version-history":[{"count":1,"href":"https:\/\/staging.glassfilms.eu\/de\/wp-json\/wp\/v2\/product\/367996\/revisions"}],"predecessor-version":[{"id":383565,"href":"https:\/\/staging.glassfilms.eu\/de\/wp-json\/wp\/v2\/product\/367996\/revisions\/383565"}],"wp:featuredmedia":[{"embeddable":true,"href":"https:\/\/staging.glassfilms.eu\/de\/wp-json\/wp\/v2\/media\/368036"}],"wp:attachment":[{"href":"https:\/\/staging.glassfilms.eu\/de\/wp-json\/wp\/v2\/media?parent=367996"}],"wp:term":[{"taxonomy":"product_brand","embeddable":true,"href":"https:\/\/staging.glassfilms.eu\/de\/wp-json\/wp\/v2\/product_brand?post=367996"},{"taxonomy":"product_cat","embeddable":true,"href":"https:\/\/staging.glassfilms.eu\/de\/wp-json\/wp\/v2\/product_cat?post=367996"},{"taxonomy":"product_tag","embeddable":true,"href":"https:\/\/staging.glassfilms.eu\/de\/wp-json\/wp\/v2\/product_tag?post=367996"}],"curies":[{"name":"wp","href":"https:\/\/api.w.org\/{rel}","templated":true}]}}