{"id":368006,"date":"2024-06-12T10:12:41","date_gmt":"2024-06-12T10:12:41","guid":{"rendered":"https:\/\/www.glassfilms.eu\/new\/?post_type=product&#038;p=368006"},"modified":"2024-11-15T15:20:06","modified_gmt":"2024-11-15T15:20:06","slug":"sxp-039-raspberry-red","status":"publish","type":"product","link":"https:\/\/staging.glassfilms.eu\/de\/produkt\/glasfolien\/coloured-window-film\/sxp-039-himbeere-rot\/","title":{"rendered":"SXP-039 Himbeerrot"},"content":{"rendered":"","protected":false},"excerpt":{"rendered":"<p>Transparente, optisch klare, farbige Polyesterfolie mit kratzfester Schutzbeschichtung. Gl\u00e4nzende Oberfl\u00e4che. Entwickelt f\u00fcr hochwertige beleuchtete Displays, Glasmalereien, Fenstergrafiken und hinterleuchtete Glasfl\u00e4chen. Erh\u00e4ltlich in 25 Glanzfarben, die \u00fcbereinander gelegt werden k\u00f6nnen, um eine unendliche Farbpalette zu schaffen. (Die abgebildeten Farben sind repr\u00e4sentativ. Bitte bestellen Sie Muster, um die Farben genau zu sehen.) **Diese Folie wird nicht f\u00fcr die Installation in direktem Sonnenlicht empfohlen.**<\/p>","protected":false},"featured_media":368061,"template":"","meta":{"_acf_changed":false},"product_brand":[],"product_cat":[302,301],"product_tag":[],"class_list":{"0":"post-368006","1":"product","2":"type-product","3":"status-publish","4":"has-post-thumbnail","6":"product_cat-coloured-window-film","7":"product_cat-glass-films","8":"pa_brand-solyx","10":"first","11":"onbackorder","12":"taxable","13":"shipping-taxable","14":"purchasable","15":"product-type-variable","16":"has-default-attributes"},"acf":[],"_links":{"self":[{"href":"https:\/\/staging.glassfilms.eu\/de\/wp-json\/wp\/v2\/product\/368006","targetHints":{"allow":["GET"]}}],"collection":[{"href":"https:\/\/staging.glassfilms.eu\/de\/wp-json\/wp\/v2\/product"}],"about":[{"href":"https:\/\/staging.glassfilms.eu\/de\/wp-json\/wp\/v2\/types\/product"}],"version-history":[{"count":1,"href":"https:\/\/staging.glassfilms.eu\/de\/wp-json\/wp\/v2\/product\/368006\/revisions"}],"predecessor-version":[{"id":383546,"href":"https:\/\/staging.glassfilms.eu\/de\/wp-json\/wp\/v2\/product\/368006\/revisions\/383546"}],"wp:featuredmedia":[{"embeddable":true,"href":"https:\/\/staging.glassfilms.eu\/de\/wp-json\/wp\/v2\/media\/368061"}],"wp:attachment":[{"href":"https:\/\/staging.glassfilms.eu\/de\/wp-json\/wp\/v2\/media?parent=368006"}],"wp:term":[{"taxonomy":"product_brand","embeddable":true,"href":"https:\/\/staging.glassfilms.eu\/de\/wp-json\/wp\/v2\/product_brand?post=368006"},{"taxonomy":"product_cat","embeddable":true,"href":"https:\/\/staging.glassfilms.eu\/de\/wp-json\/wp\/v2\/product_cat?post=368006"},{"taxonomy":"product_tag","embeddable":true,"href":"https:\/\/staging.glassfilms.eu\/de\/wp-json\/wp\/v2\/product_tag?post=368006"}],"curies":[{"name":"wp","href":"https:\/\/api.w.org\/{rel}","templated":true}]}}