{"id":368112,"date":"2024-06-12T10:13:04","date_gmt":"2024-06-12T10:13:04","guid":{"rendered":"https:\/\/www.glassfilms.eu\/new\/?post_type=product&#038;p=368112"},"modified":"2024-11-26T15:32:18","modified_gmt":"2024-11-26T15:32:18","slug":"ultraglare-g035-light-shade","status":"publish","type":"product","link":"https:\/\/staging.glassfilms.eu\/de\/produkt\/glasfolien\/solar-window-films\/ultraglare-g035-licht-schirm\/","title":{"rendered":"UltraGlare-G035 Lichtschirm"},"content":{"rendered":"","protected":false},"excerpt":{"rendered":"<p>UltraGlare-G035 Light Shade ist eine nicht reflektierende Fensterfolie mit maximaler Beschattung und Blendungsreduzierung. Reduziert die sichtbare Lichtdurchl\u00e4ssigkeit um 67%, weist 35% W\u00e4rme ab und blockiert 99% UV-Strahlen. Diese Folie ist eine der besten verf\u00fcgbaren T\u00f6nungsfolien. Empfohlen f\u00fcr die Anbringung auf Innenglas. Diese Folie besteht aus haltbarem, transparentem, chipgef\u00e4rbtem Polyester mit einer kratzfesten Oberfl\u00e4che. Der druckempfindliche Klebstoff ist durch eine synthetische Trennfolie gesch\u00fctzt. Hervorragender Tageslichtschutz. Ideal f\u00fcr die T\u00f6nung von Fahrzeugen sowie f\u00fcr alle Innenanwendungen.<\/p>","protected":false},"featured_media":368158,"template":"","meta":{"_acf_changed":false},"product_brand":[],"product_cat":[301,524],"product_tag":[],"class_list":{"0":"post-368112","1":"product","2":"type-product","3":"status-publish","4":"has-post-thumbnail","6":"product_cat-glass-films","7":"product_cat-solar-window-films","8":"pa_brand-ultraglare","10":"first","11":"onbackorder","12":"taxable","13":"shipping-taxable","14":"purchasable","15":"product-type-variable","16":"has-default-attributes"},"acf":[],"_links":{"self":[{"href":"https:\/\/staging.glassfilms.eu\/de\/wp-json\/wp\/v2\/product\/368112","targetHints":{"allow":["GET"]}}],"collection":[{"href":"https:\/\/staging.glassfilms.eu\/de\/wp-json\/wp\/v2\/product"}],"about":[{"href":"https:\/\/staging.glassfilms.eu\/de\/wp-json\/wp\/v2\/types\/product"}],"version-history":[{"count":1,"href":"https:\/\/staging.glassfilms.eu\/de\/wp-json\/wp\/v2\/product\/368112\/revisions"}],"predecessor-version":[{"id":383171,"href":"https:\/\/staging.glassfilms.eu\/de\/wp-json\/wp\/v2\/product\/368112\/revisions\/383171"}],"wp:featuredmedia":[{"embeddable":true,"href":"https:\/\/staging.glassfilms.eu\/de\/wp-json\/wp\/v2\/media\/368158"}],"wp:attachment":[{"href":"https:\/\/staging.glassfilms.eu\/de\/wp-json\/wp\/v2\/media?parent=368112"}],"wp:term":[{"taxonomy":"product_brand","embeddable":true,"href":"https:\/\/staging.glassfilms.eu\/de\/wp-json\/wp\/v2\/product_brand?post=368112"},{"taxonomy":"product_cat","embeddable":true,"href":"https:\/\/staging.glassfilms.eu\/de\/wp-json\/wp\/v2\/product_cat?post=368112"},{"taxonomy":"product_tag","embeddable":true,"href":"https:\/\/staging.glassfilms.eu\/de\/wp-json\/wp\/v2\/product_tag?post=368112"}],"curies":[{"name":"wp","href":"https:\/\/api.w.org\/{rel}","templated":true}]}}