{"id":368114,"date":"2024-06-12T10:13:04","date_gmt":"2024-06-12T10:13:04","guid":{"rendered":"https:\/\/www.glassfilms.eu\/new\/?post_type=product&#038;p=368114"},"modified":"2024-11-19T14:19:26","modified_gmt":"2024-11-19T14:19:26","slug":"sx-3067-citrus-transparent-dichroic-film","status":"publish","type":"product","link":"https:\/\/staging.glassfilms.eu\/de\/produkt\/glasfolien\/coloured-window-film\/dichroic-window-film\/sx-3067-zitrus-dichroitischer-film\/","title":{"rendered":"SX-3067 Zitrusfr\u00fcchte Transparente dichroitische Folie"},"content":{"rendered":"","protected":false},"excerpt":{"rendered":"<p>SOLYX SX-3067 Citrus dichroic polyester film ist f\u00fcr die Anbringung auf Glasfl\u00e4chen im Innenbereich konzipiert. Diese Folie besteht aus mehrschichtigem, haltbarem Polyester f\u00fcr farbver\u00e4ndernde Spezialeffekte. Die nominale Gesamtdicke betr\u00e4gt 2,0 mil. Diese Folie ist mit einer Silikonschicht versehen, die den klaren Haftkleber sch\u00fctzt, und wird mit denselben Werkzeugen und Techniken wie herk\u00f6mmliche Fensterfolien angebracht. Diese dichroitische Folie ver\u00e4ndert ihre Farben bei \u00c4nderung des Betrachtungswinkels. Die Farben bei Betrachtung mit Licht im R\u00fccken (tags\u00fcber von innen nach au\u00dfen) sind Gelb, Orange und Magenta. Bei Betrachtung mit weniger Licht hinter der Folie (tags\u00fcber von au\u00dfen) ist die Farbe reflektierendes Gold.<\/p>","protected":false},"featured_media":368162,"template":"","meta":{"_acf_changed":false},"product_brand":[],"product_cat":[302,523,301],"product_tag":[],"class_list":{"0":"post-368114","1":"product","2":"type-product","3":"status-publish","4":"has-post-thumbnail","6":"product_cat-coloured-window-film","7":"product_cat-dichroic-window-film","8":"product_cat-glass-films","9":"pa_brand-solyx","11":"first","12":"onbackorder","13":"taxable","14":"shipping-taxable","15":"purchasable","16":"product-type-variable","17":"has-default-attributes"},"acf":[],"_links":{"self":[{"href":"https:\/\/staging.glassfilms.eu\/de\/wp-json\/wp\/v2\/product\/368114","targetHints":{"allow":["GET"]}}],"collection":[{"href":"https:\/\/staging.glassfilms.eu\/de\/wp-json\/wp\/v2\/product"}],"about":[{"href":"https:\/\/staging.glassfilms.eu\/de\/wp-json\/wp\/v2\/types\/product"}],"version-history":[{"count":1,"href":"https:\/\/staging.glassfilms.eu\/de\/wp-json\/wp\/v2\/product\/368114\/revisions"}],"predecessor-version":[{"id":384222,"href":"https:\/\/staging.glassfilms.eu\/de\/wp-json\/wp\/v2\/product\/368114\/revisions\/384222"}],"wp:featuredmedia":[{"embeddable":true,"href":"https:\/\/staging.glassfilms.eu\/de\/wp-json\/wp\/v2\/media\/368162"}],"wp:attachment":[{"href":"https:\/\/staging.glassfilms.eu\/de\/wp-json\/wp\/v2\/media?parent=368114"}],"wp:term":[{"taxonomy":"product_brand","embeddable":true,"href":"https:\/\/staging.glassfilms.eu\/de\/wp-json\/wp\/v2\/product_brand?post=368114"},{"taxonomy":"product_cat","embeddable":true,"href":"https:\/\/staging.glassfilms.eu\/de\/wp-json\/wp\/v2\/product_cat?post=368114"},{"taxonomy":"product_tag","embeddable":true,"href":"https:\/\/staging.glassfilms.eu\/de\/wp-json\/wp\/v2\/product_tag?post=368114"}],"curies":[{"name":"wp","href":"https:\/\/api.w.org\/{rel}","templated":true}]}}