{"id":368213,"date":"2024-06-12T10:13:28","date_gmt":"2024-06-12T10:13:28","guid":{"rendered":"https:\/\/www.glassfilms.eu\/new\/?post_type=product&#038;p=368213"},"modified":"2024-11-19T18:05:47","modified_gmt":"2024-11-19T18:05:47","slug":"sgc-6527-new-hammered-glass","status":"publish","type":"product","link":"https:\/\/staging.glassfilms.eu\/de\/produkt\/glasfolien\/simulated-glass-films\/sgc-6527-new-hammered-glass\/","title":{"rendered":"SGC-6527 Neues geh\u00e4mmertes Glas"},"content":{"rendered":"<h2><span style=\"font-weight: 400;\">SimGlas Crystal Window Film UK FAQs<\/span><\/h2>\n<p><span style=\"font-weight: 400;\">Im Folgenden haben wir einige der h\u00e4ufigsten Fragen zum Kauf von Fensterfolien mit Kristalldesigns beantwortet.\u00a0<\/span><span style=\"font-weight: 400;\">Wenn Sie Ihr Anliegen nicht sehen, wenden Sie sich bitte an unseren Kundendienst unter folgender Telefonnummer <\/span><span style=\"font-weight: 400;\">\u00a0<\/span><b>0800 970 6366<\/b><span style=\"font-weight: 400;\"> oder senden Sie uns eine E-Mail an <\/span><a href=\"mailto:sales@glassfilms.eu\"><span style=\"font-weight: 400;\">sales@glassfilms.eu<\/span><\/a><span style=\"font-weight: 400;\">.<\/span><\/p>\n<p><span style=\"font-weight: 400;\">Sie k\u00f6nnen sich auch \u00fcber unsere neuesten Nachrichten und Produkteinf\u00fchrungen auf dem Laufenden halten, indem Sie uns auf <\/span><a href=\"https:\/\/twitter.com\/glassfilmseu\" target=\"_blank\" rel=\"noopener\"><span style=\"font-weight: 400;\">Twitter<\/span><\/a><span style=\"font-weight: 400;\">, <\/span><a href=\"https:\/\/www.facebook.com\/glassfilmseurope\" target=\"_blank\" rel=\"noopener\"><span style=\"font-weight: 400;\">Facebook<\/span><\/a><span style=\"font-weight: 400;\"> oder <\/span><a href=\"https:\/\/www.pinterest.co.uk\/glassfilms\/\" target=\"_blank\" rel=\"noopener\"><span style=\"font-weight: 400;\">Pinterest<\/span><\/a><span style=\"font-weight: 400;\">.\u00a0<\/span><\/p>\n<p><span style=\"font-weight: 400;\">Oder Sie k\u00f6nnen unser gesamtes Produktsortiment erkunden, indem Sie sich auf der <\/span><a href=\"https:\/\/staging.glassfilms.eu\/de\/katalog\/\"><span style=\"font-weight: 400;\">Katalog Glasfolien<\/span><\/a><span style=\"font-weight: 400;\">.\u00a0<\/span><\/p>\n<h3><span style=\"font-weight: 400;\">Was ist Kristallglas?<\/span><\/h3>\n<p><span style=\"font-weight: 400;\">Wer Kristallglas nicht kennt, wei\u00df, dass es sich dabei um eine luxuri\u00f6se Form von Glas handelt, aus der hochwertige Glaswaren wie Weingl\u00e4ser, Dekanter und Kronleuchter hergestellt werden. Kristallgl\u00e4ser sind oft f\u00fcr die prestigetr\u00e4chtigsten Anl\u00e4sse reserviert.\u00a0<\/span><span style=\"font-weight: 400;\">Bekannt f\u00fcr seine Klarheit und schillernde Sch\u00f6nheit, wurden viele dieser hochgesch\u00e4tzten Eigenschaften von Kristallglas auch in unseren SGC-Fensterfolien nachgebildet.\u00a0<\/span><span style=\"font-weight: 400;\">Es ist m\u00f6glich, eine SGC-Fensterfolie zu w\u00e4hlen, die Sichtschutz bietet. Die SGC-Folien werden jedoch meist bevorzugt, um das Aussehen des Fensterglases selbst zu verbessern.\u00a0<\/span><\/p>\n<h3><span style=\"font-weight: 400;\">Was sind Kristallfensterfolien?<\/span><\/h3>\n<p><span style=\"font-weight: 400;\">SGC - SimGlas\u00ae ist die Bezeichnung f\u00fcr unsere Fensterfolien, die das Aussehen von Kristallglas haben.\u00a0<\/span><span style=\"font-weight: 400;\">Die M\u00f6glichkeit, das hochwertige Aussehen von Kristallglas durch die Verwendung von Fensterfolien auf einfaches Glas aufzubringen, reduziert die Kosten, den Zeitaufwand und die M\u00fche, die mit der Aktualisierung von Glasoberfl\u00e4chen verbunden sind. Das Ergebnis ist ein raffiniertes Aussehen Ihres Glases, das gleichzeitig einen verbesserten Sichtschutz bietet.\u00a0<\/span><span style=\"font-weight: 400;\">Hinter den Initialen \"SGC\" finden Sie einen spezifischen Produktcode. Zur Vereinfachung der Bestellung bezieht sich jeder SGC-Code auf eine andere Art von Kristallglas.<\/span><\/p>\n<h3><span style=\"font-weight: 400;\">Was ist der Unterschied zwischen Kristallglas und Kristallglasfolie?<\/span><\/h3>\n<p><span style=\"font-weight: 400;\">Wie die meisten Arten von dekorativem Glas ist es nicht einfach oder billig, Kristallglas herzustellen. Au\u00dferdem eignen sich nicht alle Glasarten f\u00fcr bestimmte Verwendungszwecke, etwa in Fenstern oder T\u00fcren.\u00a0<\/span><span style=\"font-weight: 400;\">Aber wenn die Designverzierungen der Kristallklasse in einer Fensterfolie nachgebildet werden, sind die M\u00f6glichkeiten pl\u00f6tzlich endlos.\u00a0<\/span><\/p>\n<p><span style=\"font-weight: 400;\">Ein \u00e4hnliches Beispiel ist die Nachbildung von Holzb\u00f6den durch Porzellanfliesen, die den Hausbesitzern eine praktischere Bodenoberfl\u00e4che bieten. Das gleiche Prinzip gilt auch f\u00fcr SGC-Kristallfensterfolien: Sie k\u00f6nnen das Aussehen von Kristallglas erreichen, aber in einem benutzerfreundlichen Fensterfolienformat.\u00a0<\/span><span style=\"font-weight: 400;\">Wie wir gleich mit unseren Vorschl\u00e4gen f\u00fcr die Verwendung von SGC-Kristallglasfolien zeigen werden, gibt es viele M\u00f6glichkeiten, diese in den Innenr\u00e4umen Ihres Hauses zu verwenden.<\/span><\/p>\n<h3><span style=\"font-weight: 400;\">Wo zu kaufen <\/span><span style=\"font-weight: 400;\">Kristall <\/span><span style=\"font-weight: 400;\">Fensterfolie?<\/span><\/h3>\n<p><span style=\"font-weight: 400;\">Glass Films bietet auf seiner Website eine breite Palette von Kristallglasfolien (SGC) an. Kristallfensterfolie ahmt die Eigenschaften von Kristallglas nach, allerdings im Format einer Vinylfensterfolie. Um unsere Fensterfolien zu kaufen, suchen Sie einfach Ihr bevorzugtes Design aus, w\u00e4hlen Sie die gew\u00fcnschte Gr\u00f6\u00dfe und geben Sie Ihre Bestellung auf.\u00a0<\/span><\/p>\n<h3><span style=\"font-weight: 400;\">H\u00e4lt die Fensterfolie die Hitze drau\u00dfen?<\/span><\/h3>\n<p><span style=\"font-weight: 400;\">Ja, je nach der von Ihnen gew\u00e4hlten Fensterfolie. F\u00fcr maximale W\u00e4rmeabweisung empfehlen wir unsere <\/span><a href=\"https:\/\/staging.glassfilms.eu\/de\/produkt\/decorative-glass-films\/ultracool-s6060-60-vlt-silver-window-film\/\"><span style=\"font-weight: 400;\">UltraCool-S6060 60% VLT Silber Fensterfolie<\/span><\/a><span style=\"font-weight: 400;\"> mit einer Sonnenw\u00e4rmeabweisung von 43%. In unserem SGC-Sortiment finden Sie eine Reihe von Fensterfolien mit unterschiedlichen UV-Durchl\u00e4ssigkeitswerten, eine Eigenschaft, auf die Sie ebenfalls achten sollten.\u00a0<\/span><\/p>\n<h3><span style=\"font-weight: 400;\">Anbringen von Fensterfolien<\/span><\/h3>\n<p><span style=\"font-weight: 400;\">Eine Anleitung zur Anbringung Ihrer Fensterfolie finden Sie auf der Produktliste. Wir haben den Prozess so einfach wie m\u00f6glich gestaltet, damit Sie Ihre Fensterfolie problemlos anbringen und entfernen k\u00f6nnen. Alternativ k\u00f6nnen Sie die Folie auch von einem vertrauensw\u00fcrdigen Fensterfolienverleger anbringen lassen.\u00a0<\/span><\/p>","protected":false},"excerpt":{"rendered":"<p>SGC-6527-58 New Hammered ist eine leicht strukturierte, transparente Folie aus strapazierf\u00e4higem Polyester, die eine weichgezeichnete, verzerrte Ansicht bietet.<br \/>\nDiese dimensionsstabile Folie ist 100% UV-stabilisiert, verf\u00e4rbt sich nicht und schrumpft nicht. Sie wird mit einer silikonbeschichteten Tr\u00e4gerfolie geliefert, die den klaren, druckempfindlichen Acrylatkleber sch\u00fctzt. Sie wird f\u00fcr die Anbringung auf Innenglas empfohlen und ist ideal f\u00fcr halbprivate Ablenkungen in dekorativen oder architektonischen Anwendungen.<\/p>","protected":false},"featured_media":368246,"template":"","meta":{"_acf_changed":false},"product_brand":[],"product_cat":[378],"product_tag":[],"class_list":{"0":"post-368213","1":"product","2":"type-product","3":"status-publish","4":"has-post-thumbnail","6":"product_cat-simulated-glass-films","7":"pa_brand-simglas","9":"first","10":"onbackorder","11":"taxable","12":"shipping-taxable","13":"purchasable","14":"product-type-variable","15":"has-default-attributes"},"acf":[],"_links":{"self":[{"href":"https:\/\/staging.glassfilms.eu\/de\/wp-json\/wp\/v2\/product\/368213","targetHints":{"allow":["GET"]}}],"collection":[{"href":"https:\/\/staging.glassfilms.eu\/de\/wp-json\/wp\/v2\/product"}],"about":[{"href":"https:\/\/staging.glassfilms.eu\/de\/wp-json\/wp\/v2\/types\/product"}],"version-history":[{"count":1,"href":"https:\/\/staging.glassfilms.eu\/de\/wp-json\/wp\/v2\/product\/368213\/revisions"}],"predecessor-version":[{"id":385524,"href":"https:\/\/staging.glassfilms.eu\/de\/wp-json\/wp\/v2\/product\/368213\/revisions\/385524"}],"wp:featuredmedia":[{"embeddable":true,"href":"https:\/\/staging.glassfilms.eu\/de\/wp-json\/wp\/v2\/media\/368246"}],"wp:attachment":[{"href":"https:\/\/staging.glassfilms.eu\/de\/wp-json\/wp\/v2\/media?parent=368213"}],"wp:term":[{"taxonomy":"product_brand","embeddable":true,"href":"https:\/\/staging.glassfilms.eu\/de\/wp-json\/wp\/v2\/product_brand?post=368213"},{"taxonomy":"product_cat","embeddable":true,"href":"https:\/\/staging.glassfilms.eu\/de\/wp-json\/wp\/v2\/product_cat?post=368213"},{"taxonomy":"product_tag","embeddable":true,"href":"https:\/\/staging.glassfilms.eu\/de\/wp-json\/wp\/v2\/product_tag?post=368213"}],"curies":[{"name":"wp","href":"https:\/\/api.w.org\/{rel}","templated":true}]}}