{"id":368215,"date":"2024-06-12T10:13:28","date_gmt":"2024-06-12T10:13:28","guid":{"rendered":"https:\/\/www.glassfilms.eu\/new\/?post_type=product&#038;p=368215"},"modified":"2024-11-19T18:18:40","modified_gmt":"2024-11-19T18:18:40","slug":"sgd-6011-olde-english","status":"publish","type":"product","link":"https:\/\/staging.glassfilms.eu\/de\/produkt\/glasfolien\/simulated-glass-films\/sgd-6011-olde-english\/","title":{"rendered":"SGD-6011 \u00c4lteres Englisch"},"content":{"rendered":"","protected":false},"excerpt":{"rendered":"<p>SGD-6011 Olde English ist eine haltbare, formstabile, klare Polyesterfolie mit einem schwarzen Gittermuster auf einer geh\u00e4mmerten, glasartigen Oberfl\u00e4che. Die durch das Gitter erzeugten Rauten sind 6\" x 3\" gro\u00df und die Folienst\u00e4rke betr\u00e4gt 2 mil (50 Mikron). Die Folie ist mit einer Silikonbeschichtung versehen, die den klaren, druckempfindlichen Acrylklebstoff sch\u00fctzt, und wird f\u00fcr die Anbringung auf Innenglas empfohlen. Diese Folie ist ideal f\u00fcr dekorative oder architektonische Anwendungen.<\/p>","protected":false},"featured_media":368249,"template":"","meta":{"_acf_changed":false},"product_brand":[],"product_cat":[378],"product_tag":[],"class_list":{"0":"post-368215","1":"product","2":"type-product","3":"status-publish","4":"has-post-thumbnail","6":"product_cat-simulated-glass-films","7":"pa_brand-simglas","9":"first","10":"onbackorder","11":"taxable","12":"shipping-taxable","13":"purchasable","14":"product-type-variable","15":"has-default-attributes"},"acf":[],"_links":{"self":[{"href":"https:\/\/staging.glassfilms.eu\/de\/wp-json\/wp\/v2\/product\/368215","targetHints":{"allow":["GET"]}}],"collection":[{"href":"https:\/\/staging.glassfilms.eu\/de\/wp-json\/wp\/v2\/product"}],"about":[{"href":"https:\/\/staging.glassfilms.eu\/de\/wp-json\/wp\/v2\/types\/product"}],"version-history":[{"count":1,"href":"https:\/\/staging.glassfilms.eu\/de\/wp-json\/wp\/v2\/product\/368215\/revisions"}],"predecessor-version":[{"id":384041,"href":"https:\/\/staging.glassfilms.eu\/de\/wp-json\/wp\/v2\/product\/368215\/revisions\/384041"}],"wp:featuredmedia":[{"embeddable":true,"href":"https:\/\/staging.glassfilms.eu\/de\/wp-json\/wp\/v2\/media\/368249"}],"wp:attachment":[{"href":"https:\/\/staging.glassfilms.eu\/de\/wp-json\/wp\/v2\/media?parent=368215"}],"wp:term":[{"taxonomy":"product_brand","embeddable":true,"href":"https:\/\/staging.glassfilms.eu\/de\/wp-json\/wp\/v2\/product_brand?post=368215"},{"taxonomy":"product_cat","embeddable":true,"href":"https:\/\/staging.glassfilms.eu\/de\/wp-json\/wp\/v2\/product_cat?post=368215"},{"taxonomy":"product_tag","embeddable":true,"href":"https:\/\/staging.glassfilms.eu\/de\/wp-json\/wp\/v2\/product_tag?post=368215"}],"curies":[{"name":"wp","href":"https:\/\/api.w.org\/{rel}","templated":true}]}}