{"id":368432,"date":"2024-06-12T10:14:23","date_gmt":"2024-06-12T10:14:23","guid":{"rendered":"https:\/\/www.glassfilms.eu\/new\/?post_type=product&#038;p=368432"},"modified":"2024-11-19T17:17:55","modified_gmt":"2024-11-19T17:17:55","slug":"sx-sc463-easyfit-axis","status":"publish","type":"product","link":"https:\/\/staging.glassfilms.eu\/de\/produkt\/glasfolien\/easyfit-window-films\/easyfit-cut-glass\/sx-sc463-easyfit-achse-2\/","title":{"rendered":"SX-SC463 easyfit-Achse"},"content":{"rendered":"","protected":false},"excerpt":{"rendered":"<p>SX-SC463 easyfit Axis wird f\u00fcr die Anbringung auf Glas-, Kunststoff- und Polycarbonatplatten im Innenbereich empfohlen. Diese Folie besteht aus einer haltbaren easyfit-Polypropylenfolie mit einer gepr\u00e4gten, strukturierten Oberfl\u00e4che. Die Folien haben eine klare, abnehmbare Schutzfolie auf der R\u00fcckseite, die vor der Montage entfernt werden sollte.<\/p>\n<p>Unser Angebot an <a href=\"https:\/\/staging.glassfilms.eu\/de\/easyfit-2\/\">easyfit<\/a> Glasfolien sind vollst\u00e4ndig abl\u00f6sbar, wiederverwendbar und enthalten keinen Klebstoff. Unser easyfit-Sortiment kann auf jeder glatten, nicht por\u00f6sen Oberfl\u00e4che verwendet werden, und das Beste ist, dass es in nur wenigen Minuten angebracht werden kann!<\/p>","protected":false},"featured_media":368463,"template":"","meta":{"_acf_changed":false},"product_brand":[],"product_cat":[304,744,742,301,303],"product_tag":[],"class_list":{"0":"post-368432","1":"product","2":"type-product","3":"status-publish","4":"has-post-thumbnail","6":"product_cat-cut-glass-window-films","7":"product_cat-easyfit-cut-glass","8":"product_cat-easyfit-window-films","9":"product_cat-glass-films","10":"product_cat-textured-window-film","11":"pa_brand-easyfit","13":"first","14":"onbackorder","15":"taxable","16":"shipping-taxable","17":"purchasable","18":"product-type-variable","19":"has-default-attributes"},"acf":[],"_links":{"self":[{"href":"https:\/\/staging.glassfilms.eu\/de\/wp-json\/wp\/v2\/product\/368432","targetHints":{"allow":["GET"]}}],"collection":[{"href":"https:\/\/staging.glassfilms.eu\/de\/wp-json\/wp\/v2\/product"}],"about":[{"href":"https:\/\/staging.glassfilms.eu\/de\/wp-json\/wp\/v2\/types\/product"}],"version-history":[{"count":1,"href":"https:\/\/staging.glassfilms.eu\/de\/wp-json\/wp\/v2\/product\/368432\/revisions"}],"predecessor-version":[{"id":387766,"href":"https:\/\/staging.glassfilms.eu\/de\/wp-json\/wp\/v2\/product\/368432\/revisions\/387766"}],"wp:featuredmedia":[{"embeddable":true,"href":"https:\/\/staging.glassfilms.eu\/de\/wp-json\/wp\/v2\/media\/368463"}],"wp:attachment":[{"href":"https:\/\/staging.glassfilms.eu\/de\/wp-json\/wp\/v2\/media?parent=368432"}],"wp:term":[{"taxonomy":"product_brand","embeddable":true,"href":"https:\/\/staging.glassfilms.eu\/de\/wp-json\/wp\/v2\/product_brand?post=368432"},{"taxonomy":"product_cat","embeddable":true,"href":"https:\/\/staging.glassfilms.eu\/de\/wp-json\/wp\/v2\/product_cat?post=368432"},{"taxonomy":"product_tag","embeddable":true,"href":"https:\/\/staging.glassfilms.eu\/de\/wp-json\/wp\/v2\/product_tag?post=368432"}],"curies":[{"name":"wp","href":"https:\/\/api.w.org\/{rel}","templated":true}]}}