{"id":368517,"date":"2024-06-12T10:14:44","date_gmt":"2024-06-12T10:14:44","guid":{"rendered":"https:\/\/www.glassfilms.eu\/new\/?post_type=product&#038;p=368517"},"modified":"2024-11-19T16:40:14","modified_gmt":"2024-11-19T16:40:14","slug":"sx-1277-spun-glass","status":"publish","type":"product","link":"https:\/\/staging.glassfilms.eu\/de\/produkt\/glasfolien\/textured-window-film\/cut-glass-window-films\/sx-1277-geschleudert-glas-2\/","title":{"rendered":"SX-1277 Glasgespinst"},"content":{"rendered":"","protected":false},"excerpt":{"rendered":"<p>SX-1277 Spun Glass ist eine leicht strukturierte, halbtransparente Folie aus strapazierf\u00e4higem Polyester, die eine verzerrte Privatsph\u00e4re bietet. Diese dimensionsstabile Folie ist 100% UV-stabilisiert, verf\u00e4rbt sich nicht und schrumpft nicht. Sie wird mit einer silikonbeschichteten, abnehmbaren Tr\u00e4gerfolie geliefert, die den klaren, druckempfindlichen Acrylklebstoff sch\u00fctzt. Sie wird f\u00fcr die Anbringung auf Innenverglasungen empfohlen und ist ideal f\u00fcr die Ablenkung der Privatsph\u00e4re bei dekorativen oder architektonischen Anwendungen.<\/p>","protected":false},"featured_media":368548,"template":"","meta":{"_acf_changed":false},"product_brand":[],"product_cat":[304,301,378,303],"product_tag":[],"class_list":{"0":"post-368517","1":"product","2":"type-product","3":"status-publish","4":"has-post-thumbnail","6":"product_cat-cut-glass-window-films","7":"product_cat-glass-films","8":"product_cat-simulated-glass-films","9":"product_cat-textured-window-film","10":"pa_brand-simglas","12":"first","13":"onbackorder","14":"taxable","15":"shipping-taxable","16":"purchasable","17":"product-type-variable","18":"has-default-attributes"},"acf":[],"_links":{"self":[{"href":"https:\/\/staging.glassfilms.eu\/de\/wp-json\/wp\/v2\/product\/368517","targetHints":{"allow":["GET"]}}],"collection":[{"href":"https:\/\/staging.glassfilms.eu\/de\/wp-json\/wp\/v2\/product"}],"about":[{"href":"https:\/\/staging.glassfilms.eu\/de\/wp-json\/wp\/v2\/types\/product"}],"version-history":[{"count":1,"href":"https:\/\/staging.glassfilms.eu\/de\/wp-json\/wp\/v2\/product\/368517\/revisions"}],"predecessor-version":[{"id":384108,"href":"https:\/\/staging.glassfilms.eu\/de\/wp-json\/wp\/v2\/product\/368517\/revisions\/384108"}],"wp:featuredmedia":[{"embeddable":true,"href":"https:\/\/staging.glassfilms.eu\/de\/wp-json\/wp\/v2\/media\/368548"}],"wp:attachment":[{"href":"https:\/\/staging.glassfilms.eu\/de\/wp-json\/wp\/v2\/media?parent=368517"}],"wp:term":[{"taxonomy":"product_brand","embeddable":true,"href":"https:\/\/staging.glassfilms.eu\/de\/wp-json\/wp\/v2\/product_brand?post=368517"},{"taxonomy":"product_cat","embeddable":true,"href":"https:\/\/staging.glassfilms.eu\/de\/wp-json\/wp\/v2\/product_cat?post=368517"},{"taxonomy":"product_tag","embeddable":true,"href":"https:\/\/staging.glassfilms.eu\/de\/wp-json\/wp\/v2\/product_tag?post=368517"}],"curies":[{"name":"wp","href":"https:\/\/api.w.org\/{rel}","templated":true}]}}