{"id":368527,"date":"2024-06-12T10:14:45","date_gmt":"2024-06-12T10:14:45","guid":{"rendered":"https:\/\/www.glassfilms.eu\/new\/?post_type=product&#038;p=368527"},"modified":"2024-11-19T15:21:48","modified_gmt":"2024-11-19T15:21:48","slug":"sx-3174-cinnamon-organic-cotton","status":"publish","type":"product","link":"https:\/\/staging.glassfilms.eu\/de\/produkt\/glasfolien\/patterned-window-film\/natural-patterned-window-film\/sx-3174-zimt-bio-baumwolle\/","title":{"rendered":"SX-3174 Zimt Bio-Baumwolle"},"content":{"rendered":"","protected":false},"excerpt":{"rendered":"<p>SX-3174 Cinnamon Organic Cotton besteht aus d\u00fcnnen vertikalen und horizontalen Linien, die gewebten Baumwollstoff simulieren. Der Raum zwischen den farbigen Linien ist leicht mattiert, ideal, um die Sicht zu verdecken und dennoch eine gute Lichtdurchl\u00e4ssigkeit zu gew\u00e4hrleisten.<\/p>\n<p>Diese Folie wird f\u00fcr die Anbringung auf Innen- und Au\u00dfenglas (Innenfl\u00e4che) empfohlen. Hergestellt aus haltbarer, optisch klarer PET-Folie mit einem aufgedruckten Muster. Wird mit einer Silikonfolie geliefert, die den klaren Haftkleber sch\u00fctzt, und kann mit denselben Werkzeugen und Techniken wie Fensterfolien angebracht werden.<\/p>","protected":false},"featured_media":368558,"template":"","meta":{"_acf_changed":false},"product_brand":[],"product_cat":[302,301,499,306],"product_tag":[],"class_list":{"0":"post-368527","1":"product","2":"type-product","3":"status-publish","4":"has-post-thumbnail","6":"product_cat-coloured-window-film","7":"product_cat-glass-films","8":"product_cat-natural-patterned-window-film","9":"product_cat-patterned-window-film","10":"pa_brand-solyx","12":"first","13":"onbackorder","14":"taxable","15":"shipping-taxable","16":"purchasable","17":"product-type-variable","18":"has-default-attributes"},"acf":[],"_links":{"self":[{"href":"https:\/\/staging.glassfilms.eu\/de\/wp-json\/wp\/v2\/product\/368527","targetHints":{"allow":["GET"]}}],"collection":[{"href":"https:\/\/staging.glassfilms.eu\/de\/wp-json\/wp\/v2\/product"}],"about":[{"href":"https:\/\/staging.glassfilms.eu\/de\/wp-json\/wp\/v2\/types\/product"}],"version-history":[{"count":1,"href":"https:\/\/staging.glassfilms.eu\/de\/wp-json\/wp\/v2\/product\/368527\/revisions"}],"predecessor-version":[{"id":384307,"href":"https:\/\/staging.glassfilms.eu\/de\/wp-json\/wp\/v2\/product\/368527\/revisions\/384307"}],"wp:featuredmedia":[{"embeddable":true,"href":"https:\/\/staging.glassfilms.eu\/de\/wp-json\/wp\/v2\/media\/368558"}],"wp:attachment":[{"href":"https:\/\/staging.glassfilms.eu\/de\/wp-json\/wp\/v2\/media?parent=368527"}],"wp:term":[{"taxonomy":"product_brand","embeddable":true,"href":"https:\/\/staging.glassfilms.eu\/de\/wp-json\/wp\/v2\/product_brand?post=368527"},{"taxonomy":"product_cat","embeddable":true,"href":"https:\/\/staging.glassfilms.eu\/de\/wp-json\/wp\/v2\/product_cat?post=368527"},{"taxonomy":"product_tag","embeddable":true,"href":"https:\/\/staging.glassfilms.eu\/de\/wp-json\/wp\/v2\/product_tag?post=368527"}],"curies":[{"name":"wp","href":"https:\/\/api.w.org\/{rel}","templated":true}]}}