{"id":368575,"date":"2024-06-12T10:14:56","date_gmt":"2024-06-12T10:14:56","guid":{"rendered":"https:\/\/www.glassfilms.eu\/new\/?post_type=product&#038;p=368575"},"modified":"2024-11-19T16:51:36","modified_gmt":"2024-11-19T16:51:36","slug":"sx-1282-crystal-weave-1","status":"publish","type":"product","link":"https:\/\/staging.glassfilms.eu\/de\/produkt\/glasfolien\/patterned-window-film\/square-pattern-window-films\/sx-1282-crystal-weave-1\/","title":{"rendered":"SX-1282 Kristall-Gewebe 1\u2033."},"content":{"rendered":"","protected":false},"excerpt":{"rendered":"<p>SX-1282 Crystal Weave ist eine gepr\u00e4gte Polyesterfolie, die geschliffenen Kristallen in einer eleganten Webstruktur \u00e4hnelt. Das Muster besteht aus Bl\u00f6cken, die jeweils 1 Zoll gro\u00df sind. Diese Folie sorgt f\u00fcr verdeckte Sicht und bietet gleichzeitig eine hervorragende Lichtdurchl\u00e4ssigkeit.<\/p>","protected":false},"featured_media":368605,"template":"","meta":{"_acf_changed":false},"product_brand":[],"product_cat":[304,301,306,378,380,303],"product_tag":[],"class_list":{"0":"post-368575","1":"product","2":"type-product","3":"status-publish","4":"has-post-thumbnail","6":"product_cat-cut-glass-window-films","7":"product_cat-glass-films","8":"product_cat-patterned-window-film","9":"product_cat-simulated-glass-films","10":"product_cat-square-pattern-window-films","11":"product_cat-textured-window-film","12":"pa_brand-simglas","14":"first","15":"onbackorder","16":"taxable","17":"shipping-taxable","18":"purchasable","19":"product-type-variable","20":"has-default-attributes"},"acf":[],"_links":{"self":[{"href":"https:\/\/staging.glassfilms.eu\/de\/wp-json\/wp\/v2\/product\/368575","targetHints":{"allow":["GET"]}}],"collection":[{"href":"https:\/\/staging.glassfilms.eu\/de\/wp-json\/wp\/v2\/product"}],"about":[{"href":"https:\/\/staging.glassfilms.eu\/de\/wp-json\/wp\/v2\/types\/product"}],"version-history":[{"count":2,"href":"https:\/\/staging.glassfilms.eu\/de\/wp-json\/wp\/v2\/product\/368575\/revisions"}],"predecessor-version":[{"id":383272,"href":"https:\/\/staging.glassfilms.eu\/de\/wp-json\/wp\/v2\/product\/368575\/revisions\/383272"}],"wp:featuredmedia":[{"embeddable":true,"href":"https:\/\/staging.glassfilms.eu\/de\/wp-json\/wp\/v2\/media\/368605"}],"wp:attachment":[{"href":"https:\/\/staging.glassfilms.eu\/de\/wp-json\/wp\/v2\/media?parent=368575"}],"wp:term":[{"taxonomy":"product_brand","embeddable":true,"href":"https:\/\/staging.glassfilms.eu\/de\/wp-json\/wp\/v2\/product_brand?post=368575"},{"taxonomy":"product_cat","embeddable":true,"href":"https:\/\/staging.glassfilms.eu\/de\/wp-json\/wp\/v2\/product_cat?post=368575"},{"taxonomy":"product_tag","embeddable":true,"href":"https:\/\/staging.glassfilms.eu\/de\/wp-json\/wp\/v2\/product_tag?post=368575"}],"curies":[{"name":"wp","href":"https:\/\/api.w.org\/{rel}","templated":true}]}}