{"id":368577,"date":"2024-06-12T10:14:56","date_gmt":"2024-06-12T10:14:56","guid":{"rendered":"https:\/\/www.glassfilms.eu\/new\/?post_type=product&#038;p=368577"},"modified":"2024-11-26T09:03:21","modified_gmt":"2024-11-26T09:03:21","slug":"sxj-2081-dry-erase-dual-fade-gradient","status":"publish","type":"product","link":"https:\/\/staging.glassfilms.eu\/de\/produkt\/glasfolien\/gradient-window-film\/60-high-gradient-films\/sxj-2081-dry-erase-dual-fade-gradient\/","title":{"rendered":"SXJ-2081 Dry Erase Dual Fade Gradient"},"content":{"rendered":"","protected":false},"excerpt":{"rendered":"<p>SXJ-2081 Dry Erase Dual Fade ist eine einzigartige Folie mit zweifachem Farbverlauf, die wir mit einem hochwertigen Dry Erase \/ Writable Topcoat entwickelt haben. Der sehr feine Punktverlauf sorgt f\u00fcr Sichtschutz in Augenh\u00f6he und verblasst an den oberen und unteren R\u00e4ndern zu Klarsicht. SXJ-2081 ist sowohl f\u00fcr die Anbringung auf Innen- als auch auf Au\u00dfenverglasungen geeignet. Es ist ideal f\u00fcr Sichtschutz-, Dekorations- oder Architekturanwendungen.<\/p>","protected":false},"featured_media":368608,"template":"","meta":{"_acf_changed":false},"product_brand":[],"product_cat":[311,301,310],"product_tag":[774,775,776],"class_list":{"0":"post-368577","1":"product","2":"type-product","3":"status-publish","4":"has-post-thumbnail","6":"product_cat-60-high-gradient-films","7":"product_cat-glass-films","8":"product_cat-gradient-window-film","9":"product_tag-dual-fade","10":"product_tag-gradient","11":"product_tag-writable","12":"pa_brand-solyx","14":"first","15":"onbackorder","16":"taxable","17":"shipping-taxable","18":"purchasable","19":"product-type-variable","20":"has-default-attributes"},"acf":[],"_links":{"self":[{"href":"https:\/\/staging.glassfilms.eu\/de\/wp-json\/wp\/v2\/product\/368577","targetHints":{"allow":["GET"]}}],"collection":[{"href":"https:\/\/staging.glassfilms.eu\/de\/wp-json\/wp\/v2\/product"}],"about":[{"href":"https:\/\/staging.glassfilms.eu\/de\/wp-json\/wp\/v2\/types\/product"}],"version-history":[{"count":1,"href":"https:\/\/staging.glassfilms.eu\/de\/wp-json\/wp\/v2\/product\/368577\/revisions"}],"predecessor-version":[{"id":384808,"href":"https:\/\/staging.glassfilms.eu\/de\/wp-json\/wp\/v2\/product\/368577\/revisions\/384808"}],"wp:featuredmedia":[{"embeddable":true,"href":"https:\/\/staging.glassfilms.eu\/de\/wp-json\/wp\/v2\/media\/368608"}],"wp:attachment":[{"href":"https:\/\/staging.glassfilms.eu\/de\/wp-json\/wp\/v2\/media?parent=368577"}],"wp:term":[{"taxonomy":"product_brand","embeddable":true,"href":"https:\/\/staging.glassfilms.eu\/de\/wp-json\/wp\/v2\/product_brand?post=368577"},{"taxonomy":"product_cat","embeddable":true,"href":"https:\/\/staging.glassfilms.eu\/de\/wp-json\/wp\/v2\/product_cat?post=368577"},{"taxonomy":"product_tag","embeddable":true,"href":"https:\/\/staging.glassfilms.eu\/de\/wp-json\/wp\/v2\/product_tag?post=368577"}],"curies":[{"name":"wp","href":"https:\/\/api.w.org\/{rel}","templated":true}]}}