{"id":366586,"date":"2024-06-12T10:07:05","date_gmt":"2024-06-12T10:07:05","guid":{"rendered":"https:\/\/www.glassfilms.eu\/new\/?post_type=product&#038;p=366586"},"modified":"2024-11-15T15:28:11","modified_gmt":"2024-11-15T15:28:11","slug":"sxp-056uv-ice-blue","status":"publish","type":"product","link":"https:\/\/staging.glassfilms.eu\/es\/producto\/laminas-de-vidrio\/coloured-window-film\/sxp-056uv-azul-hielo\/","title":{"rendered":"SXP-056UV Azul hielo"},"content":{"rendered":"","protected":false},"excerpt":{"rendered":"<p>Film de poli\u00e9ster transparente, \u00f3pticamente claro, estabilizado a los rayos UV, coloreado, con revestimiento protector resistente a los ara\u00f1azos. Superficie brillante. Creada para dise\u00f1os de vidrieras o vidrieras iluminadas de alta calidad, gr\u00e1ficos para ventanas y superficies de vidrio retroiluminadas. Disponible en 25 colores brillantes que pueden superponerse para crear una paleta de colores infinita. (Los colores de las im\u00e1genes son representativos. Pida muestras para ver los colores con precisi\u00f3n). Esta l\u00e1mina es apta para su instalaci\u00f3n con luz solar directa.<\/p>","protected":false},"featured_media":366637,"template":"","meta":{"_acf_changed":false},"product_brand":[],"product_cat":[302,301],"product_tag":[],"class_list":{"0":"post-366586","1":"product","2":"type-product","3":"status-publish","4":"has-post-thumbnail","6":"product_cat-coloured-window-film","7":"product_cat-glass-films","8":"pa_brand-solyx","10":"first","11":"onbackorder","12":"taxable","13":"shipping-taxable","14":"purchasable","15":"product-type-variable","16":"has-default-attributes"},"acf":[],"_links":{"self":[{"href":"https:\/\/staging.glassfilms.eu\/es\/wp-json\/wp\/v2\/product\/366586","targetHints":{"allow":["GET"]}}],"collection":[{"href":"https:\/\/staging.glassfilms.eu\/es\/wp-json\/wp\/v2\/product"}],"about":[{"href":"https:\/\/staging.glassfilms.eu\/es\/wp-json\/wp\/v2\/types\/product"}],"version-history":[{"count":1,"href":"https:\/\/staging.glassfilms.eu\/es\/wp-json\/wp\/v2\/product\/366586\/revisions"}],"predecessor-version":[{"id":383551,"href":"https:\/\/staging.glassfilms.eu\/es\/wp-json\/wp\/v2\/product\/366586\/revisions\/383551"}],"wp:featuredmedia":[{"embeddable":true,"href":"https:\/\/staging.glassfilms.eu\/es\/wp-json\/wp\/v2\/media\/366637"}],"wp:attachment":[{"href":"https:\/\/staging.glassfilms.eu\/es\/wp-json\/wp\/v2\/media?parent=366586"}],"wp:term":[{"taxonomy":"product_brand","embeddable":true,"href":"https:\/\/staging.glassfilms.eu\/es\/wp-json\/wp\/v2\/product_brand?post=366586"},{"taxonomy":"product_cat","embeddable":true,"href":"https:\/\/staging.glassfilms.eu\/es\/wp-json\/wp\/v2\/product_cat?post=366586"},{"taxonomy":"product_tag","embeddable":true,"href":"https:\/\/staging.glassfilms.eu\/es\/wp-json\/wp\/v2\/product_tag?post=366586"}],"curies":[{"name":"wp","href":"https:\/\/api.w.org\/{rel}","templated":true}]}}