{"id":366608,"date":"2024-06-12T10:07:05","date_gmt":"2024-06-12T10:07:05","guid":{"rendered":"https:\/\/www.glassfilms.eu\/new\/?post_type=product&#038;p=366608"},"modified":"2024-11-28T10:59:05","modified_gmt":"2024-11-28T10:59:05","slug":"sx-1002-clear-sand-blast","status":"publish","type":"product","link":"https:\/\/staging.glassfilms.eu\/es\/producto\/laminas-de-vidrio\/frosted-window-film\/simple-frost\/sx-1002-clear-sand-blast\/","title":{"rendered":"SX-1002 Chorro de arena transparente"},"content":{"rendered":"","protected":false},"excerpt":{"rendered":"<p>SX-1002 Clear Sand Blast Transl\u00facido pel\u00edcula de vinilo en relieve. Una pel\u00edcula preciosa. Copia exacta del vidrio arenado. Ideal para ocultar la visibilidad directa y permite una excelente transmisi\u00f3n de la luz.<\/p>","protected":false},"featured_media":366767,"template":"","meta":{"_acf_changed":false},"product_brand":[],"product_cat":[305,301,308,23],"product_tag":[],"class_list":{"0":"post-366608","1":"product","2":"type-product","3":"status-publish","4":"has-post-thumbnail","6":"product_cat-frosted-window-film","7":"product_cat-glass-films","8":"product_cat-light-diffusing-window-films","9":"product_cat-simple-frost","10":"pa_brand-solyx","12":"first","13":"onbackorder","14":"taxable","15":"shipping-taxable","16":"purchasable","17":"product-type-variable","18":"has-default-attributes"},"acf":[],"_links":{"self":[{"href":"https:\/\/staging.glassfilms.eu\/es\/wp-json\/wp\/v2\/product\/366608","targetHints":{"allow":["GET"]}}],"collection":[{"href":"https:\/\/staging.glassfilms.eu\/es\/wp-json\/wp\/v2\/product"}],"about":[{"href":"https:\/\/staging.glassfilms.eu\/es\/wp-json\/wp\/v2\/types\/product"}],"version-history":[{"count":1,"href":"https:\/\/staging.glassfilms.eu\/es\/wp-json\/wp\/v2\/product\/366608\/revisions"}],"predecessor-version":[{"id":385529,"href":"https:\/\/staging.glassfilms.eu\/es\/wp-json\/wp\/v2\/product\/366608\/revisions\/385529"}],"wp:featuredmedia":[{"embeddable":true,"href":"https:\/\/staging.glassfilms.eu\/es\/wp-json\/wp\/v2\/media\/366767"}],"wp:attachment":[{"href":"https:\/\/staging.glassfilms.eu\/es\/wp-json\/wp\/v2\/media?parent=366608"}],"wp:term":[{"taxonomy":"product_brand","embeddable":true,"href":"https:\/\/staging.glassfilms.eu\/es\/wp-json\/wp\/v2\/product_brand?post=366608"},{"taxonomy":"product_cat","embeddable":true,"href":"https:\/\/staging.glassfilms.eu\/es\/wp-json\/wp\/v2\/product_cat?post=366608"},{"taxonomy":"product_tag","embeddable":true,"href":"https:\/\/staging.glassfilms.eu\/es\/wp-json\/wp\/v2\/product_tag?post=366608"}],"curies":[{"name":"wp","href":"https:\/\/api.w.org\/{rel}","templated":true}]}}