{"id":366707,"date":"2024-06-12T10:07:28","date_gmt":"2024-06-12T10:07:28","guid":{"rendered":"https:\/\/www.glassfilms.eu\/new\/?post_type=product&#038;p=366707"},"modified":"2024-11-19T18:24:46","modified_gmt":"2024-11-19T18:24:46","slug":"sgv-6612-frosted-persimmon","status":"publish","type":"product","link":"https:\/\/staging.glassfilms.eu\/es\/producto\/laminas-de-vidrio\/frosted-window-film\/sgv-6612-frosted-persimmon\/","title":{"rendered":"SGV-6612 Caqui esmerilado"},"content":{"rendered":"","protected":false},"excerpt":{"rendered":"<p>SGV-6612 Frosted Persimmon est\u00e1 fabricado con una duradera l\u00e1mina de PVC polim\u00e9rico. La l\u00e1mina est\u00e1 estabilizada contra los rayos UV y no se decolora ni encoge.<\/p>","protected":false},"featured_media":366835,"template":"","meta":{"_acf_changed":false},"product_brand":[],"product_cat":[305,301,378],"product_tag":[],"class_list":{"0":"post-366707","1":"product","2":"type-product","3":"status-publish","4":"has-post-thumbnail","6":"product_cat-frosted-window-film","7":"product_cat-glass-films","8":"product_cat-simulated-glass-films","9":"pa_brand-simglas","11":"first","12":"onbackorder","13":"taxable","14":"shipping-taxable","15":"purchasable","16":"product-type-variable","17":"has-default-attributes"},"acf":[],"_links":{"self":[{"href":"https:\/\/staging.glassfilms.eu\/es\/wp-json\/wp\/v2\/product\/366707","targetHints":{"allow":["GET"]}}],"collection":[{"href":"https:\/\/staging.glassfilms.eu\/es\/wp-json\/wp\/v2\/product"}],"about":[{"href":"https:\/\/staging.glassfilms.eu\/es\/wp-json\/wp\/v2\/types\/product"}],"version-history":[{"count":1,"href":"https:\/\/staging.glassfilms.eu\/es\/wp-json\/wp\/v2\/product\/366707\/revisions"}],"predecessor-version":[{"id":385526,"href":"https:\/\/staging.glassfilms.eu\/es\/wp-json\/wp\/v2\/product\/366707\/revisions\/385526"}],"wp:featuredmedia":[{"embeddable":true,"href":"https:\/\/staging.glassfilms.eu\/es\/wp-json\/wp\/v2\/media\/366835"}],"wp:attachment":[{"href":"https:\/\/staging.glassfilms.eu\/es\/wp-json\/wp\/v2\/media?parent=366707"}],"wp:term":[{"taxonomy":"product_brand","embeddable":true,"href":"https:\/\/staging.glassfilms.eu\/es\/wp-json\/wp\/v2\/product_brand?post=366707"},{"taxonomy":"product_cat","embeddable":true,"href":"https:\/\/staging.glassfilms.eu\/es\/wp-json\/wp\/v2\/product_cat?post=366707"},{"taxonomy":"product_tag","embeddable":true,"href":"https:\/\/staging.glassfilms.eu\/es\/wp-json\/wp\/v2\/product_tag?post=366707"}],"curies":[{"name":"wp","href":"https:\/\/api.w.org\/{rel}","templated":true}]}}