{"id":366708,"date":"2024-06-12T10:07:28","date_gmt":"2024-06-12T10:07:28","guid":{"rendered":"https:\/\/www.glassfilms.eu\/new\/?post_type=product&#038;p=366708"},"modified":"2024-11-21T15:34:07","modified_gmt":"2024-11-21T15:34:07","slug":"sx-6040-antique-silver-mirror","status":"publish","type":"product","link":"https:\/\/staging.glassfilms.eu\/es\/producto\/laminas-de-vidrio\/frosted-window-film\/opaque-window-films\/sx-6040-antique-mirror\/","title":{"rendered":"SX-6040 Espejo Plata Antigua"},"content":{"rendered":"<p><span style=\"font-weight: 400;\">Nuestras l\u00e1minas texturadas para ventanas con codificaci\u00f3n \"SX-\", tambi\u00e9n conocidas como Solyx, abarcan la gama m\u00e1s amplia de todas nuestras categor\u00edas de productos. <\/span><span style=\"font-weight: 400;\">Algunas de las texturas que se pueden conseguir con Solyx son el cristal de espejo antiguo, el cristal coloreado, el algod\u00f3n, el cristal grabado, el cristal esmerilado, el mosaico y el cristal de ca\u00f1a. Sin embargo, tambi\u00e9n encontrar\u00e1 muchas l\u00e1minas para ventanas con efectos especiales que pueden crear un deslumbrante espect\u00e1culo de colores para el cristal de su ventana. <\/span><span style=\"font-weight: 400;\">Hay un sinf\u00edn de dise\u00f1os que explorar para el cristal en general, el cristal de las ventanas, el cristal de los espejos e incluso los revestimientos murales.\u00a0<\/span><\/p>\n<p><span style=\"font-weight: 400;\">Aqu\u00ed en <\/span><a href=\"https:\/\/staging.glassfilms.eu\/es\/\"><span style=\"font-weight: 400;\">Pel\u00edculas de vidrio<\/span><\/a><span style=\"font-weight: 400;\">nuestras l\u00e1minas para ventanas SX pueden satisfacer sus necesidades exactas en t\u00e9rminos de entorno y requisitos generales, como una mayor privacidad o efectos visuales.\u00a0 <\/span><span style=\"font-weight: 400;\">F\u00e1cil de aplicar y quitar, nuestro <\/span><a href=\"https:\/\/staging.glassfilms.eu\/es\/?s=sx-&amp;post_type=product\"><span style=\"font-weight: 400;\">L\u00e1minas texturadas Solyx para ventanas<\/span><\/a><span style=\"font-weight: 400;\"> tambi\u00e9n son rentables y convenientes para cualquier proyecto de interiorismo.<\/span><\/p>","protected":false},"excerpt":{"rendered":"<p>SX-6040 Antique Silver Mirror es una l\u00e1mina decorativa de poli\u00e9ster reflectante plateada con un dise\u00f1o decorativo antiguo. Es<br \/>\nperfecto para la intimidad, o un revestimiento decorativo instalado sobre un cristal existente para simular espejos antiguos.<\/p>","protected":false},"featured_media":366841,"template":"","meta":{"_acf_changed":false},"product_brand":[],"product_cat":[788,301,309],"product_tag":[790,789],"class_list":{"0":"post-366708","1":"product","2":"type-product","3":"status-publish","4":"has-post-thumbnail","6":"product_cat-antique-vintage-window-films","7":"product_cat-glass-films","8":"product_cat-opaque-window-films","9":"product_tag-antique","10":"product_tag-silver","11":"pa_brand-solyx","13":"first","14":"instock","15":"featured","16":"taxable","17":"shipping-taxable","18":"purchasable","19":"product-type-variable","20":"has-default-attributes"},"acf":[],"_links":{"self":[{"href":"https:\/\/staging.glassfilms.eu\/es\/wp-json\/wp\/v2\/product\/366708","targetHints":{"allow":["GET"]}}],"collection":[{"href":"https:\/\/staging.glassfilms.eu\/es\/wp-json\/wp\/v2\/product"}],"about":[{"href":"https:\/\/staging.glassfilms.eu\/es\/wp-json\/wp\/v2\/types\/product"}],"version-history":[{"count":1,"href":"https:\/\/staging.glassfilms.eu\/es\/wp-json\/wp\/v2\/product\/366708\/revisions"}],"predecessor-version":[{"id":384373,"href":"https:\/\/staging.glassfilms.eu\/es\/wp-json\/wp\/v2\/product\/366708\/revisions\/384373"}],"wp:featuredmedia":[{"embeddable":true,"href":"https:\/\/staging.glassfilms.eu\/es\/wp-json\/wp\/v2\/media\/366841"}],"wp:attachment":[{"href":"https:\/\/staging.glassfilms.eu\/es\/wp-json\/wp\/v2\/media?parent=366708"}],"wp:term":[{"taxonomy":"product_brand","embeddable":true,"href":"https:\/\/staging.glassfilms.eu\/es\/wp-json\/wp\/v2\/product_brand?post=366708"},{"taxonomy":"product_cat","embeddable":true,"href":"https:\/\/staging.glassfilms.eu\/es\/wp-json\/wp\/v2\/product_cat?post=366708"},{"taxonomy":"product_tag","embeddable":true,"href":"https:\/\/staging.glassfilms.eu\/es\/wp-json\/wp\/v2\/product_tag?post=366708"}],"curies":[{"name":"wp","href":"https:\/\/api.w.org\/{rel}","templated":true}]}}