{"id":366799,"date":"2024-06-12T10:07:49","date_gmt":"2024-06-12T10:07:49","guid":{"rendered":"https:\/\/www.glassfilms.eu\/new\/?post_type=product&#038;p=366799"},"modified":"2024-11-19T14:59:52","modified_gmt":"2024-11-19T14:59:52","slug":"sgv-6601-master-ray","status":"publish","type":"product","link":"https:\/\/staging.glassfilms.eu\/es\/producto\/laminas-de-vidrio\/retro-window-films\/sgv-6601-master-ray\/","title":{"rendered":"SGV-6601 Rayo maestro"},"content":{"rendered":"<h2><span style=\"font-weight: 400;\">SGV Window Film FAQs<\/span><\/h2>\n<p><span style=\"font-weight: 400;\">A continuaci\u00f3n hemos respondido a algunas de las preguntas m\u00e1s frecuentes sobre la compra de nuestros vinilos texturizados para ventanas dentro de la categor\u00eda SGV.\u00a0<\/span><\/p>\n<p><span style=\"font-weight: 400;\">Si no ve su consulta, p\u00f3ngase en contacto con nuestro equipo de atenci\u00f3n al cliente llamando al tel\u00e9fono <\/span><span style=\"font-weight: 400;\">\u00a0<\/span><b>0800 970 6366<\/b><span style=\"font-weight: 400;\"> o env\u00edenos un correo electr\u00f3nico a <\/span><a href=\"mailto:sales@glassfilms.eu\"><span style=\"font-weight: 400;\">sales@glassfilms.eu<\/span><\/a><span style=\"font-weight: 400;\">.<\/span><\/p>\n<p><span style=\"font-weight: 400;\">Tambi\u00e9n puede mantenerse al d\u00eda de nuestras \u00faltimas noticias y lanzamientos de productos sigui\u00e9ndonos en <\/span><a href=\"https:\/\/twitter.com\/glassfilmseu\" target=\"_blank\" rel=\"noopener\"><span style=\"font-weight: 400;\">Twitter<\/span><\/a><span style=\"font-weight: 400;\">, <\/span><a href=\"https:\/\/www.facebook.com\/glassfilmseurope\" target=\"_blank\" rel=\"noopener\"><span style=\"font-weight: 400;\">Facebook<\/span><\/a><span style=\"font-weight: 400;\"> o <\/span><a href=\"https:\/\/www.pinterest.co.uk\/glassfilms\/\" target=\"_blank\" rel=\"noopener\"><span style=\"font-weight: 400;\">Pinterest<\/span><\/a><span style=\"font-weight: 400;\">.\u00a0<\/span><\/p>\n<h3><span style=\"font-weight: 400;\">\u00bfQu\u00e9 son las l\u00e1minas estampadas SGV para ventanas?<\/span><\/h3>\n<p><span style=\"font-weight: 400;\">Nuestras l\u00e1minas para ventanas con motivos SGV presentan un conjunto de dise\u00f1os que consiguen privacidad en las ventanas. <\/span><span style=\"font-weight: 400;\">Algunas de las texturas que hemos reproducido visualmente son diamantes, flores, cristales con pegamento, cubitos de hielo y lluvia. <\/span><span style=\"font-weight: 400;\">Dentro de cada una de estas opciones, el aspecto texturizado proporcionar\u00e1 diversas cualidades, incluida la privacidad de la ventana. Esto puede deberse a los patrones creados o simplemente a la aplicaci\u00f3n por capas del patr\u00f3n en la l\u00e1mina para ventanas.<\/span><\/p>\n<p><span style=\"font-weight: 400;\">Para cualquier proyecto que requiera privacidad en las ventanas combinada con un aspecto muy estilizado, las l\u00e1minas para ventanas SGV contienen infinitas opciones para explorar.<\/span><span style=\"font-weight: 400;\"><br \/>\n<\/span><\/p>\n<h3><span style=\"font-weight: 400;\">\u00bfC\u00f3mo ayudan las texturas SGV a conseguir privacidad en las l\u00e1minas para ventanas?\u00a0<\/span><\/h3>\n<p><span style=\"font-weight: 400;\">Si consideramos el aspecto del vidrio liso, suele ser totalmente transparente. <\/span><span style=\"font-weight: 400;\">Las l\u00e1minas texturizadas SGV contienen dibujos y detalles. La mayor\u00eda tambi\u00e9n tienen elementos esmerilados dentro del dise\u00f1o. <\/span><span style=\"font-weight: 400;\">Cuando nuestras l\u00e1minas SGV se aplican a un cristal transparente (o a cualquier otra superficie de cristal adecuada), las texturas y los efectos ayudan a convertir ese cristal transparente en un cristal opaco. Los niveles reales de privacidad depender\u00e1n del estilo seleccionado, pudiendo elegir entre niveles de privacidad bajo, medio y alto.<\/span><\/p>\n<p><span style=\"font-weight: 400;\">Por lo tanto, nuestras l\u00e1minas texturizadas para ventanas SGV pueden resolver muchos de los problemas que genera la falta de privacidad en las ventanas.\u00a0<\/span><\/p>\n<h3><span style=\"font-weight: 400;\">C\u00f3mo aplicar pel\u00edculas para ventanas<\/span><\/h3>\n<p><span style=\"font-weight: 400;\">Todas nuestras l\u00e1minas para ventanas se suministran con instrucciones de instalaci\u00f3n que tambi\u00e9n puede encontrar en la ficha de cada producto. Aunque se necesitan algunos accesorios para instalar las l\u00e1minas, el proceso es muy sencillo.<\/span><\/p>\n<h3><span style=\"font-weight: 400;\">C\u00f3mo escarchar una ventana<\/span><\/h3>\n<p><span style=\"font-weight: 400;\">Las ventanas esmeriladas se pueden conseguir de tres maneras. Sin embargo, s\u00f3lo la pel\u00edcula esmerilado ventana que tenemos en stock aqu\u00ed en Glass Films ofrece una soluci\u00f3n realmente conveniente. <\/span><span style=\"font-weight: 400;\">Las otras dos opciones no adecuadas incluyen el spray para cristales esmerilados, que puede crear un desastre y adem\u00e1s es dif\u00edcil de quitar del propio cristal de la ventana. Las b\u00fasquedas en Google de \"\u00bfse puede deshacer el vidrio esmerilado?\" y \"\u00bfes f\u00e1cil quitar el spray para vidrio esmerilado?\" dan buena fe de ello. <\/span><span style=\"font-weight: 400;\">Por \u00faltimo, tambi\u00e9n puede sustituir sus ventanas y elegir un cristal con efecto esmerilado. Aunque esta es la opci\u00f3n m\u00e1s cara y tambi\u00e9n puede causar trastornos en su casa o edificio.<\/span><\/p>\n<h3><span style=\"font-weight: 400;\">\u00bfSe pueden ver las luces a trav\u00e9s de las l\u00e1minas esmeriladas?<\/span><\/h3>\n<p><span style=\"font-weight: 400;\">S\u00ed, el objetivo de las l\u00e1minas esmeriladas es reducir la transparencia de la ventana, pero no bloquear completamente la luz. La transmisi\u00f3n de la luz de las l\u00e1minas esmeriladas es variable y puede ver los detalles en cada producto. <\/span><span style=\"font-weight: 400;\">Si busca una l\u00e1mina para ventanas que reduzca completamente la transmisi\u00f3n de la luz, un estilo como <\/span><a href=\"https:\/\/staging.glassfilms.eu\/es\/producto\/laminas-de-vidrio\/sxv-9-1003-black-gloss-opaque\/\"><span style=\"font-weight: 400;\">SXV-9-1003 Negro brillante opaco<\/span><\/a><span style=\"font-weight: 400;\"> puede ser m\u00e1s adecuado para sus necesidades. Tambi\u00e9n disponemos de otros tipos de l\u00e1minas para ventanas con distintas propiedades reductoras de la luz o solares.<\/span><\/p>\n<h3><span style=\"font-weight: 400;\">\u00bfQu\u00e9 significa flor de lis?<\/span><\/h3>\n<p><span style=\"font-weight: 400;\">Fleur De Lis (tambi\u00e9n conocida como Fleur De Lys) significa flor de lis o flor del iris. Tiene muchas asociaciones positivas, como la lealtad, la fidelidad y la nobleza.\u00a0<\/span><\/p>\n<h3><span style=\"font-weight: 400;\">\u00bfPuede darme m\u00e1s informaci\u00f3n sobre el vidrio troceado con pegamento?\u00a0<\/span><\/h3>\n<p><span style=\"font-weight: 400;\">Nuestra <\/span><a href=\"https:\/\/staging.glassfilms.eu\/es\/producto\/laminas-de-vidrio\/simulated-glass-films\/sgv-6607-frosted-glue-chip-2\/\"><span style=\"font-weight: 400;\">SGV-6607 Glue Chip Esmerilado<\/span><\/a><span style=\"font-weight: 400;\"> reproduce el aspecto de un cristal pegado con cola en el formato de una l\u00e1mina para ventanas. <\/span><span style=\"font-weight: 400;\">El vidrio troceado es un tipo de vidrio decorativo con una textura y un aspecto \u00fanicos. Se crea aplicando un tipo de pegamento especial a la superficie del vidrio y dejando que se seque o se contraiga. A medida que el pegamento se contrae, la superficie del vidrio se agrieta y se obtienen patrones \u00fanicos que pueden imitar el aspecto de la escarcha o los cristales de hielo.\u00a0<\/span><\/p>\n<p><span style=\"font-weight: 400;\">La forma original de conseguir el aspecto de un cristal con astillas de pegamento es complicada y sucia. Sin embargo, nuestra l\u00e1mina esmerilada para cristales con astillas de pegamento crea este mismo aspecto en cuesti\u00f3n de segundos. Adem\u00e1s, puede retirar la l\u00e1mina sin da\u00f1ar el cristal original.<\/span><\/p>\n<h3><span style=\"font-weight: 400;\">\u00bfQu\u00e9 estilos de l\u00e1minas para ventanas son inusuales?<\/span><\/h3>\n<p><span style=\"font-weight: 400;\">Las l\u00e1minas para ventanas est\u00e1n disponibles en varios colores, dise\u00f1os, texturas e incluso efectos especiales. En esta p\u00e1gina encontrar\u00e1 nuestras l\u00e1minas para ventanas SGV.\u00a0<\/span><span style=\"font-weight: 400;\">Adem\u00e1s, puede que tambi\u00e9n le interese nuestro <\/span><a href=\"https:\/\/staging.glassfilms.eu\/es\/pelicula-para-ventanas\/decorative-glass-films\/speciality-window-films\/\"><span style=\"font-weight: 400;\">Pel\u00edculas especiales para ventanas<\/span><\/a><span style=\"font-weight: 400;\"> o <\/span><a href=\"https:\/\/staging.glassfilms.eu\/es\/pelicula-para-ventanas\/decorative-glass-films\/colour-window-films\/stained-glass-window-films\/\"><span style=\"font-weight: 400;\">L\u00e1minas para vidrieras<\/span><\/a><span style=\"font-weight: 400;\">. Si desea a\u00f1adir un toque de color a sus ventanas, nuestros <\/span><a href=\"https:\/\/staging.glassfilms.eu\/es\/pelicula-para-ventanas\/decorative-glass-films\/colour-window-films\/dichroic-window-films\/\"><span style=\"font-weight: 400;\">L\u00e1minas dicroicas para ventanas<\/span><\/a><span style=\"font-weight: 400;\"> son la soluci\u00f3n.<\/span><\/p>\n<h3><span style=\"font-weight: 400;\">\u00bfQu\u00e9 es la textura de las ventanas?<\/span><\/h3>\n<p><span style=\"font-weight: 400;\">En nuestras l\u00e1minas texturizadas para ventanas (incluidas nuestras l\u00e1minas para ventanas SGV), cada estilo reproduce el aspecto visual de varias texturas. <\/span><span style=\"font-weight: 400;\">Solemos asociar la textura con la diferencia f\u00edsica que crea al tacto. Sin embargo, la mayor\u00eda de las texturas tambi\u00e9n presentan diferencias en su aspecto visual. <\/span><span style=\"font-weight: 400;\">Reproduciendo el aspecto de la textura en las l\u00e1minas para ventanas, se puede conseguir privacidad en las ventanas. Adem\u00e1s, el estilo de la ventana puede cambiarse al instante para adaptarse a cualquier entorno, decoraci\u00f3n o estado de \u00e1nimo.\u00a0<\/span><span style=\"font-weight: 400;\"><br \/>\n<\/span><\/p>","protected":false},"excerpt":{"rendered":"<p>SGV-6601 Pel\u00edcula Master Ray de PVC polim\u00e9rico resistente a las heladas. La pel\u00edcula est\u00e1 estabilizada contra los rayos UV y no se decolora ni se encoge. Los rect\u00e1ngulos miden 1,5\u2033 x 0,25\u2033.<\/p>","protected":false},"featured_media":366928,"template":"","meta":{"_acf_changed":false},"product_brand":[],"product_cat":[377,378],"product_tag":[],"class_list":{"0":"post-366799","1":"product","2":"type-product","3":"status-publish","4":"has-post-thumbnail","6":"product_cat-retro-window-films","7":"product_cat-simulated-glass-films","8":"pa_brand-simglas","10":"first","11":"onbackorder","12":"taxable","13":"shipping-taxable","14":"purchasable","15":"product-type-variable","16":"has-default-attributes"},"acf":[],"_links":{"self":[{"href":"https:\/\/staging.glassfilms.eu\/es\/wp-json\/wp\/v2\/product\/366799","targetHints":{"allow":["GET"]}}],"collection":[{"href":"https:\/\/staging.glassfilms.eu\/es\/wp-json\/wp\/v2\/product"}],"about":[{"href":"https:\/\/staging.glassfilms.eu\/es\/wp-json\/wp\/v2\/types\/product"}],"version-history":[{"count":2,"href":"https:\/\/staging.glassfilms.eu\/es\/wp-json\/wp\/v2\/product\/366799\/revisions"}],"predecessor-version":[{"id":385525,"href":"https:\/\/staging.glassfilms.eu\/es\/wp-json\/wp\/v2\/product\/366799\/revisions\/385525"}],"wp:featuredmedia":[{"embeddable":true,"href":"https:\/\/staging.glassfilms.eu\/es\/wp-json\/wp\/v2\/media\/366928"}],"wp:attachment":[{"href":"https:\/\/staging.glassfilms.eu\/es\/wp-json\/wp\/v2\/media?parent=366799"}],"wp:term":[{"taxonomy":"product_brand","embeddable":true,"href":"https:\/\/staging.glassfilms.eu\/es\/wp-json\/wp\/v2\/product_brand?post=366799"},{"taxonomy":"product_cat","embeddable":true,"href":"https:\/\/staging.glassfilms.eu\/es\/wp-json\/wp\/v2\/product_cat?post=366799"},{"taxonomy":"product_tag","embeddable":true,"href":"https:\/\/staging.glassfilms.eu\/es\/wp-json\/wp\/v2\/product_tag?post=366799"}],"curies":[{"name":"wp","href":"https:\/\/api.w.org\/{rel}","templated":true}]}}