{"id":366908,"date":"2024-06-12T10:08:40","date_gmt":"2024-06-12T10:08:40","guid":{"rendered":"https:\/\/www.glassfilms.eu\/new\/?post_type=product&#038;p=366908"},"modified":"2024-11-15T14:13:41","modified_gmt":"2024-11-15T14:13:41","slug":"sx-1235-reeded-glass-twilight-black","status":"publish","type":"product","link":"https:\/\/staging.glassfilms.eu\/es\/producto\/laminas-de-vidrio\/patterned-window-film\/striped-window-film\/sx-1235-reed-glass-twilight-negro\/","title":{"rendered":"SX-1235 Cristal con junquillo Crep\u00fasculo Negro"},"content":{"rendered":"","protected":false},"excerpt":{"rendered":"<p>SX-1235 Reeded Glass Twilight La l\u00e1mina adhesiva negra simula el cristal con leng\u00fceta real. Las bandas tienen 1\/2\u2033 de ancho y la direcci\u00f3n de la banda de junquillo va hacia abajo a lo largo del rollo. La altura de la banda reeded se determina por la longitud del material ordenado.\u00a0<b>Esta pel\u00edcula tiene una repetici\u00f3n de patr\u00f3n horizontal, inherente y muy fina cada 12\u2033\/300mm.<\/b><\/p>\n<p>Dise\u00f1ado para su aplicaci\u00f3n en vidrios interiores, sencillos o dobles, y en vidrios exteriores. El espesor nominal total es de 2,5 mil\u00edmetros. <strong>Esta l\u00e1mina tiene un revestimiento de silicona transparente que debe retirarse antes de la instalaci\u00f3n.<\/strong>\u00a0Esta l\u00e1mina se aplica con las mismas herramientas y t\u00e9cnicas que las l\u00e1minas para ventanas.<\/p>","protected":false},"featured_media":368454,"template":"","meta":{"_acf_changed":false},"product_brand":[],"product_cat":[302,304,301,306,377,307,303],"product_tag":[],"class_list":{"0":"post-366908","1":"product","2":"type-product","3":"status-publish","4":"has-post-thumbnail","6":"product_cat-coloured-window-film","7":"product_cat-cut-glass-window-films","8":"product_cat-glass-films","9":"product_cat-patterned-window-film","10":"product_cat-retro-window-films","11":"product_cat-striped-window-film","12":"product_cat-textured-window-film","13":"pa_brand-simglas","15":"first","16":"onbackorder","17":"featured","18":"taxable","19":"shipping-taxable","20":"purchasable","21":"product-type-variable","22":"has-default-attributes"},"acf":[],"_links":{"self":[{"href":"https:\/\/staging.glassfilms.eu\/es\/wp-json\/wp\/v2\/product\/366908","targetHints":{"allow":["GET"]}}],"collection":[{"href":"https:\/\/staging.glassfilms.eu\/es\/wp-json\/wp\/v2\/product"}],"about":[{"href":"https:\/\/staging.glassfilms.eu\/es\/wp-json\/wp\/v2\/types\/product"}],"version-history":[{"count":2,"href":"https:\/\/staging.glassfilms.eu\/es\/wp-json\/wp\/v2\/product\/366908\/revisions"}],"predecessor-version":[{"id":387650,"href":"https:\/\/staging.glassfilms.eu\/es\/wp-json\/wp\/v2\/product\/366908\/revisions\/387650"}],"wp:featuredmedia":[{"embeddable":true,"href":"https:\/\/staging.glassfilms.eu\/es\/wp-json\/wp\/v2\/media\/368454"}],"wp:attachment":[{"href":"https:\/\/staging.glassfilms.eu\/es\/wp-json\/wp\/v2\/media?parent=366908"}],"wp:term":[{"taxonomy":"product_brand","embeddable":true,"href":"https:\/\/staging.glassfilms.eu\/es\/wp-json\/wp\/v2\/product_brand?post=366908"},{"taxonomy":"product_cat","embeddable":true,"href":"https:\/\/staging.glassfilms.eu\/es\/wp-json\/wp\/v2\/product_cat?post=366908"},{"taxonomy":"product_tag","embeddable":true,"href":"https:\/\/staging.glassfilms.eu\/es\/wp-json\/wp\/v2\/product_tag?post=366908"}],"curies":[{"name":"wp","href":"https:\/\/api.w.org\/{rel}","templated":true}]}}