{"id":366909,"date":"2024-06-12T10:08:40","date_gmt":"2024-06-12T10:08:40","guid":{"rendered":"https:\/\/www.glassfilms.eu\/new\/?post_type=product&#038;p=366909"},"modified":"2024-12-06T13:42:26","modified_gmt":"2024-12-06T13:42:26","slug":"sx-1254-reeded-glass","status":"publish","type":"product","link":"https:\/\/staging.glassfilms.eu\/es\/producto\/laminas-de-vidrio\/patterned-window-film\/striped-window-film\/sx-1254-reed-glass\/","title":{"rendered":"SX-1254 Junquillos de vidrio sin juntas"},"content":{"rendered":"","protected":false},"excerpt":{"rendered":"<p>SX-1254 Vidrio con junquillo La l\u00e1mina adhesiva sin costuras simula el vidrio con junquillo real. Las bandas con junquillo tienen 1\/2\u2033 de ancho y la direcci\u00f3n de la banda con junquillo es vertical a lo largo del rollo. La altura de la banda de leng\u00fceta viene determinada por la longitud del material solicitado.<\/p>\n<p><strong>SIN L\u00cdNEAS DE REPETICI\u00d3N NI COSTURAS. LA \u00daNICA L\u00c1MINA DE VIDRIO LAMINADO IGN\u00cdFUGA CONFORME A LAS NORMAS BSI DEL REINO UNIDO.\u00a0<\/strong><\/p>\n<p>Dise\u00f1ado para su aplicaci\u00f3n en vidrios interiores, sencillos o dobles, y en vidrios exteriores. El espesor nominal total es de 2,5 mil\u00edmetros. <strong>Esta l\u00e1mina tiene un revestimiento de silicona transparente que debe retirarse antes de la instalaci\u00f3n.<\/strong>\u00a0Esta l\u00e1mina se aplica con las mismas herramientas y t\u00e9cnicas que las l\u00e1minas para ventanas.<\/p>\n<p><span style=\"color: #ff6600;\"><strong>PRODUCTO ORIGINAL, ADHESIVO DE ALTA CALIDAD, 5 A\u00d1OS DE GARANT\u00cdA<\/strong><\/span><\/p>","protected":false},"featured_media":367045,"template":"","meta":{"_acf_changed":false},"product_brand":[],"product_cat":[306,377,307,303],"product_tag":[500,501],"class_list":{"0":"post-366909","1":"product","2":"type-product","3":"status-publish","4":"has-post-thumbnail","6":"product_cat-patterned-window-film","7":"product_cat-retro-window-films","8":"product_cat-striped-window-film","9":"product_cat-textured-window-film","10":"product_tag-fluted-glass","11":"product_tag-reeded-glass","12":"pa_brand-simglas","14":"first","15":"instock","16":"featured","17":"taxable","18":"shipping-taxable","19":"purchasable","20":"product-type-variable","21":"has-default-attributes"},"acf":[],"_links":{"self":[{"href":"https:\/\/staging.glassfilms.eu\/es\/wp-json\/wp\/v2\/product\/366909","targetHints":{"allow":["GET"]}}],"collection":[{"href":"https:\/\/staging.glassfilms.eu\/es\/wp-json\/wp\/v2\/product"}],"about":[{"href":"https:\/\/staging.glassfilms.eu\/es\/wp-json\/wp\/v2\/types\/product"}],"version-history":[{"count":2,"href":"https:\/\/staging.glassfilms.eu\/es\/wp-json\/wp\/v2\/product\/366909\/revisions"}],"predecessor-version":[{"id":385123,"href":"https:\/\/staging.glassfilms.eu\/es\/wp-json\/wp\/v2\/product\/366909\/revisions\/385123"}],"wp:featuredmedia":[{"embeddable":true,"href":"https:\/\/staging.glassfilms.eu\/es\/wp-json\/wp\/v2\/media\/367045"}],"wp:attachment":[{"href":"https:\/\/staging.glassfilms.eu\/es\/wp-json\/wp\/v2\/media?parent=366909"}],"wp:term":[{"taxonomy":"product_brand","embeddable":true,"href":"https:\/\/staging.glassfilms.eu\/es\/wp-json\/wp\/v2\/product_brand?post=366909"},{"taxonomy":"product_cat","embeddable":true,"href":"https:\/\/staging.glassfilms.eu\/es\/wp-json\/wp\/v2\/product_cat?post=366909"},{"taxonomy":"product_tag","embeddable":true,"href":"https:\/\/staging.glassfilms.eu\/es\/wp-json\/wp\/v2\/product_tag?post=366909"}],"curies":[{"name":"wp","href":"https:\/\/api.w.org\/{rel}","templated":true}]}}