{"id":366910,"date":"2024-06-12T10:08:40","date_gmt":"2024-06-12T10:08:40","guid":{"rendered":"https:\/\/www.glassfilms.eu\/new\/?post_type=product&#038;p=366910"},"modified":"2024-12-06T11:58:04","modified_gmt":"2024-12-06T11:58:04","slug":"sx-1255-1-reeded-glass-seamless","status":"publish","type":"product","link":"https:\/\/staging.glassfilms.eu\/es\/producto\/laminas-de-vidrio\/patterned-window-film\/striped-window-film\/sx-1255-1-reeded-glass\/","title":{"rendered":"SX-1255 1\u2033 Vidrio con junquillo sin juntas"},"content":{"rendered":"","protected":false},"excerpt":{"rendered":"<p>La l\u00e1mina adhesiva SX-1255 Reed Glass simula el aut\u00e9ntico cristal con junquillo. Las bandas son de 1\u2033 de ancho y la direcci\u00f3n de la banda de junquillo va hacia abajo a lo largo del rollo. La altura de la banda reeded se determina por la longitud del material ordenado.<\/p>\n<p><strong>SIN L\u00cdNEAS DE REPETICI\u00d3N NI COSTURAS. LA \u00daNICA L\u00c1MINA DE VIDRIO LAMINADO IGN\u00cdFUGA CONFORME A LAS NORMAS BSI DEL REINO UNIDO.\u00a0<\/strong><\/p>\n<p>Dise\u00f1ado para su aplicaci\u00f3n en vidrios interiores, sencillos o dobles, y en vidrios exteriores. El espesor nominal total es de 2,5 mil\u00edmetros. <strong>Esta l\u00e1mina tiene un revestimiento de silicona transparente que debe retirarse antes de la instalaci\u00f3n.<\/strong>\u00a0Esta l\u00e1mina se aplica con las mismas herramientas y t\u00e9cnicas que las l\u00e1minas para ventanas.<\/p>\n<p><span style=\"color: #ff6600;\"><strong>PRODUCTO ORIGINAL, ADHESIVO DE ALTA CALIDAD, 5 A\u00d1OS DE GARANT\u00cdA<\/strong><\/span><\/p>","protected":false},"featured_media":368189,"template":"","meta":{"_acf_changed":false},"product_brand":[],"product_cat":[301,306,377,378,307,303],"product_tag":[702,703],"class_list":{"0":"post-366910","1":"product","2":"type-product","3":"status-publish","4":"has-post-thumbnail","6":"product_cat-glass-films","7":"product_cat-patterned-window-film","8":"product_cat-retro-window-films","9":"product_cat-simulated-glass-films","10":"product_cat-striped-window-film","11":"product_cat-textured-window-film","12":"product_tag-fluted","13":"product_tag-reeded","14":"pa_brand-simglas","16":"first","17":"instock","18":"taxable","19":"shipping-taxable","20":"purchasable","21":"product-type-variable","22":"has-default-attributes"},"acf":[],"_links":{"self":[{"href":"https:\/\/staging.glassfilms.eu\/es\/wp-json\/wp\/v2\/product\/366910","targetHints":{"allow":["GET"]}}],"collection":[{"href":"https:\/\/staging.glassfilms.eu\/es\/wp-json\/wp\/v2\/product"}],"about":[{"href":"https:\/\/staging.glassfilms.eu\/es\/wp-json\/wp\/v2\/types\/product"}],"version-history":[{"count":1,"href":"https:\/\/staging.glassfilms.eu\/es\/wp-json\/wp\/v2\/product\/366910\/revisions"}],"predecessor-version":[{"id":383949,"href":"https:\/\/staging.glassfilms.eu\/es\/wp-json\/wp\/v2\/product\/366910\/revisions\/383949"}],"wp:featuredmedia":[{"embeddable":true,"href":"https:\/\/staging.glassfilms.eu\/es\/wp-json\/wp\/v2\/media\/368189"}],"wp:attachment":[{"href":"https:\/\/staging.glassfilms.eu\/es\/wp-json\/wp\/v2\/media?parent=366910"}],"wp:term":[{"taxonomy":"product_brand","embeddable":true,"href":"https:\/\/staging.glassfilms.eu\/es\/wp-json\/wp\/v2\/product_brand?post=366910"},{"taxonomy":"product_cat","embeddable":true,"href":"https:\/\/staging.glassfilms.eu\/es\/wp-json\/wp\/v2\/product_cat?post=366910"},{"taxonomy":"product_tag","embeddable":true,"href":"https:\/\/staging.glassfilms.eu\/es\/wp-json\/wp\/v2\/product_tag?post=366910"}],"curies":[{"name":"wp","href":"https:\/\/api.w.org\/{rel}","templated":true}]}}