{"id":366911,"date":"2024-06-12T10:08:40","date_gmt":"2024-06-12T10:08:40","guid":{"rendered":"https:\/\/www.glassfilms.eu\/new\/?post_type=product&#038;p=366911"},"modified":"2024-11-19T18:43:44","modified_gmt":"2024-11-19T18:43:44","slug":"sx-1262-1-4-reeded-glass","status":"publish","type":"product","link":"https:\/\/staging.glassfilms.eu\/es\/producto\/laminas-de-vidrio\/patterned-window-film\/striped-window-film\/sx-1262-1-4-reeded-glass-2\/","title":{"rendered":"SX-1262 1\/4\u2033 Cristal con junquillo"},"content":{"rendered":"","protected":false},"excerpt":{"rendered":"<p>La l\u00e1mina adhesiva SX-1262 Reed Glass simula el aut\u00e9ntico cristal con leng\u00fceta. Las bandas tienen 1\/4\u2033 de ancho y la direcci\u00f3n de la banda con junquillo es vertical a lo largo del rollo. La altura de la banda reeded est\u00e1 determinada por la longitud del material solicitado.<\/p>\n<p><b>Esta pel\u00edcula tiene una repetici\u00f3n de patr\u00f3n horizontal, inherente y muy fina aproximadamente cada 13\u2033\/330mm.<\/b><\/p>\n<p>Dise\u00f1ado para su aplicaci\u00f3n en vidrios interiores, sencillos o dobles, y en vidrios exteriores. El espesor nominal total es de 2,5 mil\u00edmetros. <strong>Esta l\u00e1mina tiene un revestimiento de silicona transparente que debe retirarse antes de la instalaci\u00f3n.<\/strong>\u00a0Esta l\u00e1mina se aplica con las mismas herramientas y t\u00e9cnicas que las l\u00e1minas para ventanas.<\/p>","protected":false},"featured_media":368501,"template":"","meta":{"_acf_changed":false},"product_brand":[],"product_cat":[306,377,307,303],"product_tag":[],"class_list":{"0":"post-366911","1":"product","2":"type-product","3":"status-publish","4":"has-post-thumbnail","6":"product_cat-patterned-window-film","7":"product_cat-retro-window-films","8":"product_cat-striped-window-film","9":"product_cat-textured-window-film","10":"pa_brand-simglas","12":"first","13":"instock","14":"featured","15":"taxable","16":"shipping-taxable","17":"purchasable","18":"product-type-variable","19":"has-default-attributes"},"acf":[],"_links":{"self":[{"href":"https:\/\/staging.glassfilms.eu\/es\/wp-json\/wp\/v2\/product\/366911","targetHints":{"allow":["GET"]}}],"collection":[{"href":"https:\/\/staging.glassfilms.eu\/es\/wp-json\/wp\/v2\/product"}],"about":[{"href":"https:\/\/staging.glassfilms.eu\/es\/wp-json\/wp\/v2\/types\/product"}],"version-history":[{"count":1,"href":"https:\/\/staging.glassfilms.eu\/es\/wp-json\/wp\/v2\/product\/366911\/revisions"}],"predecessor-version":[{"id":384106,"href":"https:\/\/staging.glassfilms.eu\/es\/wp-json\/wp\/v2\/product\/366911\/revisions\/384106"}],"wp:featuredmedia":[{"embeddable":true,"href":"https:\/\/staging.glassfilms.eu\/es\/wp-json\/wp\/v2\/media\/368501"}],"wp:attachment":[{"href":"https:\/\/staging.glassfilms.eu\/es\/wp-json\/wp\/v2\/media?parent=366911"}],"wp:term":[{"taxonomy":"product_brand","embeddable":true,"href":"https:\/\/staging.glassfilms.eu\/es\/wp-json\/wp\/v2\/product_brand?post=366911"},{"taxonomy":"product_cat","embeddable":true,"href":"https:\/\/staging.glassfilms.eu\/es\/wp-json\/wp\/v2\/product_cat?post=366911"},{"taxonomy":"product_tag","embeddable":true,"href":"https:\/\/staging.glassfilms.eu\/es\/wp-json\/wp\/v2\/product_tag?post=366911"}],"curies":[{"name":"wp","href":"https:\/\/api.w.org\/{rel}","templated":true}]}}