{"id":367009,"date":"2024-06-12T10:09:02","date_gmt":"2024-06-12T10:09:02","guid":{"rendered":"https:\/\/www.glassfilms.eu\/new\/?post_type=product&#038;p=367009"},"modified":"2024-09-18T16:09:27","modified_gmt":"2024-09-18T16:09:27","slug":"sx-7876-chalkboard-black","status":"publish","type":"product","link":"https:\/\/staging.glassfilms.eu\/es\/producto\/laminas-de-vidrio\/speciality-window-films\/writable-window-wall-films\/sx-7876-chalkboard-black-2\/","title":{"rendered":"SX-7876 Pizarra Negra"},"content":{"rendered":"<p>SX-7876 Pizarra Negra est\u00e1 dise\u00f1ada para uso promocional en interiores o decoraci\u00f3n del hogar. L\u00edmpiela con un borrador o un pa\u00f1o suave que no suelte pelusa. Refresque con un pa\u00f1o h\u00famedo peri\u00f3dicamente seg\u00fan sea necesario. Se puede utilizar en paredes, paneles de men\u00fas, expositores P-O-P, etc.<\/p>\n<p>- Vinilo negro duradero de 4 mil\u00edmetros, receptivo a la impresi\u00f3n y a las tizas.<br \/>\n- El adhesivo removible de alta adhesi\u00f3n ofrece reposicionabilidad inicial y est\u00e1 dise\u00f1ado para adherirse a<br \/>\ntableros lisos para paredes pintadas (no vin\u00edlicos) y una variedad de pl\u00e1sticos de baja energ\u00eda superficial.<br \/>\n- Se puede retirar de las superficies de aplicaci\u00f3n hasta seis meses.<br \/>\n- El soporte antiadherente en forma de l\u00e1mina ofrece excelentes propiedades de planeidad.<br \/>\n- Impresi\u00f3n mediante serigraf\u00eda UV y solvente, inyecci\u00f3n de tinta UV, offset UV y flexograf\u00eda UV y solvente.<\/p>","protected":false},"excerpt":{"rendered":"<p>Vinilo negro con superficie similar a la de una pizarra. Excelente para paredes de cocinas, comedores, salones, dormitorios infantiles, aulas, oficinas y cualquier lugar que pueda necesitar una superficie de escritura duradera sin da\u00f1ar las paredes. Se acab\u00f3 la sucia pintura de pizarra. F\u00e1cil de aplicar y quitar.<\/p>","protected":false},"featured_media":367132,"template":"","meta":{"_acf_changed":false},"product_brand":[],"product_cat":[379,504],"product_tag":[],"class_list":{"0":"post-367009","1":"product","2":"type-product","3":"status-publish","4":"has-post-thumbnail","6":"product_cat-speciality-window-films","7":"product_cat-writable-window-wall-films","8":"pa_brand-solyx","10":"first","11":"onbackorder","12":"taxable","13":"shipping-taxable","14":"purchasable","15":"product-type-variable","16":"has-default-attributes"},"acf":[],"_links":{"self":[{"href":"https:\/\/staging.glassfilms.eu\/es\/wp-json\/wp\/v2\/product\/367009","targetHints":{"allow":["GET"]}}],"collection":[{"href":"https:\/\/staging.glassfilms.eu\/es\/wp-json\/wp\/v2\/product"}],"about":[{"href":"https:\/\/staging.glassfilms.eu\/es\/wp-json\/wp\/v2\/types\/product"}],"version-history":[{"count":2,"href":"https:\/\/staging.glassfilms.eu\/es\/wp-json\/wp\/v2\/product\/367009\/revisions"}],"predecessor-version":[{"id":384404,"href":"https:\/\/staging.glassfilms.eu\/es\/wp-json\/wp\/v2\/product\/367009\/revisions\/384404"}],"wp:featuredmedia":[{"embeddable":true,"href":"https:\/\/staging.glassfilms.eu\/es\/wp-json\/wp\/v2\/media\/367132"}],"wp:attachment":[{"href":"https:\/\/staging.glassfilms.eu\/es\/wp-json\/wp\/v2\/media?parent=367009"}],"wp:term":[{"taxonomy":"product_brand","embeddable":true,"href":"https:\/\/staging.glassfilms.eu\/es\/wp-json\/wp\/v2\/product_brand?post=367009"},{"taxonomy":"product_cat","embeddable":true,"href":"https:\/\/staging.glassfilms.eu\/es\/wp-json\/wp\/v2\/product_cat?post=367009"},{"taxonomy":"product_tag","embeddable":true,"href":"https:\/\/staging.glassfilms.eu\/es\/wp-json\/wp\/v2\/product_tag?post=367009"}],"curies":[{"name":"wp","href":"https:\/\/api.w.org\/{rel}","templated":true}]}}