{"id":367013,"date":"2024-06-12T10:09:02","date_gmt":"2024-06-12T10:09:02","guid":{"rendered":"https:\/\/www.glassfilms.eu\/new\/?post_type=product&#038;p=367013"},"modified":"2024-11-26T15:04:38","modified_gmt":"2024-11-26T15:04:38","slug":"ultracool-ir70-solar-control-film","status":"publish","type":"product","link":"https:\/\/staging.glassfilms.eu\/es\/producto\/laminas-de-vidrio\/solar-window-films\/ultracool-ir8360-ir-y-uv-blocking-solar-film\/","title":{"rendered":"Pel\u00edcula de control solar UltraCool-IR70"},"content":{"rendered":"","protected":false},"excerpt":{"rendered":"<p>UltraCool-IR70. Film de poli\u00e9ster nano-cer\u00e1mico azul muy claro de primera calidad con propiedades de bloqueo IR espectralmente selectivo. Esta l\u00e1mina es excelente para el control del calor y la decoloraci\u00f3n por UV. Fabricado con un revestimiento de silicona que protege el adhesivo transparente sensible a la presi\u00f3n. Excelente para alta visibilidad, protecci\u00f3n contra la decoloraci\u00f3n y reducci\u00f3n del calor.<\/p>","protected":false},"featured_media":367158,"template":"","meta":{"_acf_changed":false},"product_brand":[],"product_cat":[524],"product_tag":[],"class_list":{"0":"post-367013","1":"product","2":"type-product","3":"status-publish","4":"has-post-thumbnail","6":"product_cat-solar-window-films","7":"pa_brand-ultracool","9":"first","10":"onbackorder","11":"taxable","12":"shipping-taxable","13":"purchasable","14":"product-type-variable","15":"has-default-attributes"},"acf":[],"_links":{"self":[{"href":"https:\/\/staging.glassfilms.eu\/es\/wp-json\/wp\/v2\/product\/367013","targetHints":{"allow":["GET"]}}],"collection":[{"href":"https:\/\/staging.glassfilms.eu\/es\/wp-json\/wp\/v2\/product"}],"about":[{"href":"https:\/\/staging.glassfilms.eu\/es\/wp-json\/wp\/v2\/types\/product"}],"version-history":[{"count":1,"href":"https:\/\/staging.glassfilms.eu\/es\/wp-json\/wp\/v2\/product\/367013\/revisions"}],"predecessor-version":[{"id":384945,"href":"https:\/\/staging.glassfilms.eu\/es\/wp-json\/wp\/v2\/product\/367013\/revisions\/384945"}],"wp:featuredmedia":[{"embeddable":true,"href":"https:\/\/staging.glassfilms.eu\/es\/wp-json\/wp\/v2\/media\/367158"}],"wp:attachment":[{"href":"https:\/\/staging.glassfilms.eu\/es\/wp-json\/wp\/v2\/media?parent=367013"}],"wp:term":[{"taxonomy":"product_brand","embeddable":true,"href":"https:\/\/staging.glassfilms.eu\/es\/wp-json\/wp\/v2\/product_brand?post=367013"},{"taxonomy":"product_cat","embeddable":true,"href":"https:\/\/staging.glassfilms.eu\/es\/wp-json\/wp\/v2\/product_cat?post=367013"},{"taxonomy":"product_tag","embeddable":true,"href":"https:\/\/staging.glassfilms.eu\/es\/wp-json\/wp\/v2\/product_tag?post=367013"}],"curies":[{"name":"wp","href":"https:\/\/api.w.org\/{rel}","templated":true}]}}