{"id":367220,"date":"2024-06-12T10:09:49","date_gmt":"2024-06-12T10:09:49","guid":{"rendered":"https:\/\/www.glassfilms.eu\/new\/?post_type=product&#038;p=367220"},"modified":"2024-11-21T12:33:54","modified_gmt":"2024-11-21T12:33:54","slug":"sx-1004-clear-ripple-glass","status":"publish","type":"product","link":"https:\/\/staging.glassfilms.eu\/es\/producto\/laminas-de-vidrio\/textured-window-film\/sx-1004-clear-ripple-glass\/","title":{"rendered":"SX-1004 Vidrio ondulado transparente"},"content":{"rendered":"","protected":false},"excerpt":{"rendered":"<p>Vidrio ondulado transparente L\u00e1mina de vinilo transl\u00facida en relieve. Ideal para ocultar la visibilidad directa y permite una excelente transmisi\u00f3n de la luz.<\/p>\n<p>SX-1004 Pel\u00edcula Decorativa para Vidrio Transparente Ripple Glass est\u00e1 recomendada para su aplicaci\u00f3n en vidrios interiores y l\u00e1minas de plexigl\u00e1s o policarbonato. Esta pel\u00edcula es un vinilo duradero con un patr\u00f3n decorativo en relieve, 4 mil de espesor con un revestimiento de silicona y adhesivo sensible a la presi\u00f3n. Es perfecta para aplicaciones de privacidad, decorativas o arquitect\u00f3nicas.<\/p>","protected":false},"featured_media":367231,"template":"","meta":{"_acf_changed":false},"product_brand":[],"product_cat":[301,303],"product_tag":[],"class_list":{"0":"post-367220","1":"product","2":"type-product","3":"status-publish","4":"has-post-thumbnail","6":"product_cat-glass-films","7":"product_cat-textured-window-film","8":"pa_brand-solyx","10":"first","11":"onbackorder","12":"taxable","13":"shipping-taxable","14":"purchasable","15":"product-type-variable","16":"has-default-attributes"},"acf":[],"_links":{"self":[{"href":"https:\/\/staging.glassfilms.eu\/es\/wp-json\/wp\/v2\/product\/367220","targetHints":{"allow":["GET"]}}],"collection":[{"href":"https:\/\/staging.glassfilms.eu\/es\/wp-json\/wp\/v2\/product"}],"about":[{"href":"https:\/\/staging.glassfilms.eu\/es\/wp-json\/wp\/v2\/types\/product"}],"version-history":[{"count":1,"href":"https:\/\/staging.glassfilms.eu\/es\/wp-json\/wp\/v2\/product\/367220\/revisions"}],"predecessor-version":[{"id":385530,"href":"https:\/\/staging.glassfilms.eu\/es\/wp-json\/wp\/v2\/product\/367220\/revisions\/385530"}],"wp:featuredmedia":[{"embeddable":true,"href":"https:\/\/staging.glassfilms.eu\/es\/wp-json\/wp\/v2\/media\/367231"}],"wp:attachment":[{"href":"https:\/\/staging.glassfilms.eu\/es\/wp-json\/wp\/v2\/media?parent=367220"}],"wp:term":[{"taxonomy":"product_brand","embeddable":true,"href":"https:\/\/staging.glassfilms.eu\/es\/wp-json\/wp\/v2\/product_brand?post=367220"},{"taxonomy":"product_cat","embeddable":true,"href":"https:\/\/staging.glassfilms.eu\/es\/wp-json\/wp\/v2\/product_cat?post=367220"},{"taxonomy":"product_tag","embeddable":true,"href":"https:\/\/staging.glassfilms.eu\/es\/wp-json\/wp\/v2\/product_tag?post=367220"}],"curies":[{"name":"wp","href":"https:\/\/api.w.org\/{rel}","templated":true}]}}