{"id":367221,"date":"2024-06-12T10:09:49","date_gmt":"2024-06-12T10:09:49","guid":{"rendered":"https:\/\/www.glassfilms.eu\/new\/?post_type=product&#038;p=367221"},"modified":"2024-12-03T08:06:57","modified_gmt":"2024-12-03T08:06:57","slug":"sx-1212-wire-glass","status":"publish","type":"product","link":"https:\/\/staging.glassfilms.eu\/es\/producto\/laminas-de-vidrio\/patterned-window-film\/square-pattern-window-films\/sx-1212-cable-cristal-2\/","title":{"rendered":"SX-1212 Vidrio de alambre"},"content":{"rendered":"","protected":false},"excerpt":{"rendered":"<p>SX-1212 Wire Glass es una pel\u00edcula decorativa de poli\u00e9ster transparente de alto grado con un dise\u00f1o cuadrado decorativo que simula el vidrio de alambre. Cuadrados transparentes Wire Glass de 1\/2\u2033 x 1\/2\u2033. Esta l\u00e1mina tiene un revestimiento resistente a los ara\u00f1azos, adhesivo acr\u00edlico sensible a la presi\u00f3n a base de disolvente y un revestimiento de poli\u00e9ster de 1 mil. Esta l\u00e1mina ofrece un efecto de cristal alambrado georgiano. <strong>Nota: El tama\u00f1o de la pel\u00edcula es de 60\u2033 y el tama\u00f1o del patr\u00f3n es de 59\u2033.<\/strong><\/p>","protected":false},"featured_media":367236,"template":"","meta":{"_acf_changed":false},"product_brand":[],"product_cat":[301,306,377,380],"product_tag":[580,581,582],"class_list":{"0":"post-367221","1":"product","2":"type-product","3":"status-publish","4":"has-post-thumbnail","6":"product_cat-glass-films","7":"product_cat-patterned-window-film","8":"product_cat-retro-window-films","9":"product_cat-square-pattern-window-films","10":"product_tag-georgian-wire","11":"product_tag-georgian-wire-glass","12":"product_tag-wired-glass","13":"pa_brand-solyx","15":"first","16":"instock","17":"taxable","18":"shipping-taxable","19":"purchasable","20":"product-type-variable","21":"has-default-attributes"},"acf":[],"_links":{"self":[{"href":"https:\/\/staging.glassfilms.eu\/es\/wp-json\/wp\/v2\/product\/367221","targetHints":{"allow":["GET"]}}],"collection":[{"href":"https:\/\/staging.glassfilms.eu\/es\/wp-json\/wp\/v2\/product"}],"about":[{"href":"https:\/\/staging.glassfilms.eu\/es\/wp-json\/wp\/v2\/types\/product"}],"version-history":[{"count":1,"href":"https:\/\/staging.glassfilms.eu\/es\/wp-json\/wp\/v2\/product\/367221\/revisions"}],"predecessor-version":[{"id":385256,"href":"https:\/\/staging.glassfilms.eu\/es\/wp-json\/wp\/v2\/product\/367221\/revisions\/385256"}],"wp:featuredmedia":[{"embeddable":true,"href":"https:\/\/staging.glassfilms.eu\/es\/wp-json\/wp\/v2\/media\/367236"}],"wp:attachment":[{"href":"https:\/\/staging.glassfilms.eu\/es\/wp-json\/wp\/v2\/media?parent=367221"}],"wp:term":[{"taxonomy":"product_brand","embeddable":true,"href":"https:\/\/staging.glassfilms.eu\/es\/wp-json\/wp\/v2\/product_brand?post=367221"},{"taxonomy":"product_cat","embeddable":true,"href":"https:\/\/staging.glassfilms.eu\/es\/wp-json\/wp\/v2\/product_cat?post=367221"},{"taxonomy":"product_tag","embeddable":true,"href":"https:\/\/staging.glassfilms.eu\/es\/wp-json\/wp\/v2\/product_tag?post=367221"}],"curies":[{"name":"wp","href":"https:\/\/api.w.org\/{rel}","templated":true}]}}