{"id":367265,"date":"2024-06-12T10:10:03","date_gmt":"2024-06-12T10:10:03","guid":{"rendered":"https:\/\/www.glassfilms.eu\/new\/?post_type=product&#038;p=367265"},"modified":"2024-11-21T16:03:26","modified_gmt":"2024-11-21T16:03:26","slug":"sx-3130-white-70-diffuser","status":"publish","type":"product","link":"https:\/\/staging.glassfilms.eu\/es\/producto\/laminas-de-vidrio\/frosted-window-film\/sx-3130-white-70-diffuser\/","title":{"rendered":"SX-3130 Difusor blanco 70"},"content":{"rendered":"","protected":false},"excerpt":{"rendered":"<p>SX-3130 Blanco 70 Difusor Una pel\u00edcula de vinilo transl\u00facida, fundida, duradera y dimensionalmente estable. La superficie blanca transl\u00facida da la apariencia uniforme de vidrio blanco grabado.<\/p>\n<p>Esta l\u00e1mina es un vinilo fundido premium de 2 mil (50 micras) con una superficie grabada a\u00f1adida. Es perfecta para aplicaciones de privacidad, decorativas o arquitect\u00f3nicas. Util\u00edcela siempre que necesite la elegancia a\u00f1adida de un aspecto de cristal grabado sin necesidad de costosos grabados o chorreados de arena. Este vers\u00e1til producto ha sido dise\u00f1ado para ofrecer un rendimiento y una durabilidad excepcionales. Un exclusivo revestimiento de silicona sint\u00e9tica facilita la visibilidad del vinilo de vidrio grabado est\u00e1ndar, incluso cuando se utilizan gr\u00e1ficos y letras de trazo fino. Un sistema adhesivo especial garantiza una adherencia superior en las condiciones m\u00e1s exigentes. Esta l\u00e1mina se aplica utilizando las mismas herramientas y t\u00e9cnicas de aplicaci\u00f3n de l\u00e1minas para ventanas.<\/p>","protected":false},"featured_media":367306,"template":"","meta":{"_acf_changed":false},"product_brand":[],"product_cat":[305,301,308],"product_tag":[],"class_list":{"0":"post-367265","1":"product","2":"type-product","3":"status-publish","4":"has-post-thumbnail","6":"product_cat-frosted-window-film","7":"product_cat-glass-films","8":"product_cat-light-diffusing-window-films","9":"pa_brand-solyx","11":"first","12":"onbackorder","13":"taxable","14":"shipping-taxable","15":"purchasable","16":"product-type-variable","17":"has-default-attributes"},"acf":[],"_links":{"self":[{"href":"https:\/\/staging.glassfilms.eu\/es\/wp-json\/wp\/v2\/product\/367265","targetHints":{"allow":["GET"]}}],"collection":[{"href":"https:\/\/staging.glassfilms.eu\/es\/wp-json\/wp\/v2\/product"}],"about":[{"href":"https:\/\/staging.glassfilms.eu\/es\/wp-json\/wp\/v2\/types\/product"}],"version-history":[{"count":1,"href":"https:\/\/staging.glassfilms.eu\/es\/wp-json\/wp\/v2\/product\/367265\/revisions"}],"predecessor-version":[{"id":384237,"href":"https:\/\/staging.glassfilms.eu\/es\/wp-json\/wp\/v2\/product\/367265\/revisions\/384237"}],"wp:featuredmedia":[{"embeddable":true,"href":"https:\/\/staging.glassfilms.eu\/es\/wp-json\/wp\/v2\/media\/367306"}],"wp:attachment":[{"href":"https:\/\/staging.glassfilms.eu\/es\/wp-json\/wp\/v2\/media?parent=367265"}],"wp:term":[{"taxonomy":"product_brand","embeddable":true,"href":"https:\/\/staging.glassfilms.eu\/es\/wp-json\/wp\/v2\/product_brand?post=367265"},{"taxonomy":"product_cat","embeddable":true,"href":"https:\/\/staging.glassfilms.eu\/es\/wp-json\/wp\/v2\/product_cat?post=367265"},{"taxonomy":"product_tag","embeddable":true,"href":"https:\/\/staging.glassfilms.eu\/es\/wp-json\/wp\/v2\/product_tag?post=367265"}],"curies":[{"name":"wp","href":"https:\/\/api.w.org\/{rel}","templated":true}]}}