{"id":367361,"date":"2024-06-12T10:10:26","date_gmt":"2024-06-12T10:10:26","guid":{"rendered":"https:\/\/www.glassfilms.eu\/new\/?post_type=product&#038;p=367361"},"modified":"2024-11-21T16:35:02","modified_gmt":"2024-11-21T16:35:02","slug":"sx-5010-sugar","status":"publish","type":"product","link":"https:\/\/staging.glassfilms.eu\/es\/producto\/laminas-de-vidrio\/patterned-window-film\/rice-paper-window-film\/sx-5010-azucar\/","title":{"rendered":"SX-5010 Az\u00facar"},"content":{"rendered":"","protected":false},"excerpt":{"rendered":"<p>SX-5010 Sugar es una l\u00e1mina transl\u00facida con c\u00edrculos de malla de fibra de vidrio y fondo de papel de arroz. Esta l\u00e1mina est\u00e1 recomendada para su aplicaci\u00f3n en cristales interiores y exteriores (superficie interior). Fabricada en vinilo duradero con un dise\u00f1o decorativo. Se suministra con un revestimiento de silicona, que protege el adhesivo transparente sensible a la presi\u00f3n, y se aplica utilizando las mismas herramientas y t\u00e9cnicas que las l\u00e1minas para ventanas.<\/p>","protected":false},"featured_media":367393,"template":"","meta":{"_acf_changed":false},"product_brand":[],"product_cat":[305,301,659,306,623],"product_tag":[],"class_list":{"0":"post-367361","1":"product","2":"type-product","3":"status-publish","4":"has-post-thumbnail","6":"product_cat-frosted-window-film","7":"product_cat-glass-films","8":"product_cat-patterned-frost-window-films","9":"product_cat-patterned-window-film","10":"product_cat-rice-paper-window-film","11":"pa_brand-solyx","13":"first","14":"onbackorder","15":"sold-individually","16":"taxable","17":"shipping-taxable","18":"purchasable","19":"product-type-variable","20":"has-default-attributes"},"acf":[],"_links":{"self":[{"href":"https:\/\/staging.glassfilms.eu\/es\/wp-json\/wp\/v2\/product\/367361","targetHints":{"allow":["GET"]}}],"collection":[{"href":"https:\/\/staging.glassfilms.eu\/es\/wp-json\/wp\/v2\/product"}],"about":[{"href":"https:\/\/staging.glassfilms.eu\/es\/wp-json\/wp\/v2\/types\/product"}],"version-history":[{"count":1,"href":"https:\/\/staging.glassfilms.eu\/es\/wp-json\/wp\/v2\/product\/367361\/revisions"}],"predecessor-version":[{"id":387966,"href":"https:\/\/staging.glassfilms.eu\/es\/wp-json\/wp\/v2\/product\/367361\/revisions\/387966"}],"wp:featuredmedia":[{"embeddable":true,"href":"https:\/\/staging.glassfilms.eu\/es\/wp-json\/wp\/v2\/media\/367393"}],"wp:attachment":[{"href":"https:\/\/staging.glassfilms.eu\/es\/wp-json\/wp\/v2\/media?parent=367361"}],"wp:term":[{"taxonomy":"product_brand","embeddable":true,"href":"https:\/\/staging.glassfilms.eu\/es\/wp-json\/wp\/v2\/product_brand?post=367361"},{"taxonomy":"product_cat","embeddable":true,"href":"https:\/\/staging.glassfilms.eu\/es\/wp-json\/wp\/v2\/product_cat?post=367361"},{"taxonomy":"product_tag","embeddable":true,"href":"https:\/\/staging.glassfilms.eu\/es\/wp-json\/wp\/v2\/product_tag?post=367361"}],"curies":[{"name":"wp","href":"https:\/\/api.w.org\/{rel}","templated":true}]}}