{"id":367371,"date":"2024-06-12T10:10:27","date_gmt":"2024-06-12T10:10:27","guid":{"rendered":"https:\/\/www.glassfilms.eu\/new\/?post_type=product&#038;p=367371"},"modified":"2024-11-21T17:04:36","modified_gmt":"2024-11-21T17:04:36","slug":"sx3-9004-transparent-fibreglass","status":"publish","type":"product","link":"https:\/\/staging.glassfilms.eu\/es\/producto\/laminas-de-vidrio\/patterned-window-film\/rice-paper-window-film\/sx3-9004-transparente-fibra-de-vidrio\/","title":{"rendered":"SX3-9004 Fibra de vidrio transparente"},"content":{"rendered":"","protected":false},"excerpt":{"rendered":"<p>SX3-9004 Transparent Fibreglass es una l\u00e1mina de papel de arroz blanco semiocurecible con un sutil dise\u00f1o de fibra de vidrio con rayas cruzadas aleatorias y una buena transmisi\u00f3n de la luz. Esta l\u00e1mina est\u00e1 recomendada para su aplicaci\u00f3n en cristales interiores, sencillos o dobles, y en cristales exteriores. Esta l\u00e1mina tambi\u00e9n puede instalarse en aplicaciones exteriores. Fabricada en Poli\u00e9ster duradero con una superficie mate. Esta l\u00e1mina tiene un grosor nominal total de 2 mil (50 micras). Perfecta para aplicaciones semiprivadas, decorativas o arquitect\u00f3nicas. Se suministra con un revestimiento de silicona, que protege el adhesivo transparente sensible a la presi\u00f3n, y se aplica utilizando las mismas herramientas y t\u00e9cnicas que las l\u00e1minas para ventanas.<\/p>","protected":false},"featured_media":367425,"template":"","meta":{"_acf_changed":false},"product_brand":[],"product_cat":[305,301,659,306,623],"product_tag":[],"class_list":{"0":"post-367371","1":"product","2":"type-product","3":"status-publish","4":"has-post-thumbnail","6":"product_cat-frosted-window-film","7":"product_cat-glass-films","8":"product_cat-patterned-frost-window-films","9":"product_cat-patterned-window-film","10":"product_cat-rice-paper-window-film","11":"pa_brand-solyx","13":"first","14":"onbackorder","15":"taxable","16":"shipping-taxable","17":"purchasable","18":"product-type-variable","19":"has-default-attributes"},"acf":[],"_links":{"self":[{"href":"https:\/\/staging.glassfilms.eu\/es\/wp-json\/wp\/v2\/product\/367371","targetHints":{"allow":["GET"]}}],"collection":[{"href":"https:\/\/staging.glassfilms.eu\/es\/wp-json\/wp\/v2\/product"}],"about":[{"href":"https:\/\/staging.glassfilms.eu\/es\/wp-json\/wp\/v2\/types\/product"}],"version-history":[{"count":1,"href":"https:\/\/staging.glassfilms.eu\/es\/wp-json\/wp\/v2\/product\/367371\/revisions"}],"predecessor-version":[{"id":384336,"href":"https:\/\/staging.glassfilms.eu\/es\/wp-json\/wp\/v2\/product\/367371\/revisions\/384336"}],"wp:featuredmedia":[{"embeddable":true,"href":"https:\/\/staging.glassfilms.eu\/es\/wp-json\/wp\/v2\/media\/367425"}],"wp:attachment":[{"href":"https:\/\/staging.glassfilms.eu\/es\/wp-json\/wp\/v2\/media?parent=367371"}],"wp:term":[{"taxonomy":"product_brand","embeddable":true,"href":"https:\/\/staging.glassfilms.eu\/es\/wp-json\/wp\/v2\/product_brand?post=367371"},{"taxonomy":"product_cat","embeddable":true,"href":"https:\/\/staging.glassfilms.eu\/es\/wp-json\/wp\/v2\/product_cat?post=367371"},{"taxonomy":"product_tag","embeddable":true,"href":"https:\/\/staging.glassfilms.eu\/es\/wp-json\/wp\/v2\/product_tag?post=367371"}],"curies":[{"name":"wp","href":"https:\/\/api.w.org\/{rel}","templated":true}]}}