{"id":367469,"date":"2024-06-12T10:10:48","date_gmt":"2024-06-12T10:10:48","guid":{"rendered":"https:\/\/www.glassfilms.eu\/new\/?post_type=product&#038;p=367469"},"modified":"2024-11-15T17:27:10","modified_gmt":"2024-11-15T17:27:10","slug":"sxb-33-red-orange-sand-blast","status":"publish","type":"product","link":"https:\/\/staging.glassfilms.eu\/es\/producto\/laminas-de-vidrio\/coloured-window-film\/sxb-33-rojo-naranja-arena-explosion\/","title":{"rendered":"SXB-33 Rojo Naranja Chorro de Arena"},"content":{"rendered":"","protected":false},"excerpt":{"rendered":"<p>Las l\u00e1minas SXB-33 Rojo Naranja para cristal con chorro de arena son una combinaci\u00f3n de vinilo transl\u00facido de alta calidad en relieve que simula el cristal con chorro de arena. Ideales para ocultar la visibilidad directa al tiempo que permiten una excelente transmisi\u00f3n de la luz.<\/p>\n<p><strong>El vidrio no templado cumple las normas de seguridad del vidrio templado<\/strong><br \/>\nPASA:<br \/>\nANSI Z97.1-1984<br \/>\n16 CFR 1201 U.S.G.S. Categor\u00eda II: Resistencia a la rotura 100PLI<\/p>","protected":false},"featured_media":367497,"template":"","meta":{"_acf_changed":false},"product_brand":[],"product_cat":[302,305,301],"product_tag":[],"class_list":{"0":"post-367469","1":"product","2":"type-product","3":"status-publish","4":"has-post-thumbnail","6":"product_cat-coloured-window-film","7":"product_cat-frosted-window-film","8":"product_cat-glass-films","9":"pa_brand-solyx","11":"first","12":"onbackorder","13":"taxable","14":"shipping-taxable","15":"purchasable","16":"product-type-variable","17":"has-default-attributes"},"acf":[],"_links":{"self":[{"href":"https:\/\/staging.glassfilms.eu\/es\/wp-json\/wp\/v2\/product\/367469","targetHints":{"allow":["GET"]}}],"collection":[{"href":"https:\/\/staging.glassfilms.eu\/es\/wp-json\/wp\/v2\/product"}],"about":[{"href":"https:\/\/staging.glassfilms.eu\/es\/wp-json\/wp\/v2\/types\/product"}],"version-history":[{"count":1,"href":"https:\/\/staging.glassfilms.eu\/es\/wp-json\/wp\/v2\/product\/367469\/revisions"}],"predecessor-version":[{"id":384495,"href":"https:\/\/staging.glassfilms.eu\/es\/wp-json\/wp\/v2\/product\/367469\/revisions\/384495"}],"wp:featuredmedia":[{"embeddable":true,"href":"https:\/\/staging.glassfilms.eu\/es\/wp-json\/wp\/v2\/media\/367497"}],"wp:attachment":[{"href":"https:\/\/staging.glassfilms.eu\/es\/wp-json\/wp\/v2\/media?parent=367469"}],"wp:term":[{"taxonomy":"product_brand","embeddable":true,"href":"https:\/\/staging.glassfilms.eu\/es\/wp-json\/wp\/v2\/product_brand?post=367469"},{"taxonomy":"product_cat","embeddable":true,"href":"https:\/\/staging.glassfilms.eu\/es\/wp-json\/wp\/v2\/product_cat?post=367469"},{"taxonomy":"product_tag","embeddable":true,"href":"https:\/\/staging.glassfilms.eu\/es\/wp-json\/wp\/v2\/product_tag?post=367469"}],"curies":[{"name":"wp","href":"https:\/\/api.w.org\/{rel}","templated":true}]}}