{"id":367746,"date":"2024-06-12T10:11:42","date_gmt":"2024-06-12T10:11:42","guid":{"rendered":"https:\/\/www.glassfilms.eu\/new\/?post_type=product&#038;p=367746"},"modified":"2024-11-21T14:29:07","modified_gmt":"2024-11-21T14:29:07","slug":"sx-c300-dusted-etch","status":"publish","type":"product","link":"https:\/\/staging.glassfilms.eu\/es\/producto\/laminas-de-vidrio\/frosted-window-film\/simple-frost\/sx-c300-dusted-etch\/","title":{"rendered":"SX-C300 Grabado en polvo"},"content":{"rendered":"","protected":false},"excerpt":{"rendered":"<p>SX-C300 Dusted Etch es una pel\u00edcula de poli\u00e9ster de color s\u00f3lido y acabado grabado. Este producto es ideal para ocultar la visibilidad directa al tiempo que permite una excelente transmisi\u00f3n de la luz. Este producto es ideal para ocultar la visibilidad directa al tiempo que permite una excelente transmisi\u00f3n de la luz. Esta l\u00e1mina tiene un revestimiento de silicona de poli\u00e9ster y un adhesivo sensible a la presi\u00f3n. Es perfecta para aplicaciones de privacidad, decorativas o arquitect\u00f3nicas y se instala con las mismas herramientas y m\u00e9todos que las l\u00e1minas para ventanas. (Nota: Esta l\u00e1mina es transparente cuando est\u00e1 h\u00fameda)<\/p>","protected":false},"featured_media":367762,"template":"","meta":{"_acf_changed":false},"product_brand":[],"product_cat":[305,301,308,23],"product_tag":[],"class_list":{"0":"post-367746","1":"product","2":"type-product","3":"status-publish","4":"has-post-thumbnail","6":"product_cat-frosted-window-film","7":"product_cat-glass-films","8":"product_cat-light-diffusing-window-films","9":"product_cat-simple-frost","10":"pa_brand-solyx","12":"first","13":"onbackorder","14":"taxable","15":"shipping-taxable","16":"purchasable","17":"product-type-variable","18":"has-default-attributes"},"acf":[],"_links":{"self":[{"href":"https:\/\/staging.glassfilms.eu\/es\/wp-json\/wp\/v2\/product\/367746","targetHints":{"allow":["GET"]}}],"collection":[{"href":"https:\/\/staging.glassfilms.eu\/es\/wp-json\/wp\/v2\/product"}],"about":[{"href":"https:\/\/staging.glassfilms.eu\/es\/wp-json\/wp\/v2\/types\/product"}],"version-history":[{"count":1,"href":"https:\/\/staging.glassfilms.eu\/es\/wp-json\/wp\/v2\/product\/367746\/revisions"}],"predecessor-version":[{"id":380309,"href":"https:\/\/staging.glassfilms.eu\/es\/wp-json\/wp\/v2\/product\/367746\/revisions\/380309"}],"wp:featuredmedia":[{"embeddable":true,"href":"https:\/\/staging.glassfilms.eu\/es\/wp-json\/wp\/v2\/media\/367762"}],"wp:attachment":[{"href":"https:\/\/staging.glassfilms.eu\/es\/wp-json\/wp\/v2\/media?parent=367746"}],"wp:term":[{"taxonomy":"product_brand","embeddable":true,"href":"https:\/\/staging.glassfilms.eu\/es\/wp-json\/wp\/v2\/product_brand?post=367746"},{"taxonomy":"product_cat","embeddable":true,"href":"https:\/\/staging.glassfilms.eu\/es\/wp-json\/wp\/v2\/product_cat?post=367746"},{"taxonomy":"product_tag","embeddable":true,"href":"https:\/\/staging.glassfilms.eu\/es\/wp-json\/wp\/v2\/product_tag?post=367746"}],"curies":[{"name":"wp","href":"https:\/\/api.w.org\/{rel}","templated":true}]}}