{"id":367798,"date":"2024-06-12T10:11:54","date_gmt":"2024-06-12T10:11:54","guid":{"rendered":"https:\/\/www.glassfilms.eu\/new\/?post_type=product&#038;p=367798"},"modified":"2024-11-19T14:44:52","modified_gmt":"2024-11-19T14:44:52","slug":"sxd-4220-dichrogeo","status":"publish","type":"product","link":"https:\/\/staging.glassfilms.eu\/es\/producto\/laminas-de-vidrio\/coloured-window-film\/dichroic-window-film\/sxd-4220-dicrogeo\/","title":{"rendered":"SXD-4220 DicroGeo"},"content":{"rendered":"","protected":false},"excerpt":{"rendered":"<p>SXD-4220 DichroGeo es una pel\u00edcula de vinilo transl\u00facida, duradera y dimensionalmente estable con efecto dicroico 3D.<\/p>\n<p>Una l\u00e1mina de vidrio dicroico brillante y hermosa que cambia a trav\u00e9s de un arco iris de colores con un cambio de luz o movimiento. Una excelente l\u00e1mina de privacidad que oculta la visibilidad directa y permite una excelente transmisi\u00f3n de la luz. Base adhesiva.<\/p>","protected":false},"featured_media":367844,"template":"","meta":{"_acf_changed":false},"product_brand":[],"product_cat":[302,523,301],"product_tag":[],"class_list":{"0":"post-367798","1":"product","2":"type-product","3":"status-publish","4":"has-post-thumbnail","6":"product_cat-coloured-window-film","7":"product_cat-dichroic-window-film","8":"product_cat-glass-films","9":"pa_brand-solyx","11":"first","12":"onbackorder","13":"taxable","14":"shipping-taxable","15":"purchasable","16":"product-type-variable","17":"has-default-attributes"},"acf":[],"_links":{"self":[{"href":"https:\/\/staging.glassfilms.eu\/es\/wp-json\/wp\/v2\/product\/367798","targetHints":{"allow":["GET"]}}],"collection":[{"href":"https:\/\/staging.glassfilms.eu\/es\/wp-json\/wp\/v2\/product"}],"about":[{"href":"https:\/\/staging.glassfilms.eu\/es\/wp-json\/wp\/v2\/types\/product"}],"version-history":[{"count":1,"href":"https:\/\/staging.glassfilms.eu\/es\/wp-json\/wp\/v2\/product\/367798\/revisions"}],"predecessor-version":[{"id":385584,"href":"https:\/\/staging.glassfilms.eu\/es\/wp-json\/wp\/v2\/product\/367798\/revisions\/385584"}],"wp:featuredmedia":[{"embeddable":true,"href":"https:\/\/staging.glassfilms.eu\/es\/wp-json\/wp\/v2\/media\/367844"}],"wp:attachment":[{"href":"https:\/\/staging.glassfilms.eu\/es\/wp-json\/wp\/v2\/media?parent=367798"}],"wp:term":[{"taxonomy":"product_brand","embeddable":true,"href":"https:\/\/staging.glassfilms.eu\/es\/wp-json\/wp\/v2\/product_brand?post=367798"},{"taxonomy":"product_cat","embeddable":true,"href":"https:\/\/staging.glassfilms.eu\/es\/wp-json\/wp\/v2\/product_cat?post=367798"},{"taxonomy":"product_tag","embeddable":true,"href":"https:\/\/staging.glassfilms.eu\/es\/wp-json\/wp\/v2\/product_tag?post=367798"}],"curies":[{"name":"wp","href":"https:\/\/api.w.org\/{rel}","templated":true}]}}