{"id":368104,"date":"2024-06-12T10:13:04","date_gmt":"2024-06-12T10:13:04","guid":{"rendered":"https:\/\/www.glassfilms.eu\/new\/?post_type=product&#038;p=368104"},"modified":"2024-11-27T17:50:09","modified_gmt":"2024-11-27T17:50:09","slug":"sxgf-0500-clear-frosted-safety-film","status":"publish","type":"product","link":"https:\/\/staging.glassfilms.eu\/es\/producto\/laminas-de-vidrio\/frosted-window-film\/sxgf-0500-pelicula-de-seguridad-transparente-esmerilada\/","title":{"rendered":"SXGF-0500 Pel\u00edcula de seguridad transparente esmerilada"},"content":{"rendered":"<p>Esta l\u00e1mina est\u00e1 dise\u00f1ada para su aplicaci\u00f3n en cristales interiores, sencillos o dobles, y cristales exteriores. Una pel\u00edcula de vinilo calandrado polim\u00e9rico r\u00edgido transparente de 5 mil\u00e9simas de pulgada con una ligera textura dise\u00f1ada para su uso como pel\u00edcula protectora de seguridad y privacidad. El adhesivo es un adhesivo acr\u00edlico permanente sensible a la presi\u00f3n formulado para una claridad excepcional. Se suministra en un soporte de poli\u00e9ster transparente de 1,5 mil (38 micras) dise\u00f1ado para proporcionar un revestimiento adhesivo extremadamente suave. Se aplica con las mismas herramientas y t\u00e9cnicas que las l\u00e1minas para ventanas.<\/p>\n<p>Nota: Adhesivo ensayado seg\u00fan PSTC-101 M\u00e9todo A con 24 hr. de permanencia a 70 grados F y 50% humedad relativa. Puede variar.<\/p>\n<p><strong>Acristalamiento de seguridad personal<\/strong><br \/>\nANSI Z97.1-1984<br \/>\n16 CFR 1201 U.S.G.S. Categor\u00eda 1: Resistencia a la rotura 100PLI CPSC 16 CFR 1201<br \/>\nBS 6206<br \/>\nJIS A5759<br \/>\nGB 9962-88<\/p>","protected":false},"excerpt":{"rendered":"<p>SOLYX SXGF-0500 Clear Frosted Safety Film es una pel\u00edcula transl\u00facida de vinilo calandrado polim\u00e9rico de alta calidad con buena estabilidad dimensional, destinada a simular el vidrio arenado. Ideal para ocultar la visibilidad directa, permitiendo al mismo tiempo una excelente transmisi\u00f3n de la luz.<\/p>","protected":false},"featured_media":368138,"template":"","meta":{"_acf_changed":false},"product_brand":[],"product_cat":[305,301],"product_tag":[],"class_list":{"0":"post-368104","1":"product","2":"type-product","3":"status-publish","4":"has-post-thumbnail","6":"product_cat-frosted-window-film","7":"product_cat-glass-films","8":"pa_brand-solyx","10":"first","11":"onbackorder","12":"taxable","13":"shipping-taxable","14":"purchasable","15":"product-type-variable","16":"has-default-attributes"},"acf":[],"_links":{"self":[{"href":"https:\/\/staging.glassfilms.eu\/es\/wp-json\/wp\/v2\/product\/368104","targetHints":{"allow":["GET"]}}],"collection":[{"href":"https:\/\/staging.glassfilms.eu\/es\/wp-json\/wp\/v2\/product"}],"about":[{"href":"https:\/\/staging.glassfilms.eu\/es\/wp-json\/wp\/v2\/types\/product"}],"version-history":[{"count":1,"href":"https:\/\/staging.glassfilms.eu\/es\/wp-json\/wp\/v2\/product\/368104\/revisions"}],"predecessor-version":[{"id":380353,"href":"https:\/\/staging.glassfilms.eu\/es\/wp-json\/wp\/v2\/product\/368104\/revisions\/380353"}],"wp:featuredmedia":[{"embeddable":true,"href":"https:\/\/staging.glassfilms.eu\/es\/wp-json\/wp\/v2\/media\/368138"}],"wp:attachment":[{"href":"https:\/\/staging.glassfilms.eu\/es\/wp-json\/wp\/v2\/media?parent=368104"}],"wp:term":[{"taxonomy":"product_brand","embeddable":true,"href":"https:\/\/staging.glassfilms.eu\/es\/wp-json\/wp\/v2\/product_brand?post=368104"},{"taxonomy":"product_cat","embeddable":true,"href":"https:\/\/staging.glassfilms.eu\/es\/wp-json\/wp\/v2\/product_cat?post=368104"},{"taxonomy":"product_tag","embeddable":true,"href":"https:\/\/staging.glassfilms.eu\/es\/wp-json\/wp\/v2\/product_tag?post=368104"}],"curies":[{"name":"wp","href":"https:\/\/api.w.org\/{rel}","templated":true}]}}