{"id":368202,"date":"2024-06-12T10:13:27","date_gmt":"2024-06-12T10:13:27","guid":{"rendered":"https:\/\/www.glassfilms.eu\/new\/?post_type=product&#038;p=368202"},"modified":"2024-11-26T15:46:31","modified_gmt":"2024-11-26T15:46:31","slug":"sx-2097-magnetic-whiteboard-for-glass","status":"publish","type":"product","link":"https:\/\/staging.glassfilms.eu\/es\/producto\/laminas-de-vidrio\/speciality-window-films\/writable-window-wall-films\/sx-2097-pizarra-magnetica-para-cristal\/","title":{"rendered":"SX-2097 Pizarra MAGNETICA para VIDRIO"},"content":{"rendered":"<p><strong>Features &amp; Advantages:<\/strong><\/p>\n<div class=\"page\" title=\"P\u00e1gina 1\">\n<div class=\"section\">\n<div class=\"layoutArea\">\n<div class=\"column\">\n<ul>\n<li>Dry Install \u2013 no adhesives required<\/li>\n<li>No long cure times \u2013 can be used immediately upon completion of install<\/li>\n<li>Compatible with any brand dry-erase marker<\/li>\n<li>Installs over any stable smooth substrate<\/li>\n<li>Ideal for home-owner installation \u2013 no special skills involved<\/li>\n<li>Not as susceptible to roll edge damage as dry-erase wall coverings<\/li>\n<li>Less susceptible to creasing during installation<\/li>\n<li>Can be installed in a wide range of temperature and humidity conditions<\/li>\n<\/ul>\n<p>&nbsp;<\/p>\n<\/div>\n<\/div>\n<\/div>\n<\/div>\n<p><a style=\"font-family: inherit;\" href=\"https:\/\/staging.glassfilms.eu\/wp-content\/uploads\/2020\/07\/SX-2097.pdf\"><strong>CLICK HERE TO DOWNLOAD THE FULL SPECIFICATION &amp; INSTALLATION GUIDELINES<\/strong><\/a><\/p>","protected":false},"excerpt":{"rendered":"<p>SX-2097 Magnetic White Dry Erase for Glass es una l\u00e1mina opaca blanca brillante con un contenido ferroso al que se pueden adherir imanes. Est\u00e1 recubierta con una superficie de borrado en seco de primera calidad y tiene un adhesivo sensible a la presi\u00f3n recubierto de silicona para una instalaci\u00f3n en seco. El color de la superficie de la pel\u00edcula que se adhiere al cristal es negro. Es ideal para aplicaciones decorativas o arquitect\u00f3nicas en las que se desee una superficie de borrado en seco con capacidad magn\u00e9tica.<\/p>","protected":false},"featured_media":368236,"template":"","meta":{"_acf_changed":false},"product_brand":[],"product_cat":[301,379,504],"product_tag":[],"class_list":{"0":"post-368202","1":"product","2":"type-product","3":"status-publish","4":"has-post-thumbnail","6":"product_cat-glass-films","7":"product_cat-speciality-window-films","8":"product_cat-writable-window-wall-films","9":"pa_brand-solyx","11":"first","12":"instock","13":"taxable","14":"shipping-taxable","15":"purchasable","16":"product-type-variable","17":"has-default-attributes"},"acf":[],"_links":{"self":[{"href":"https:\/\/staging.glassfilms.eu\/es\/wp-json\/wp\/v2\/product\/368202","targetHints":{"allow":["GET"]}}],"collection":[{"href":"https:\/\/staging.glassfilms.eu\/es\/wp-json\/wp\/v2\/product"}],"about":[{"href":"https:\/\/staging.glassfilms.eu\/es\/wp-json\/wp\/v2\/types\/product"}],"version-history":[{"count":1,"href":"https:\/\/staging.glassfilms.eu\/es\/wp-json\/wp\/v2\/product\/368202\/revisions"}],"predecessor-version":[{"id":385548,"href":"https:\/\/staging.glassfilms.eu\/es\/wp-json\/wp\/v2\/product\/368202\/revisions\/385548"}],"wp:featuredmedia":[{"embeddable":true,"href":"https:\/\/staging.glassfilms.eu\/es\/wp-json\/wp\/v2\/media\/368236"}],"wp:attachment":[{"href":"https:\/\/staging.glassfilms.eu\/es\/wp-json\/wp\/v2\/media?parent=368202"}],"wp:term":[{"taxonomy":"product_brand","embeddable":true,"href":"https:\/\/staging.glassfilms.eu\/es\/wp-json\/wp\/v2\/product_brand?post=368202"},{"taxonomy":"product_cat","embeddable":true,"href":"https:\/\/staging.glassfilms.eu\/es\/wp-json\/wp\/v2\/product_cat?post=368202"},{"taxonomy":"product_tag","embeddable":true,"href":"https:\/\/staging.glassfilms.eu\/es\/wp-json\/wp\/v2\/product_tag?post=368202"}],"curies":[{"name":"wp","href":"https:\/\/api.w.org\/{rel}","templated":true}]}}